{"id":3477,"date":"2020-12-01T15:43:46","date_gmt":"2020-12-01T15:43:46","guid":{"rendered":"https:\/\/augustine.qodeinteractive.com\/?page_id=3477"},"modified":"2023-06-09T09:36:54","modified_gmt":"2023-06-09T06:36:54","slug":"iletisim","status":"publish","type":"page","link":"https:\/\/artshotel.com.tr\/taksim\/iletisim\/","title":{"rendered":"\u0130leti\u015fim"},"content":{"rendered":"\t\t<div data-elementor-type=\"wp-page\" data-elementor-id=\"3477\" class=\"elementor elementor-3477\">\n\t\t\t\t\t\t\t\t\t<section class=\"elementor-section elementor-top-section elementor-element elementor-element-6e51a79e qodef-elementor-content-grid qodef-extended-grid qodef-extended-grid--right qodef-green-white-hover elementor-section-boxed elementor-section-height-default elementor-section-height-default\" data-id=\"6e51a79e\" data-element_type=\"section\">\n\t\t\t\t\t\t<div class=\"elementor-container elementor-column-gap-default\">\n\t\t\t\t\t<div class=\"elementor-column elementor-col-50 elementor-top-column elementor-element elementor-element-6175c09c\" data-id=\"6175c09c\" data-element_type=\"column\">\n\t\t\t<div class=\"elementor-widget-wrap elementor-element-populated\">\n\t\t\t\t\t\t\t\t<div class=\"elementor-element elementor-element-8368965 elementor-widget elementor-widget-augustine_core_section_title\" data-id=\"8368965\" data-element_type=\"widget\" data-widget_type=\"augustine_core_section_title.default\">\n\t\t\t\t<div class=\"elementor-widget-container\">\n\t\t\t<div class=\"qodef-shortcode qodef-m  qodef-section-title qodef-alignment--left    qodef-separator-appear \">\n\t\t\t<p class=\"qodef-m-subtitle\" >Bizimle<\/p>\n\t\t<h4 class=\"qodef-m-title\" style=\"margin-top: -5px\">\n\t\t\t\t\t\u0130leti\u015fime Ge\u00e7in\t\t\t<\/h4>\n\t\t<\/div>\t\t<\/div>\n\t\t\t\t<\/div>\n\t\t\t\t<section class=\"elementor-section elementor-inner-section elementor-element elementor-element-867030d elementor-section-boxed elementor-section-height-default elementor-section-height-default qodef-elementor-content-no\" data-id=\"867030d\" data-element_type=\"section\">\n\t\t\t\t\t\t<div class=\"elementor-container elementor-column-gap-default\">\n\t\t\t\t\t<div class=\"elementor-column elementor-col-100 elementor-inner-column elementor-element elementor-element-d95ff9b\" data-id=\"d95ff9b\" data-element_type=\"column\">\n\t\t\t<div class=\"elementor-widget-wrap elementor-element-populated\">\n\t\t\t\t\t\t\t\t<div class=\"elementor-element elementor-element-b954d95 elementor-widget__width-initial elementor-widget elementor-widget-augustine_core_icon_with_text\" data-id=\"b954d95\" data-element_type=\"widget\" data-widget_type=\"augustine_core_icon_with_text.default\">\n\t\t\t\t<div class=\"elementor-widget-container\">\n\t\t\t<div class=\"qodef-shortcode qodef-m  qodef-icon-with-text qodef-layout--before-content qodef--icon-pack \">\n\t<div class=\"qodef-m-icon-wrapper\">\n\t\t<span class=\"qodef-shortcode qodef-m  qodef-icon-holder qodef-size--default qodef-layout--normal\"  >\t        <span class=\"qodef-icon-linea-icons icon-basic-smartphone qodef-icon qodef-e\" style=\"color: #9E2B31;font-size: 25px\" ><\/span>    <\/span>\t<\/div>\n\t<div class=\"qodef-m-content\">\n\t\t\t\t\t<\/div>\n<\/div>\t\t<\/div>\n\t\t\t\t<\/div>\n\t\t\t\t<div class=\"elementor-element elementor-element-697d089 elementor-widget__width-initial elementor-widget-mobile__width-initial elementor-widget elementor-widget-text-editor\" data-id=\"697d089\" data-element_type=\"widget\" data-widget_type=\"text-editor.default\">\n\t\t\t\t<div class=\"elementor-widget-container\">\n\t\t\t<style>\/*! elementor - v3.11.1 - 15-02-2023 *\/\n.elementor-widget-text-editor.elementor-drop-cap-view-stacked .elementor-drop-cap{background-color:#818a91;color:#fff}.elementor-widget-text-editor.elementor-drop-cap-view-framed .elementor-drop-cap{color:#818a91;border:3px solid;background-color:transparent}.elementor-widget-text-editor:not(.elementor-drop-cap-view-default) .elementor-drop-cap{margin-top:8px}.elementor-widget-text-editor:not(.elementor-drop-cap-view-default) .elementor-drop-cap-letter{width:1em;height:1em}.elementor-widget-text-editor .elementor-drop-cap{float:left;text-align:center;line-height:1;font-size:50px}.elementor-widget-text-editor .elementor-drop-cap-letter{display:inline-block}<\/style>\t\t\t\t<p>+90 212 361 60 90<\/p>\t\t\t\t\t\t<\/div>\n\t\t\t\t<\/div>\n\t\t\t\t\t<\/div>\n\t\t<\/div>\n\t\t\t\t\t\t\t<\/div>\n\t\t<\/section>\n\t\t\t\t<section class=\"elementor-section elementor-inner-section elementor-element elementor-element-403f2086 elementor-section-boxed elementor-section-height-default elementor-section-height-default qodef-elementor-content-no\" data-id=\"403f2086\" data-element_type=\"section\">\n\t\t\t\t\t\t<div class=\"elementor-container elementor-column-gap-default\">\n\t\t\t\t\t<div class=\"elementor-column elementor-col-100 elementor-inner-column elementor-element elementor-element-8ae64c1\" data-id=\"8ae64c1\" data-element_type=\"column\">\n\t\t\t<div class=\"elementor-widget-wrap elementor-element-populated\">\n\t\t\t\t\t\t\t\t<div class=\"elementor-element elementor-element-2ab2f500 elementor-widget__width-initial elementor-widget elementor-widget-augustine_core_icon_with_text\" data-id=\"2ab2f500\" data-element_type=\"widget\" data-widget_type=\"augustine_core_icon_with_text.default\">\n\t\t\t\t<div class=\"elementor-widget-container\">\n\t\t\t<div class=\"qodef-shortcode qodef-m  qodef-icon-with-text qodef-layout--before-content qodef--icon-pack \">\n\t<div class=\"qodef-m-icon-wrapper\">\n\t\t<span class=\"qodef-shortcode qodef-m  qodef-icon-holder qodef-size--default qodef-layout--normal\"  >\t        <span class=\"qodef-icon-linea-icons icon-basic-mail qodef-icon qodef-e\" style=\"color: #9E2B31;font-size: 25px\" ><\/span>    <\/span>\t<\/div>\n\t<div class=\"qodef-m-content\">\n\t\t\t\t\t<\/div>\n<\/div>\t\t<\/div>\n\t\t\t\t<\/div>\n\t\t\t\t<div class=\"elementor-element elementor-element-55e5c420 elementor-widget__width-initial elementor-widget-mobile__width-initial elementor-widget elementor-widget-text-editor\" data-id=\"55e5c420\" data-element_type=\"widget\" data-widget_type=\"text-editor.default\">\n\t\t\t\t<div class=\"elementor-widget-container\">\n\t\t\t\t\t\t\t<span style=\"color: #505050;\"><a style=\"color: #505050;\" href=\"mailto:reservationtaksim@artshotel.com.tr\" target=\"_blank\" rel=\"noopener\">reservationtaksim@artshotel.com.tr<\/a> <a style=\"color: #505050;\" href=\"mailto:salestaksim@artshotel.com.tr\" target=\"_blank\" rel=\"noopener\">salestaksim@artshotel.com.tr<\/a><\/span>\t\t\t\t\t\t<\/div>\n\t\t\t\t<\/div>\n\t\t\t\t\t<\/div>\n\t\t<\/div>\n\t\t\t\t\t\t\t<\/div>\n\t\t<\/section>\n\t\t\t\t<section class=\"elementor-section elementor-inner-section elementor-element elementor-element-13b87add elementor-section-boxed elementor-section-height-default elementor-section-height-default qodef-elementor-content-no\" data-id=\"13b87add\" data-element_type=\"section\">\n\t\t\t\t\t\t<div class=\"elementor-container elementor-column-gap-default\">\n\t\t\t\t\t<div class=\"elementor-column elementor-col-100 elementor-inner-column elementor-element elementor-element-61f7dd0e\" data-id=\"61f7dd0e\" data-element_type=\"column\">\n\t\t\t<div class=\"elementor-widget-wrap elementor-element-populated\">\n\t\t\t\t\t\t\t\t<div class=\"elementor-element elementor-element-6adddac9 elementor-widget__width-initial elementor-widget elementor-widget-augustine_core_icon_with_text\" data-id=\"6adddac9\" data-element_type=\"widget\" data-widget_type=\"augustine_core_icon_with_text.default\">\n\t\t\t\t<div class=\"elementor-widget-container\">\n\t\t\t<div class=\"qodef-shortcode qodef-m  qodef-icon-with-text qodef-layout--before-content qodef--icon-pack \">\n\t<div class=\"qodef-m-icon-wrapper\">\n\t\t<span class=\"qodef-shortcode qodef-m  qodef-icon-holder qodef-size--default qodef-layout--normal\"  >\t        <span class=\"qodef-icon-linea-icons icon-basic-geolocalize-01 qodef-icon qodef-e\" style=\"color: #9E2B31;font-size: 25px\" ><\/span>    <\/span>\t<\/div>\n\t<div class=\"qodef-m-content\">\n\t\t\t\t\t<\/div>\n<\/div>\t\t<\/div>\n\t\t\t\t<\/div>\n\t\t\t\t<div class=\"elementor-element elementor-element-282e1d38 elementor-widget__width-initial elementor-widget-mobile__width-initial elementor-widget elementor-widget-text-editor\" data-id=\"282e1d38\" data-element_type=\"widget\" data-widget_type=\"text-editor.default\">\n\t\t\t\t<div class=\"elementor-widget-container\">\n\t\t\t\t\t\t\t<a href=\"https:\/\/goo.gl\/maps\/dsJwRDB2M6xVV7VA8\" target=\"_blank\" rel=\"noopener\"><span style=\"color: #505050;\">Top\u00e7u Cad. No. 11 \nTaksim\/\u0130stanbul\/T\u00fcrkiye<\/span><\/a>\t\t\t\t\t\t<\/div>\n\t\t\t\t<\/div>\n\t\t\t\t\t<\/div>\n\t\t<\/div>\n\t\t\t\t\t\t\t<\/div>\n\t\t<\/section>\n\t\t\t\t\t<\/div>\n\t\t<\/div>\n\t\t\t\t<div class=\"elementor-column elementor-col-50 elementor-top-column elementor-element elementor-element-2936e20e\" data-id=\"2936e20e\" data-element_type=\"column\">\n\t\t\t<div class=\"elementor-widget-wrap elementor-element-populated\">\n\t\t\t\t\t\t\t\t<div class=\"elementor-element elementor-element-32a6294 elementor-widget__width-inherit elementor-widget elementor-widget-google_maps\" data-id=\"32a6294\" data-element_type=\"widget\" data-settings=\"{&quot;_animation&quot;:&quot;none&quot;}\" data-widget_type=\"google_maps.default\">\n\t\t\t\t<div class=\"elementor-widget-container\">\n\t\t\t<style>\/*! elementor - v3.11.1 - 15-02-2023 *\/\n.elementor-widget-google_maps .elementor-widget-container{overflow:hidden}.elementor-widget-google_maps .elementor-custom-embed{line-height:0}.elementor-widget-google_maps iframe{height:300px}<\/style>\t\t<div class=\"elementor-custom-embed\">\n\t\t\t<iframe loading=\"lazy\"\n\t\t\t\t\tsrc=\"https:\/\/maps.google.com\/maps?q=2XRM%2B3X%20Beyo%C4%9Flu%2C%20%C4%B0stanbul%2C%20T%C3%BCrkiye&#038;t=m&#038;z=20&#038;output=embed&#038;iwloc=near\"\n\t\t\t\t\ttitle=\"2XRM+3X Beyo\u011flu, \u0130stanbul, T\u00fcrkiye\"\n\t\t\t\t\taria-label=\"2XRM+3X Beyo\u011flu, \u0130stanbul, T\u00fcrkiye\"\n\t\t\t><\/iframe>\n\t\t<\/div>\n\t\t\t\t<\/div>\n\t\t\t\t<\/div>\n\t\t\t\t\t<\/div>\n\t\t<\/div>\n\t\t\t\t\t\t\t<\/div>\n\t\t<\/section>\n\t\t\t\t\t\t\t<\/div>\n\t\t","protected":false},"excerpt":{"rendered":"<p>Bizimle \u0130leti\u015fime Ge\u00e7in +90 212 361 60 90 reservationtaksim@artshotel.com.tr salestaksim@artshotel.com.tr Top\u00e7u Cad. No. 11 Taksim\/\u0130stanbul\/T\u00fcrkiye<\/p>\n","protected":false},"author":2,"featured_media":0,"parent":0,"menu_order":0,"comment_status":"closed","ping_status":"closed","template":"page-full-width.php","meta":{"footnotes":""},"class_list":["post-3477","page","type-page","status-publish","hentry"],"_links":{"self":[{"href":"https:\/\/artshotel.com.tr\/taksim\/wp-json\/wp\/v2\/pages\/3477","targetHints":{"allow":["GET"]}}],"collection":[{"href":"https:\/\/artshotel.com.tr\/taksim\/wp-json\/wp\/v2\/pages"}],"about":[{"href":"https:\/\/artshotel.com.tr\/taksim\/wp-json\/wp\/v2\/types\/page"}],"author":[{"embeddable":true,"href":"https:\/\/artshotel.com.tr\/taksim\/wp-json\/wp\/v2\/users\/2"}],"replies":[{"embeddable":true,"href":"https:\/\/artshotel.com.tr\/taksim\/wp-json\/wp\/v2\/comments?post=3477"}],"version-history":[{"count":39,"href":"https:\/\/artshotel.com.tr\/taksim\/wp-json\/wp\/v2\/pages\/3477\/revisions"}],"predecessor-version":[{"id":13741,"href":"https:\/\/artshotel.com.tr\/taksim\/wp-json\/wp\/v2\/pages\/3477\/revisions\/13741"}],"wp:attachment":[{"href":"https:\/\/artshotel.com.tr\/taksim\/wp-json\/wp\/v2\/media?parent=3477"}],"curies":[{"name":"wp","href":"https:\/\/api.w.org\/{rel}","templated":true}]}}