{"id":14057,"date":"2023-06-19T11:11:20","date_gmt":"2023-06-19T08:11:20","guid":{"rendered":"https:\/\/artshotel.com.tr\/taksim\/?page_id=14057"},"modified":"2023-06-19T11:32:59","modified_gmt":"2023-06-19T08:32:59","slug":"cevreye-duyarliligimiz","status":"publish","type":"page","link":"https:\/\/artshotel.com.tr\/taksim\/cevreye-duyarliligimiz\/","title":{"rendered":"\u00c7evreye Duyarl\u0131l\u0131\u011f\u0131m\u0131z"},"content":{"rendered":"\t\t<div data-elementor-type=\"wp-page\" data-elementor-id=\"14057\" class=\"elementor elementor-14057\">\n\t\t\t\t\t\t\t\t\t<section class=\"elementor-section elementor-top-section elementor-element elementor-element-3cf462d elementor-section-boxed elementor-section-height-default elementor-section-height-default qodef-elementor-content-no\" data-id=\"3cf462d\" data-element_type=\"section\">\n\t\t\t\t\t\t<div class=\"elementor-container elementor-column-gap-default\">\n\t\t\t\t\t<div class=\"elementor-column elementor-col-100 elementor-top-column elementor-element elementor-element-81639a2\" data-id=\"81639a2\" data-element_type=\"column\">\n\t\t\t<div class=\"elementor-widget-wrap elementor-element-populated\">\n\t\t\t\t\t\t\t\t<div class=\"elementor-element elementor-element-b5daa1f elementor-widget elementor-widget-text-editor\" data-id=\"b5daa1f\" data-element_type=\"widget\" data-widget_type=\"text-editor.default\">\n\t\t\t\t<div class=\"elementor-widget-container\">\n\t\t\t<style>\/*! elementor - v3.11.1 - 15-02-2023 *\/\n.elementor-widget-text-editor.elementor-drop-cap-view-stacked .elementor-drop-cap{background-color:#818a91;color:#fff}.elementor-widget-text-editor.elementor-drop-cap-view-framed .elementor-drop-cap{color:#818a91;border:3px solid;background-color:transparent}.elementor-widget-text-editor:not(.elementor-drop-cap-view-default) .elementor-drop-cap{margin-top:8px}.elementor-widget-text-editor:not(.elementor-drop-cap-view-default) .elementor-drop-cap-letter{width:1em;height:1em}.elementor-widget-text-editor .elementor-drop-cap{float:left;text-align:center;line-height:1;font-size:50px}.elementor-widget-text-editor .elementor-drop-cap-letter{display:inline-block}<\/style>\t\t\t\t<h2><span style=\"color: #000000;font-size:58px\"><strong>\u00c7evreye Duyarl\u0131l\u0131\u011f\u0131m\u0131z<\/strong><\/span><\/h2>\t\t\t\t\t\t<\/div>\n\t\t\t\t<\/div>\n\t\t\t\t\t<\/div>\n\t\t<\/div>\n\t\t\t\t\t\t\t<\/div>\n\t\t<\/section>\n\t\t\t\t<section class=\"elementor-section elementor-top-section elementor-element elementor-element-6bb814c elementor-section-boxed elementor-section-height-default elementor-section-height-default qodef-elementor-content-no\" data-id=\"6bb814c\" data-element_type=\"section\">\n\t\t\t\t\t\t<div class=\"elementor-container elementor-column-gap-default\">\n\t\t\t\t\t<div class=\"elementor-column elementor-col-33 elementor-top-column elementor-element elementor-element-179ef26\" data-id=\"179ef26\" data-element_type=\"column\">\n\t\t\t<div class=\"elementor-widget-wrap elementor-element-populated\">\n\t\t\t\t\t\t\t\t<div class=\"elementor-element elementor-element-65bea90 elementor-widget elementor-widget-text-editor\" data-id=\"65bea90\" data-element_type=\"widget\" data-widget_type=\"text-editor.default\">\n\t\t\t\t<div class=\"elementor-widget-container\">\n\t\t\t\t\t\t\t<p style=\"text-align: center;\"><span style=\"color: #000000;\"><strong>S\u00fcrd\u00fcrebilirlik Polikat\u0131m\u0131z\u0131 g\u00f6r\u00fcnt\u00fclemek i\u00e7in a\u015fa\u011f\u0131daki linke t\u0131klay\u0131n\u0131z.<\/strong><\/span><\/p>\t\t\t\t\t\t<\/div>\n\t\t\t\t<\/div>\n\t\t\t\t<div class=\"elementor-element elementor-element-b0a14df elementor-widget elementor-widget-augustine_core_button\" data-id=\"b0a14df\" data-element_type=\"widget\" data-widget_type=\"augustine_core_button.default\">\n\t\t\t\t<div class=\"elementor-widget-container\">\n\t\t\t<a class=\"qodef-shortcode qodef-m  qodef-button qodef-layout--filled qodef-size--small qodef-html--link \" href=\"https:\/\/artshotel.com.tr\/taksim\/wp-content\/uploads\/2023\/06\/SURDURULEBILIRLIK-POLITIKAMIZ.pptx.pdf\" target=\"_self\"  >\n\t<span class=\"qodef-m-text\">t\u0131klay\u0131n\u0131z<\/span>\n<\/a>\t\t<\/div>\n\t\t\t\t<\/div>\n\t\t\t\t\t<\/div>\n\t\t<\/div>\n\t\t\t\t<div class=\"elementor-column elementor-col-33 elementor-top-column elementor-element elementor-element-ded7418\" data-id=\"ded7418\" data-element_type=\"column\">\n\t\t\t<div class=\"elementor-widget-wrap elementor-element-populated\">\n\t\t\t\t\t\t\t\t<div class=\"elementor-element elementor-element-8341b8f elementor-widget elementor-widget-text-editor\" data-id=\"8341b8f\" data-element_type=\"widget\" data-widget_type=\"text-editor.default\">\n\t\t\t\t<div class=\"elementor-widget-container\">\n\t\t\t\t\t\t\t<p style=\"text-align: center;\"><span style=\"color: #000000;\"><strong>S\u0131f\u0131r At\u0131k Belgemizi g\u00f6r\u00fcnt\u00fclemek\u00a0i\u00e7in a\u015fa\u011f\u0131daki linke t\u0131klay\u0131n\u0131z.<\/strong><\/span><\/p>\t\t\t\t\t\t<\/div>\n\t\t\t\t<\/div>\n\t\t\t\t<div class=\"elementor-element elementor-element-456b067 elementor-widget elementor-widget-augustine_core_button\" data-id=\"456b067\" data-element_type=\"widget\" data-widget_type=\"augustine_core_button.default\">\n\t\t\t\t<div class=\"elementor-widget-container\">\n\t\t\t<a class=\"qodef-shortcode qodef-m  qodef-button qodef-layout--filled qodef-size--small qodef-html--link \" href=\"https:\/\/artshotel.com.tr\/taksim\/wp-content\/uploads\/2023\/06\/SifirAtikBelge-12.pdf\" target=\"_self\"  >\n\t<span class=\"qodef-m-text\">t\u0131klay\u0131n\u0131z<\/span>\n<\/a>\t\t<\/div>\n\t\t\t\t<\/div>\n\t\t\t\t\t<\/div>\n\t\t<\/div>\n\t\t\t\t<div class=\"elementor-column elementor-col-33 elementor-top-column elementor-element elementor-element-66986c4\" data-id=\"66986c4\" data-element_type=\"column\">\n\t\t\t<div class=\"elementor-widget-wrap elementor-element-populated\">\n\t\t\t\t\t\t\t\t<div class=\"elementor-element elementor-element-5ea50d3 elementor-widget elementor-widget-text-editor\" data-id=\"5ea50d3\" data-element_type=\"widget\" data-widget_type=\"text-editor.default\">\n\t\t\t\t<div class=\"elementor-widget-container\">\n\t\t\t\t\t\t\t<p style=\"text-align: center;\"><span style=\"color: #000000;\"><strong>Kalite Polikat\u0131m\u0131z\u0131 g\u00f6r\u00fcnt\u00fclemek\u00a0i\u00e7in a\u015fa\u011f\u0131daki linke t\u0131klay\u0131n\u0131z.<\/strong><\/span><\/p>\t\t\t\t\t\t<\/div>\n\t\t\t\t<\/div>\n\t\t\t\t<div class=\"elementor-element elementor-element-20b6312 elementor-widget elementor-widget-augustine_core_button\" data-id=\"20b6312\" data-element_type=\"widget\" data-widget_type=\"augustine_core_button.default\">\n\t\t\t\t<div class=\"elementor-widget-container\">\n\t\t\t<a class=\"qodef-shortcode qodef-m  qodef-button qodef-layout--filled qodef-size--small qodef-html--link \" href=\"https:\/\/artshotel.com.tr\/taksim\/wp-content\/uploads\/2023\/06\/KALITE-POLITIKAMIZ.docx\" target=\"_self\"  >\n\t<span class=\"qodef-m-text\">t\u0131klay\u0131n\u0131z<\/span>\n<\/a>\t\t<\/div>\n\t\t\t\t<\/div>\n\t\t\t\t\t<\/div>\n\t\t<\/div>\n\t\t\t\t\t\t\t<\/div>\n\t\t<\/section>\n\t\t\t\t<section class=\"elementor-section elementor-top-section elementor-element elementor-element-112070e elementor-section-boxed elementor-section-height-default elementor-section-height-default qodef-elementor-content-no\" data-id=\"112070e\" data-element_type=\"section\">\n\t\t\t\t\t\t<div class=\"elementor-container elementor-column-gap-default\">\n\t\t\t\t\t<div class=\"elementor-column elementor-col-33 elementor-top-column elementor-element elementor-element-ca2491c\" data-id=\"ca2491c\" data-element_type=\"column\">\n\t\t\t<div class=\"elementor-widget-wrap elementor-element-populated\">\n\t\t\t\t\t\t\t\t<div class=\"elementor-element elementor-element-b6329f0 elementor-widget elementor-widget-text-editor\" data-id=\"b6329f0\" data-element_type=\"widget\" data-widget_type=\"text-editor.default\">\n\t\t\t\t<div class=\"elementor-widget-container\">\n\t\t\t\t\t\t\t<p style=\"text-align: center;\"><span style=\"color: #000000;\"><strong>Sosyal Sorumluluk Polikat\u0131m\u0131z\u0131 g\u00f6r\u00fcnt\u00fclemek\u00a0i\u00e7in a\u015fa\u011f\u0131daki linke t\u0131klay\u0131n\u0131z.<\/strong><\/span><\/p>\t\t\t\t\t\t<\/div>\n\t\t\t\t<\/div>\n\t\t\t\t<div class=\"elementor-element elementor-element-b7ff404 elementor-widget elementor-widget-augustine_core_button\" data-id=\"b7ff404\" data-element_type=\"widget\" data-widget_type=\"augustine_core_button.default\">\n\t\t\t\t<div class=\"elementor-widget-container\">\n\t\t\t<a class=\"qodef-shortcode qodef-m  qodef-button qodef-layout--filled qodef-size--small qodef-html--link \" href=\"https:\/\/artshotel.com.tr\/taksim\/wp-content\/uploads\/2023\/06\/SOSYAL-SORUMLULUK-POLITIKAMIZ-.docx\" target=\"_self\"  >\n\t<span class=\"qodef-m-text\">t\u0131klay\u0131n\u0131z<\/span>\n<\/a>\t\t<\/div>\n\t\t\t\t<\/div>\n\t\t\t\t\t<\/div>\n\t\t<\/div>\n\t\t\t\t<div class=\"elementor-column elementor-col-33 elementor-top-column elementor-element elementor-element-5a53aa4\" data-id=\"5a53aa4\" data-element_type=\"column\">\n\t\t\t<div class=\"elementor-widget-wrap elementor-element-populated\">\n\t\t\t\t\t\t\t\t<div class=\"elementor-element elementor-element-096ca92 elementor-widget elementor-widget-text-editor\" data-id=\"096ca92\" data-element_type=\"widget\" data-widget_type=\"text-editor.default\">\n\t\t\t\t<div class=\"elementor-widget-container\">\n\t\t\t\t\t\t\t<p style=\"text-align: center;\"><span style=\"color: #000000;\"><strong>S\u00fcrd\u00fcr\u00fclebilir Sat\u0131n Alma Politikam\u0131z\u0131 g\u00f6r\u00fcnt\u00fclemek\u00a0i\u00e7in a\u015fa\u011f\u0131daki linke t\u0131klay\u0131n\u0131z.<\/strong><\/span><\/p>\t\t\t\t\t\t<\/div>\n\t\t\t\t<\/div>\n\t\t\t\t<div class=\"elementor-element elementor-element-8bb1987 elementor-widget elementor-widget-augustine_core_button\" data-id=\"8bb1987\" data-element_type=\"widget\" data-widget_type=\"augustine_core_button.default\">\n\t\t\t\t<div class=\"elementor-widget-container\">\n\t\t\t<a class=\"qodef-shortcode qodef-m  qodef-button qodef-layout--filled qodef-size--small qodef-html--link \" href=\"https:\/\/artshotel.com.tr\/taksim\/wp-content\/uploads\/2023\/06\/SURDURULEBILIR-SATIN-ALMA-POLITIKASI-.docx\" target=\"_self\"  >\n\t<span class=\"qodef-m-text\">t\u0131klay\u0131n\u0131z<\/span>\n<\/a>\t\t<\/div>\n\t\t\t\t<\/div>\n\t\t\t\t\t<\/div>\n\t\t<\/div>\n\t\t\t\t<div class=\"elementor-column elementor-col-33 elementor-top-column elementor-element elementor-element-eb4831b\" data-id=\"eb4831b\" data-element_type=\"column\">\n\t\t\t<div class=\"elementor-widget-wrap elementor-element-populated\">\n\t\t\t\t\t\t\t\t<div class=\"elementor-element elementor-element-7f6bc82 elementor-widget elementor-widget-text-editor\" data-id=\"7f6bc82\" data-element_type=\"widget\" data-widget_type=\"text-editor.default\">\n\t\t\t\t<div class=\"elementor-widget-container\">\n\t\t\t\t\t\t\t<p style=\"text-align: center;\"><span style=\"color: #000000;\"><strong>Ye\u015fil Sat\u0131n Alma Polikat\u0131m\u0131z\u0131<\/strong> <strong>g\u00f6r\u00fcnt\u00fclemek<\/strong><strong>\u00a0i\u00e7in a\u015fa\u011f\u0131daki linke t\u0131klay\u0131n\u0131z.<\/strong><\/span><\/p>\t\t\t\t\t\t<\/div>\n\t\t\t\t<\/div>\n\t\t\t\t<div class=\"elementor-element elementor-element-c94192e elementor-widget elementor-widget-augustine_core_button\" data-id=\"c94192e\" data-element_type=\"widget\" data-widget_type=\"augustine_core_button.default\">\n\t\t\t\t<div class=\"elementor-widget-container\">\n\t\t\t<a class=\"qodef-shortcode qodef-m  qodef-button qodef-layout--filled qodef-size--small qodef-html--link \" href=\"https:\/\/artshotel.com.tr\/taksim\/wp-content\/uploads\/2023\/06\/YESIL-SATIN-ALMA-POLIKAMIZ-.docx\" target=\"_self\"  >\n\t<span class=\"qodef-m-text\">t\u0131klay\u0131n\u0131z<\/span>\n<\/a>\t\t<\/div>\n\t\t\t\t<\/div>\n\t\t\t\t\t<\/div>\n\t\t<\/div>\n\t\t\t\t\t\t\t<\/div>\n\t\t<\/section>\n\t\t\t\t<section class=\"elementor-section elementor-top-section elementor-element elementor-element-2fea5a4 elementor-section-boxed elementor-section-height-default elementor-section-height-default qodef-elementor-content-no\" data-id=\"2fea5a4\" data-element_type=\"section\">\n\t\t\t\t\t\t<div class=\"elementor-container elementor-column-gap-default\">\n\t\t\t\t\t<div class=\"elementor-column elementor-col-33 elementor-top-column elementor-element elementor-element-ced2c4a\" data-id=\"ced2c4a\" data-element_type=\"column\">\n\t\t\t<div class=\"elementor-widget-wrap\">\n\t\t\t\t\t\t\t\t\t<\/div>\n\t\t<\/div>\n\t\t\t\t<div class=\"elementor-column elementor-col-33 elementor-top-column elementor-element elementor-element-8d88f6d\" data-id=\"8d88f6d\" data-element_type=\"column\">\n\t\t\t<div class=\"elementor-widget-wrap elementor-element-populated\">\n\t\t\t\t\t\t\t\t<div class=\"elementor-element elementor-element-041cf8e elementor-widget elementor-widget-text-editor\" data-id=\"041cf8e\" data-element_type=\"widget\" data-widget_type=\"text-editor.default\">\n\t\t\t\t<div class=\"elementor-widget-container\">\n\t\t\t\t\t\t\t<p style=\"text-align: center;\"><span style=\"color: #000000;\"><strong>\u00c7evre Politikam\u0131z\u0131 g\u00f6r\u00fcnt\u00fclemek\u00a0i\u00e7in a\u015fa\u011f\u0131daki linke t\u0131klay\u0131n\u0131z.<\/strong><\/span><\/p>\t\t\t\t\t\t<\/div>\n\t\t\t\t<\/div>\n\t\t\t\t<div class=\"elementor-element elementor-element-bbf2fd5 elementor-widget elementor-widget-augustine_core_button\" data-id=\"bbf2fd5\" data-element_type=\"widget\" data-widget_type=\"augustine_core_button.default\">\n\t\t\t\t<div class=\"elementor-widget-container\">\n\t\t\t<a class=\"qodef-shortcode qodef-m  qodef-button qodef-layout--filled qodef-size--small qodef-html--link \" href=\"https:\/\/artshotel.com.tr\/taksim\/wp-content\/uploads\/2023\/06\/CEVRE-POLITIKAMIZ-.docx\" target=\"_self\"  >\n\t<span class=\"qodef-m-text\">t\u0131klay\u0131n\u0131z<\/span>\n<\/a>\t\t<\/div>\n\t\t\t\t<\/div>\n\t\t\t\t\t<\/div>\n\t\t<\/div>\n\t\t\t\t<div class=\"elementor-column elementor-col-33 elementor-top-column elementor-element elementor-element-f0fa997\" data-id=\"f0fa997\" data-element_type=\"column\">\n\t\t\t<div class=\"elementor-widget-wrap\">\n\t\t\t\t\t\t\t\t\t<\/div>\n\t\t<\/div>\n\t\t\t\t\t\t\t<\/div>\n\t\t<\/section>\n\t\t\t\t\t\t\t<\/div>\n\t\t","protected":false},"excerpt":{"rendered":"<p>\u00c7evreye Duyarl\u0131l\u0131\u011f\u0131m\u0131z S\u00fcrd\u00fcrebilirlik Polikat\u0131m\u0131z\u0131 g\u00f6r\u00fcnt\u00fclemek i\u00e7in a\u015fa\u011f\u0131daki linke t\u0131klay\u0131n\u0131z. t\u0131klay\u0131n\u0131z S\u0131f\u0131r At\u0131k Belgemizi g\u00f6r\u00fcnt\u00fclemek\u00a0i\u00e7in a\u015fa\u011f\u0131daki linke t\u0131klay\u0131n\u0131z. t\u0131klay\u0131n\u0131z Kalite Polikat\u0131m\u0131z\u0131 g\u00f6r\u00fcnt\u00fclemek\u00a0i\u00e7in a\u015fa\u011f\u0131daki linke t\u0131klay\u0131n\u0131z. t\u0131klay\u0131n\u0131z Sosyal Sorumluluk Polikat\u0131m\u0131z\u0131 g\u00f6r\u00fcnt\u00fclemek\u00a0i\u00e7in a\u015fa\u011f\u0131daki linke t\u0131klay\u0131n\u0131z. t\u0131klay\u0131n\u0131z S\u00fcrd\u00fcr\u00fclebilir Sat\u0131n Alma Politikam\u0131z\u0131 g\u00f6r\u00fcnt\u00fclemek\u00a0i\u00e7in a\u015fa\u011f\u0131daki linke t\u0131klay\u0131n\u0131z. t\u0131klay\u0131n\u0131z Ye\u015fil Sat\u0131n Alma Polikat\u0131m\u0131z\u0131 g\u00f6r\u00fcnt\u00fclemek\u00a0i\u00e7in a\u015fa\u011f\u0131daki linke t\u0131klay\u0131n\u0131z. t\u0131klay\u0131n\u0131z \u00c7evre Politikam\u0131z\u0131 g\u00f6r\u00fcnt\u00fclemek\u00a0i\u00e7in a\u015fa\u011f\u0131daki [&hellip;]<\/p>\n","protected":false},"author":1,"featured_media":0,"parent":0,"menu_order":0,"comment_status":"closed","ping_status":"closed","template":"","meta":{"footnotes":""},"class_list":["post-14057","page","type-page","status-publish","hentry"],"_links":{"self":[{"href":"https:\/\/artshotel.com.tr\/taksim\/wp-json\/wp\/v2\/pages\/14057","targetHints":{"allow":["GET"]}}],"collection":[{"href":"https:\/\/artshotel.com.tr\/taksim\/wp-json\/wp\/v2\/pages"}],"about":[{"href":"https:\/\/artshotel.com.tr\/taksim\/wp-json\/wp\/v2\/types\/page"}],"author":[{"embeddable":true,"href":"https:\/\/artshotel.com.tr\/taksim\/wp-json\/wp\/v2\/users\/1"}],"replies":[{"embeddable":true,"href":"https:\/\/artshotel.com.tr\/taksim\/wp-json\/wp\/v2\/comments?post=14057"}],"version-history":[{"count":20,"href":"https:\/\/artshotel.com.tr\/taksim\/wp-json\/wp\/v2\/pages\/14057\/revisions"}],"predecessor-version":[{"id":14103,"href":"https:\/\/artshotel.com.tr\/taksim\/wp-json\/wp\/v2\/pages\/14057\/revisions\/14103"}],"wp:attachment":[{"href":"https:\/\/artshotel.com.tr\/taksim\/wp-json\/wp\/v2\/media?parent=14057"}],"curies":[{"name":"wp","href":"https:\/\/api.w.org\/{rel}","templated":true}]}}