{"id":13585,"date":"2023-06-08T17:02:47","date_gmt":"2023-06-08T14:02:47","guid":{"rendered":"https:\/\/artshotel.com.tr\/taksim\/?page_id=13585"},"modified":"2026-03-30T13:16:02","modified_gmt":"2026-03-30T10:16:02","slug":"deluxe-oda-iki-yatakli-oda-balkonlu","status":"publish","type":"page","link":"https:\/\/artshotel.com.tr\/taksim\/odalar\/deluxe-oda-iki-yatakli-oda-balkonlu\/","title":{"rendered":"Deluxe Oda \u0130ki Yatakl\u0131 Oda Balkonlu"},"content":{"rendered":"\t\t<div data-elementor-type=\"wp-page\" data-elementor-id=\"13585\" class=\"elementor elementor-13585\">\n\t\t\t\t\t\t\t\t\t<section class=\"elementor-section elementor-top-section elementor-element elementor-element-5d5de06d elementor-section-full_width elementor-section-height-default elementor-section-height-default qodef-elementor-content-no\" data-id=\"5d5de06d\" data-element_type=\"section\">\n\t\t\t\t\t\t<div class=\"elementor-container elementor-column-gap-default\">\n\t\t\t\t\t<div class=\"elementor-column elementor-col-100 elementor-top-column elementor-element elementor-element-409de705\" data-id=\"409de705\" data-element_type=\"column\">\n\t\t\t<div class=\"elementor-widget-wrap elementor-element-populated\">\n\t\t\t\t\t\t\t\t<section class=\"elementor-section elementor-inner-section elementor-element elementor-element-54e8a24f elementor-section-boxed elementor-section-height-default elementor-section-height-default qodef-elementor-content-no\" data-id=\"54e8a24f\" data-element_type=\"section\">\n\t\t\t\t\t\t<div class=\"elementor-container elementor-column-gap-default\">\n\t\t\t\t\t<div class=\"elementor-column elementor-col-50 elementor-inner-column elementor-element elementor-element-6ff770ed\" data-id=\"6ff770ed\" data-element_type=\"column\">\n\t\t\t<div class=\"elementor-widget-wrap elementor-element-populated\">\n\t\t\t\t\t\t\t\t<div class=\"elementor-element elementor-element-1548c8c2 elementor-widget__width-inherit elementor-widget elementor-widget-augustine_core_button\" data-id=\"1548c8c2\" data-element_type=\"widget\" data-widget_type=\"augustine_core_button.default\">\n\t\t\t\t<div class=\"elementor-widget-container\">\n\t\t\t<a class=\"qodef-shortcode qodef-m  qodef-button qodef-layout--filled qodef-size--full qodef-html--link \" href=\"https:\/\/reservations.verticalbooking.com\/premium\/index.html?id_stile=22188&#038;lingua_int=tur&#038;id_albergo=29595&#038;dc=2662\" target=\"_blank\" rel=\"noopener\">\n\t<span class=\"qodef-m-text\">Rezervasyon<\/span>\n<\/a>\t\t<\/div>\n\t\t\t\t<\/div>\n\t\t\t\t\t<\/div>\n\t\t<\/div>\n\t\t\t\t<div class=\"elementor-column elementor-col-50 elementor-inner-column elementor-element elementor-element-524e27e4\" data-id=\"524e27e4\" data-element_type=\"column\">\n\t\t\t<div class=\"elementor-widget-wrap elementor-element-populated\">\n\t\t\t\t\t\t\t\t<div class=\"elementor-element elementor-element-4c46f5f4 elementor-widget elementor-widget-augustine_core_button\" data-id=\"4c46f5f4\" data-element_type=\"widget\" data-widget_type=\"augustine_core_button.default\">\n\t\t\t\t<div class=\"elementor-widget-container\">\n\t\t\t<a class=\"qodef-shortcode qodef-m  qodef-button qodef-layout--filled qodef-size--full qodef-html--link \" href=\"#detaylar\" target=\"_self\"  >\n\t<span class=\"qodef-m-text\">Oda detaylar\u0131<\/span>\n<\/a>\t\t<\/div>\n\t\t\t\t<\/div>\n\t\t\t\t\t<\/div>\n\t\t<\/div>\n\t\t\t\t\t\t\t<\/div>\n\t\t<\/section>\n\t\t\t\t<div class=\"elementor-element elementor-element-39e7b29b elementor-widget elementor-widget-text-editor\" data-id=\"39e7b29b\" data-element_type=\"widget\" data-widget_type=\"text-editor.default\">\n\t\t\t\t<div class=\"elementor-widget-container\">\n\t\t\t<style>\/*! elementor - v3.11.1 - 15-02-2023 *\/\n.elementor-widget-text-editor.elementor-drop-cap-view-stacked .elementor-drop-cap{background-color:#818a91;color:#fff}.elementor-widget-text-editor.elementor-drop-cap-view-framed .elementor-drop-cap{color:#818a91;border:3px solid;background-color:transparent}.elementor-widget-text-editor:not(.elementor-drop-cap-view-default) .elementor-drop-cap{margin-top:8px}.elementor-widget-text-editor:not(.elementor-drop-cap-view-default) .elementor-drop-cap-letter{width:1em;height:1em}.elementor-widget-text-editor .elementor-drop-cap{float:left;text-align:center;line-height:1;font-size:50px}.elementor-widget-text-editor .elementor-drop-cap-letter{display:inline-block}<\/style>\t\t\t\t<p><span style=\"color: #000000;\"><span style=\"caret-color: #000000; font-size: 58px;\"><b>Deluxe \u0130ki Yatakl\u0131 Oda Balkonlu<\/b><\/span><\/span><\/p>\t\t\t\t\t\t<\/div>\n\t\t\t\t<\/div>\n\t\t\t\t<div class=\"elementor-element elementor-element-4e09b090 elementor-widget elementor-widget-text-editor\" data-id=\"4e09b090\" data-element_type=\"widget\" data-widget_type=\"text-editor.default\">\n\t\t\t\t<div class=\"elementor-widget-container\">\n\t\t\t\t\t\t\t<p><b>Estetik ve konforun e\u015fsiz uyumu&#8230; Deluxe oda detaylar\u0131 ile yepyeni, \u00f6zel bir konaklama deneyimi sizleri bekliyor..<\/b><\/p><p><span style=\"font-weight: 400;\">22 m\u00b2 b\u00fcy\u00fckl\u00fc\u011f\u00fcndeki odalar\u0131m\u0131zda 2 adet tek ki\u015filik yatak, balkon, du\u015f bonesi, sabun ve oda malzemeleri size paha bi\u00e7ilemez an\u0131lar ya\u015fatacak. Ki\u015fisel bak\u0131m seti (\u015fampuan, du\u015f jeli, losyon, sabun, pamuk makyaj seti), sa\u00e7 kurutma makinesi, farkl\u0131 dillerde izleyebilece\u011finiz TV kanallar\u0131, \u015fifreli kasa, kettle gibi olanaklarla odalar\u0131m\u0131zda l\u00fcks\u00fc ya\u015fayabilirsiniz.<\/span><\/p>\t\t\t\t\t\t<\/div>\n\t\t\t\t<\/div>\n\t\t\t\t<div class=\"elementor-element elementor-element-247f605e elementor-widget elementor-widget-text-editor\" data-id=\"247f605e\" data-element_type=\"widget\" data-widget_type=\"text-editor.default\">\n\t\t\t\t<div class=\"elementor-widget-container\">\n\t\t\t\t\t\t\t<p><span style=\"color: #000000;\"><span style=\"caret-color: #000000; font-size: 58px;\"><b>Galeri<\/b><\/span><\/span><\/p>\t\t\t\t\t\t<\/div>\n\t\t\t\t<\/div>\n\t\t\t\t<div class=\"elementor-element elementor-element-4ab01f59 elementor-arrows-position-inside elementor-pagination-position-outside elementor-widget elementor-widget-image-carousel\" data-id=\"4ab01f59\" data-element_type=\"widget\" data-settings=\"{&quot;image_spacing_custom&quot;:{&quot;unit&quot;:&quot;px&quot;,&quot;size&quot;:3,&quot;sizes&quot;:[]},&quot;navigation&quot;:&quot;both&quot;,&quot;autoplay&quot;:&quot;yes&quot;,&quot;pause_on_hover&quot;:&quot;yes&quot;,&quot;pause_on_interaction&quot;:&quot;yes&quot;,&quot;autoplay_speed&quot;:5000,&quot;infinite&quot;:&quot;yes&quot;,&quot;speed&quot;:500,&quot;image_spacing_custom_tablet&quot;:{&quot;unit&quot;:&quot;px&quot;,&quot;size&quot;:&quot;&quot;,&quot;sizes&quot;:[]},&quot;image_spacing_custom_mobile&quot;:{&quot;unit&quot;:&quot;px&quot;,&quot;size&quot;:&quot;&quot;,&quot;sizes&quot;:[]}}\" data-widget_type=\"image-carousel.default\">\n\t\t\t\t<div class=\"elementor-widget-container\">\n\t\t\t<style>\/*! elementor - v3.11.1 - 15-02-2023 *\/\n.elementor-widget-image-carousel .swiper,.elementor-widget-image-carousel .swiper-container{position:static}.elementor-widget-image-carousel .swiper-container .swiper-slide figure,.elementor-widget-image-carousel .swiper .swiper-slide figure{line-height:inherit}.elementor-widget-image-carousel .swiper-slide{text-align:center}.elementor-image-carousel-wrapper:not(.swiper-container-initialized) .swiper-slide,.elementor-image-carousel-wrapper:not(.swiper-initialized) .swiper-slide{max-width:calc(100% \/ var(--e-image-carousel-slides-to-show, 3))}<\/style>\t\t<div class=\"elementor-image-carousel-wrapper swiper\" dir=\"ltr\">\n\t\t\t<div class=\"elementor-image-carousel swiper-wrapper\">\n\t\t\t\t\t\t\t\t<div class=\"swiper-slide\"><a data-elementor-open-lightbox=\"yes\" data-elementor-lightbox-slideshow=\"4ab01f59\" data-elementor-lightbox-title=\"iki-yatakl\u0131-balkonlu-2\" data-e-action-hash=\"#elementor-action%3Aaction%3Dlightbox%26settings%3DeyJpZCI6MTM1OTEsInVybCI6Imh0dHBzOlwvXC9hcnRzaG90ZWwuY29tLnRyXC90YWtzaW1cL3dwLWNvbnRlbnRcL3VwbG9hZHNcLzIwMjNcLzA2XC9pa2kteWF0YWtsaS1iYWxrb25sdS0yLmpwZyIsInNsaWRlc2hvdyI6IjRhYjAxZjU5In0%3D\" href=\"https:\/\/artshotel.com.tr\/taksim\/wp-content\/uploads\/2023\/06\/iki-yatakli-balkonlu-2.jpg\"><figure class=\"swiper-slide-inner\"><img decoding=\"async\" class=\"swiper-slide-image\" src=\"https:\/\/artshotel.com.tr\/taksim\/wp-content\/uploads\/2023\/06\/iki-yatakli-balkonlu-2.jpg\" alt=\"iki-yatakl\u0131-balkonlu-2\" \/><\/figure><\/a><\/div><div class=\"swiper-slide\"><a data-elementor-open-lightbox=\"yes\" data-elementor-lightbox-slideshow=\"4ab01f59\" data-elementor-lightbox-title=\"iki-yatakl\u0131-balkonlu-3\" data-e-action-hash=\"#elementor-action%3Aaction%3Dlightbox%26settings%3DeyJpZCI6MTM1OTMsInVybCI6Imh0dHBzOlwvXC9hcnRzaG90ZWwuY29tLnRyXC90YWtzaW1cL3dwLWNvbnRlbnRcL3VwbG9hZHNcLzIwMjNcLzA2XC9pa2kteWF0YWtsaS1iYWxrb25sdS0zLmpwZyIsInNsaWRlc2hvdyI6IjRhYjAxZjU5In0%3D\" href=\"https:\/\/artshotel.com.tr\/taksim\/wp-content\/uploads\/2023\/06\/iki-yatakli-balkonlu-3.jpg\"><figure class=\"swiper-slide-inner\"><img decoding=\"async\" class=\"swiper-slide-image\" src=\"https:\/\/artshotel.com.tr\/taksim\/wp-content\/uploads\/2023\/06\/iki-yatakli-balkonlu-3.jpg\" alt=\"iki-yatakl\u0131-balkonlu-3\" \/><\/figure><\/a><\/div><div class=\"swiper-slide\"><a data-elementor-open-lightbox=\"yes\" data-elementor-lightbox-slideshow=\"4ab01f59\" data-elementor-lightbox-title=\"tv\" data-e-action-hash=\"#elementor-action%3Aaction%3Dlightbox%26settings%3DeyJpZCI6MTM5OTMsInVybCI6Imh0dHBzOlwvXC9hcnRzaG90ZWwuY29tLnRyXC90YWtzaW1cL3dwLWNvbnRlbnRcL3VwbG9hZHNcLzIwMjNcLzA2XC90di5qcGciLCJzbGlkZXNob3ciOiI0YWIwMWY1OSJ9\" href=\"https:\/\/artshotel.com.tr\/taksim\/wp-content\/uploads\/2023\/06\/tv.jpg\"><figure class=\"swiper-slide-inner\"><img decoding=\"async\" class=\"swiper-slide-image\" src=\"https:\/\/artshotel.com.tr\/taksim\/wp-content\/uploads\/2023\/06\/tv.jpg\" alt=\"tv\" \/><\/figure><\/a><\/div><div class=\"swiper-slide\"><a data-elementor-open-lightbox=\"yes\" data-elementor-lightbox-slideshow=\"4ab01f59\" data-elementor-lightbox-title=\"arts-suit-w-t\" data-e-action-hash=\"#elementor-action%3Aaction%3Dlightbox%26settings%3DeyJpZCI6MTM4NTMsInVybCI6Imh0dHBzOlwvXC9hcnRzaG90ZWwuY29tLnRyXC90YWtzaW1cL3dwLWNvbnRlbnRcL3VwbG9hZHNcLzIwMjNcLzA2XC9hcnRzLXN1aXQtdy10LmpwZyIsInNsaWRlc2hvdyI6IjRhYjAxZjU5In0%3D\" href=\"https:\/\/artshotel.com.tr\/taksim\/wp-content\/uploads\/2023\/06\/arts-suit-w-t.jpg\"><figure class=\"swiper-slide-inner\"><img decoding=\"async\" class=\"swiper-slide-image\" src=\"https:\/\/artshotel.com.tr\/taksim\/wp-content\/uploads\/2023\/06\/arts-suit-w-t.jpg\" alt=\"arts-suit-w-t\" \/><\/figure><\/a><\/div><div class=\"swiper-slide\"><a data-elementor-open-lightbox=\"yes\" data-elementor-lightbox-slideshow=\"4ab01f59\" data-elementor-lightbox-title=\"balkon-2\" data-e-action-hash=\"#elementor-action%3Aaction%3Dlightbox%26settings%3DeyJpZCI6MTM4MzMsInVybCI6Imh0dHBzOlwvXC9hcnRzaG90ZWwuY29tLnRyXC90YWtzaW1cL3dwLWNvbnRlbnRcL3VwbG9hZHNcLzIwMjNcLzA2XC9iYWxrb24tMi0xLmpwZyIsInNsaWRlc2hvdyI6IjRhYjAxZjU5In0%3D\" href=\"https:\/\/artshotel.com.tr\/taksim\/wp-content\/uploads\/2023\/06\/balkon-2-1.jpg\"><figure class=\"swiper-slide-inner\"><img decoding=\"async\" class=\"swiper-slide-image\" src=\"https:\/\/artshotel.com.tr\/taksim\/wp-content\/uploads\/2023\/06\/balkon-2-1.jpg\" alt=\"balkon-2\" \/><\/figure><\/a><\/div><div class=\"swiper-slide\"><a data-elementor-open-lightbox=\"yes\" data-elementor-lightbox-slideshow=\"4ab01f59\" data-elementor-lightbox-title=\"balkon-7\" data-e-action-hash=\"#elementor-action%3Aaction%3Dlightbox%26settings%3DeyJpZCI6MTM4MzUsInVybCI6Imh0dHBzOlwvXC9hcnRzaG90ZWwuY29tLnRyXC90YWtzaW1cL3dwLWNvbnRlbnRcL3VwbG9hZHNcLzIwMjNcLzA2XC9iYWxrb24tNy5qcGciLCJzbGlkZXNob3ciOiI0YWIwMWY1OSJ9\" href=\"https:\/\/artshotel.com.tr\/taksim\/wp-content\/uploads\/2023\/06\/balkon-7.jpg\"><figure class=\"swiper-slide-inner\"><img decoding=\"async\" class=\"swiper-slide-image\" src=\"https:\/\/artshotel.com.tr\/taksim\/wp-content\/uploads\/2023\/06\/balkon-7.jpg\" alt=\"balkon-7\" \/><\/figure><\/a><\/div>\t\t\t<\/div>\n\t\t\t\t\t\t\t\t\t\t\t\t<div class=\"swiper-pagination\"><\/div>\n\t\t\t\t\t\t\t\t\t\t\t\t\t<div class=\"elementor-swiper-button elementor-swiper-button-prev\">\n\t\t\t\t\t\t<i aria-hidden=\"true\" class=\"eicon-chevron-left\"><\/i>\t\t\t\t\t\t<span class=\"elementor-screen-only\">\u00d6nceki<\/span>\n\t\t\t\t\t<\/div>\n\t\t\t\t\t<div class=\"elementor-swiper-button elementor-swiper-button-next\">\n\t\t\t\t\t\t<i aria-hidden=\"true\" class=\"eicon-chevron-right\"><\/i>\t\t\t\t\t\t<span class=\"elementor-screen-only\">Sonraki<\/span>\n\t\t\t\t\t<\/div>\n\t\t\t\t\t\t\t\t\t<\/div>\n\t\t\t\t<\/div>\n\t\t\t\t<\/div>\n\t\t\t\t\t<\/div>\n\t\t<\/div>\n\t\t\t\t\t\t\t<\/div>\n\t\t<\/section>\n\t\t\t\t<section class=\"elementor-section elementor-top-section elementor-element elementor-element-52c8c162 elementor-section-boxed elementor-section-height-default elementor-section-height-default qodef-elementor-content-no\" data-id=\"52c8c162\" data-element_type=\"section\">\n\t\t\t\t\t\t<div class=\"elementor-container elementor-column-gap-default\">\n\t\t\t\t\t<div class=\"elementor-column elementor-col-100 elementor-top-column elementor-element elementor-element-77694748\" data-id=\"77694748\" data-element_type=\"column\">\n\t\t\t<div class=\"elementor-widget-wrap elementor-element-populated\">\n\t\t\t\t\t\t\t\t<div class=\"elementor-element elementor-element-2e2fe789 elementor-widget elementor-widget-text-editor\" data-id=\"2e2fe789\" data-element_type=\"widget\" id=\"detaylar\" data-widget_type=\"text-editor.default\">\n\t\t\t\t<div class=\"elementor-widget-container\">\n\t\t\t\t\t\t\t<p><span style=\"color: #000000;\"><span style=\"caret-color: #000000; font-size: 58px;\"><b>Detaylar<\/b><\/span><\/span><\/p>\t\t\t\t\t\t<\/div>\n\t\t\t\t<\/div>\n\t\t\t\t\t<\/div>\n\t\t<\/div>\n\t\t\t\t\t\t\t<\/div>\n\t\t<\/section>\n\t\t\t\t<section class=\"elementor-section elementor-top-section elementor-element elementor-element-4b53cdfc elementor-section-boxed elementor-section-height-default elementor-section-height-default qodef-elementor-content-no\" data-id=\"4b53cdfc\" data-element_type=\"section\">\n\t\t\t\t\t\t<div class=\"elementor-container elementor-column-gap-default\">\n\t\t\t\t\t<div class=\"elementor-column elementor-col-33 elementor-top-column elementor-element elementor-element-525ee049\" data-id=\"525ee049\" data-element_type=\"column\">\n\t\t\t<div class=\"elementor-widget-wrap elementor-element-populated\">\n\t\t\t\t\t\t\t\t<div class=\"elementor-element elementor-element-549af9a1 elementor-widget elementor-widget-text-editor\" data-id=\"549af9a1\" data-element_type=\"widget\" data-widget_type=\"text-editor.default\">\n\t\t\t\t<div class=\"elementor-widget-container\">\n\t\t\t\t\t\t\t<img decoding=\"async\" class=\"alignnone wp-image-11387\" src=\"https:\/\/protelonline.com\/artshotel\/taksim\/wp-content\/uploads\/2023\/05\/m2-icon.png\" alt=\"\" width=\"28\" height=\"24\" \/>\u00a0\u00a022 m\u00b2\t\t\t\t\t\t<\/div>\n\t\t\t\t<\/div>\n\t\t\t\t<div class=\"elementor-element elementor-element-2d2a5220 elementor-widget elementor-widget-text-editor\" data-id=\"2d2a5220\" data-element_type=\"widget\" data-widget_type=\"text-editor.default\">\n\t\t\t\t<div class=\"elementor-widget-container\">\n\t\t\t\t\t\t\t<p><img decoding=\"async\" class=\"alignnone wp-image-11544\" src=\"https:\/\/protelonline.com\/artshotel\/taksim\/wp-content\/uploads\/2023\/05\/sac-kurutma-makinasi.png\" alt=\"\" width=\"31\" height=\"24\" \/>\u00a0Sa\u00e7 kurutma makinesi<\/p>\t\t\t\t\t\t<\/div>\n\t\t\t\t<\/div>\n\t\t\t\t<div class=\"elementor-element elementor-element-1c879a15 elementor-widget elementor-widget-text-editor\" data-id=\"1c879a15\" data-element_type=\"widget\" data-widget_type=\"text-editor.default\">\n\t\t\t\t<div class=\"elementor-widget-container\">\n\t\t\t\t\t\t\t<p><img decoding=\"async\" class=\"alignnone wp-image-11542\" src=\"https:\/\/protelonline.com\/artshotel\/taksim\/wp-content\/uploads\/2023\/05\/kasa.png\" alt=\"\" width=\"27\" height=\"22\" \/>\u00a0 \u015eifreli Kasa<\/p>\t\t\t\t\t\t<\/div>\n\t\t\t\t<\/div>\n\t\t\t\t\t<\/div>\n\t\t<\/div>\n\t\t\t\t<div class=\"elementor-column elementor-col-33 elementor-top-column elementor-element elementor-element-482e6da5\" data-id=\"482e6da5\" data-element_type=\"column\">\n\t\t\t<div class=\"elementor-widget-wrap elementor-element-populated\">\n\t\t\t\t\t\t\t\t<div class=\"elementor-element elementor-element-78538d87 elementor-widget elementor-widget-text-editor\" data-id=\"78538d87\" data-element_type=\"widget\" data-widget_type=\"text-editor.default\">\n\t\t\t\t<div class=\"elementor-widget-container\">\n\t\t\t\t\t\t\t<p><img decoding=\"async\" class=\"wp-image-11388 alignnone\" src=\"https:\/\/protelonline.com\/artshotel\/taksim\/wp-content\/uploads\/2023\/05\/yatak-icon.png\" alt=\"\" width=\"26\" height=\"17\" \/>\u00a0 2 tek ki\u015filik yatak<\/p>\t\t\t\t\t\t<\/div>\n\t\t\t\t<\/div>\n\t\t\t\t<div class=\"elementor-element elementor-element-208c6b21 elementor-widget elementor-widget-text-editor\" data-id=\"208c6b21\" data-element_type=\"widget\" data-widget_type=\"text-editor.default\">\n\t\t\t\t<div class=\"elementor-widget-container\">\n\t\t\t\t\t\t\t<p><img decoding=\"async\" class=\"alignnone wp-image-11546\" src=\"https:\/\/protelonline.com\/artshotel\/taksim\/wp-content\/uploads\/2023\/05\/televizyon.png\" alt=\"\" width=\"30\" height=\"20\" \/>\u00a0 Televizyon<span style=\"color: var( --e-global-color-text ); font-family: var( --e-global-typography-text-font-family ), Sans-serif;\">\u00a0<\/span><\/p>\t\t\t\t\t\t<\/div>\n\t\t\t\t<\/div>\n\t\t\t\t\t<\/div>\n\t\t<\/div>\n\t\t\t\t<div class=\"elementor-column elementor-col-33 elementor-top-column elementor-element elementor-element-9caab59\" data-id=\"9caab59\" data-element_type=\"column\">\n\t\t\t<div class=\"elementor-widget-wrap elementor-element-populated\">\n\t\t\t\t\t\t\t\t<div class=\"elementor-element elementor-element-2d2eca6f elementor-widget elementor-widget-text-editor\" data-id=\"2d2eca6f\" data-element_type=\"widget\" data-widget_type=\"text-editor.default\">\n\t\t\t\t<div class=\"elementor-widget-container\">\n\t\t\t\t\t\t\t<p><span style=\"font-weight: 400;\"><img decoding=\"async\" class=\"alignnone wp-image-11531\" src=\"https:\/\/protelonline.com\/artshotel\/taksim\/wp-content\/uploads\/2023\/05\/kisisel-bakim-seti.png\" alt=\"\" width=\"26\" height=\"27\" \/>\u00a0Ki\u015fisel bak\u0131m seti<\/span><\/p>\t\t\t\t\t\t<\/div>\n\t\t\t\t<\/div>\n\t\t\t\t<div class=\"elementor-element elementor-element-18e8bc6d elementor-widget elementor-widget-text-editor\" data-id=\"18e8bc6d\" data-element_type=\"widget\" data-widget_type=\"text-editor.default\">\n\t\t\t\t<div class=\"elementor-widget-container\">\n\t\t\t\t\t\t\t<p><img decoding=\"async\" class=\"alignnone wp-image-11545\" src=\"https:\/\/protelonline.com\/artshotel\/taksim\/wp-content\/uploads\/2023\/05\/su-isiticisi.png\" alt=\"\" width=\"26\" height=\"27\" \/>\u00a0 \u00a0Su \u0131s\u0131t\u0131c\u0131s\u0131<span style=\"font-weight: 400;\">\u00a0<\/span><\/p>\t\t\t\t\t\t<\/div>\n\t\t\t\t<\/div>\n\t\t\t\t\t<\/div>\n\t\t<\/div>\n\t\t\t\t\t\t\t<\/div>\n\t\t<\/section>\n\t\t\t\t<section class=\"elementor-section elementor-top-section elementor-element elementor-element-15527b5c elementor-section-boxed elementor-section-height-default elementor-section-height-default qodef-elementor-content-no\" data-id=\"15527b5c\" data-element_type=\"section\">\n\t\t\t\t\t\t<div class=\"elementor-container elementor-column-gap-default\">\n\t\t\t\t\t<div class=\"elementor-column elementor-col-100 elementor-top-column elementor-element elementor-element-a7b98d9\" data-id=\"a7b98d9\" data-element_type=\"column\">\n\t\t\t<div class=\"elementor-widget-wrap elementor-element-populated\">\n\t\t\t\t\t\t\t\t<div class=\"elementor-element elementor-element-7e6776da elementor-widget elementor-widget-shortcode\" data-id=\"7e6776da\" data-element_type=\"widget\" data-widget_type=\"shortcode.default\">\n\t\t\t\t<div class=\"elementor-widget-container\">\n\t\t\t\t\t<div class=\"elementor-shortcode\"><div class=\"qodef-shortcode qodef-m  qodef-room-reservation-filter qodef-layout--horizontal  qodef-rounded-button-enabled \" >\n\t<svg class=\"qodef-m-spinner\" xmlns=\"http:\/\/www.w3.org\/2000\/svg\" width=\"512\" height=\"512\" viewBox=\"0 0 512 512\"><path d=\"M304 48c0 26.51-21.49 48-48 48s-48-21.49-48-48 21.49-48 48-48 48 21.49 48 48zm-48 368c-26.51 0-48 21.49-48 48s21.49 48 48 48 48-21.49 48-48-21.49-48-48-48zm208-208c-26.51 0-48 21.49-48 48s21.49 48 48 48 48-21.49 48-48-21.49-48-48-48zM96 256c0-26.51-21.49-48-48-48S0 229.49 0 256s21.49 48 48 48 48-21.49 48-48zm12.922 99.078c-26.51 0-48 21.49-48 48s21.49 48 48 48 48-21.49 48-48c0-26.509-21.491-48-48-48zm294.156 0c-26.51 0-48 21.49-48 48s21.49 48 48 48 48-21.49 48-48c0-26.509-21.49-48-48-48zM108.922 60.922c-26.51 0-48 21.49-48 48s21.49 48 48 48 48-21.49 48-48-21.491-48-48-48z\"><\/path><\/svg><form role=\"search\" class=\"qodef-m-form\" method=\"GET\" action=\"https:\/\/artshotel.com.tr\/bookingnew.php\">\n\t<input type=\"hidden\" name=\"s\" value=\"\"\/>\n\t<input type=\"hidden\" name=\"dil\" value=\"tur\">\n\t<div class=\"qodef-m-field qodef--check-in\">\n\t\t<label class=\"qodef-m-field-label\">G\u0130R\u0130\u015e TAR\u0130H\u0130 :<\/label>\n\t\t<div class=\"qodef-m-field-input-wrapper\">\n\t\t\t<input type=\"text\" class=\"qodef-m-field-input qodef-datepick-calendar qodef--date qodef--check-in\"\n\t\t\t       name=\"arrival\" value=\"\"\n\t\t\t       data-reserved-dates=\"\" required readonly\/>\n\t\t\t<span class=\"qodef-icon-linea-icons icon-arrows-down qodef-m-field-input-icon\" ><\/span>\t\t<\/div>\n\t<\/div>\n\t<div class=\"qodef-m-field qodef--check-out\">\n\t\t<label class=\"qodef-m-field-label\">\u00c7IKI\u015e TAR\u0130H\u0130 :<\/label>\n\t\t<div class=\"qodef-m-field-input-wrapper\">\n\t\t\t<input type=\"text\" class=\"qodef-m-field-input qodef-datepick-calendar qodef--date qodef--check-out\"\n\t\t\t       name=\"departure\" value=\"\"\n\t\t\t       data-reserved-dates=\"\" required readonly\/>\n\t\t\t<span class=\"qodef-icon-linea-icons icon-arrows-down qodef-m-field-input-icon\" ><\/span>\t\t<\/div>\n\t<\/div>\n\t\t\t\t<div class=\"qodef-m-field qodef--room-amount\">\n\t\t\t<label class=\"qodef-m-field-label\">YET\u0130\u015eK\u0130N SAYISI :<\/label>\n\t\t\t<select name=\"adults1\" class=\"qodef-e-input qodef--select2\">\n\t\t\t\t\t\t\t\t\t<option value=\"1\"  selected='selected'>1<\/option>\n\t\t\t\t\t\t\t\t\t<option value=\"2\" >2 <\/option>\n\t\t\t\t\t\t\t\t\t<option value=\"3\" >3 <\/option>\n\t\t\t\t\t\t\t\t\t<option value=\"4\" >4 <\/option>\n\t\t\t\t\t\t\t\t\t<option value=\"5\" >5 <\/option>\n\t\t\t\t\t\t\t\t\t<option value=\"6\" >6 <\/option>\n\t\t\t\t\t\t\t\t\t<option value=\"7\" >7 <\/option>\n\t\t\t\t\t\t\t\t\t<option value=\"8\" >8 <\/option>\n\t\t\t\t\t\t\t\t\t<option value=\"9\" >9 <\/option>\n\t\t\t\t\t\t\t\t\t<option value=\"10\" >10 <\/option>\n\t\t\t\t\t\t\t<\/select>\n\t\t<\/div>\n\t\t<div class=\"qodef-m-field qodef--guests\">\n\t\t<label class=\"qodef-m-field-label\">\u00c7OCUK SAYISI :<\/label>\n\t\t\t<select name=\"children1\" class=\"qodef-e-input qodef--select2\" style=\"width:100% !important;\">\n\t\t\t\t<option value=\"0\" selected='selected' >0 <\/option>\n\t\t\t\t\t\t\t\t\t<option value=\"1\" >1<\/option>\n\t\t\t\t\t\t\t\t\t<option value=\"2\" >2 <\/option>\n\t\t\t\t\t\t\t\t\t<option value=\"3\" >3 <\/option>\n\t\t\t\t\t\t\t\t\t<option value=\"4\" >4 <\/option>\n\t\t\t\t\t\t\t\t\t<option value=\"5\" >5 <\/option>\n\t\t\t<\/select>\n\t\t\n\t<\/div>\n\t<div class=\"qodef-m-field qodef--booking\">\n\t\t<button type=\"submit\" class=\"qodef-shortcode qodef-m  qodef-button qodef-layout--rounded qodef-size--full  \"  >\t<span class=\"qodef-m-background\" ><\/span>\t<span class=\"qodef-btn-text\">Rezervasyon<\/span><\/button>\t\t\t<\/div>\n<\/form><\/div><\/div>\n\t\t\t\t<\/div>\n\t\t\t\t<\/div>\n\t\t\t\t\t<\/div>\n\t\t<\/div>\n\t\t\t\t\t\t\t<\/div>\n\t\t<\/section>\n\t\t\t\t\t\t\t<\/div>\n\t\t","protected":false},"excerpt":{"rendered":"<p>Rezervasyon Oda detaylar\u0131 Deluxe \u0130ki Yatakl\u0131 Oda Balkonlu Estetik ve konforun e\u015fsiz uyumu&#8230; Deluxe oda detaylar\u0131 ile yepyeni, \u00f6zel bir konaklama deneyimi sizleri bekliyor.. 22 m\u00b2 b\u00fcy\u00fckl\u00fc\u011f\u00fcndeki odalar\u0131m\u0131zda 2 adet tek ki\u015filik yatak, balkon, du\u015f bonesi, sabun ve oda malzemeleri size paha bi\u00e7ilemez an\u0131lar ya\u015fatacak. Ki\u015fisel bak\u0131m seti (\u015fampuan, du\u015f jeli, losyon, sabun, pamuk makyaj [&hellip;]<\/p>\n","protected":false},"author":1,"featured_media":0,"parent":11547,"menu_order":0,"comment_status":"closed","ping_status":"closed","template":"","meta":{"footnotes":""},"class_list":["post-13585","page","type-page","status-publish","hentry"],"_links":{"self":[{"href":"https:\/\/artshotel.com.tr\/taksim\/wp-json\/wp\/v2\/pages\/13585","targetHints":{"allow":["GET"]}}],"collection":[{"href":"https:\/\/artshotel.com.tr\/taksim\/wp-json\/wp\/v2\/pages"}],"about":[{"href":"https:\/\/artshotel.com.tr\/taksim\/wp-json\/wp\/v2\/types\/page"}],"author":[{"embeddable":true,"href":"https:\/\/artshotel.com.tr\/taksim\/wp-json\/wp\/v2\/users\/1"}],"replies":[{"embeddable":true,"href":"https:\/\/artshotel.com.tr\/taksim\/wp-json\/wp\/v2\/comments?post=13585"}],"version-history":[{"count":37,"href":"https:\/\/artshotel.com.tr\/taksim\/wp-json\/wp\/v2\/pages\/13585\/revisions"}],"predecessor-version":[{"id":14438,"href":"https:\/\/artshotel.com.tr\/taksim\/wp-json\/wp\/v2\/pages\/13585\/revisions\/14438"}],"up":[{"embeddable":true,"href":"https:\/\/artshotel.com.tr\/taksim\/wp-json\/wp\/v2\/pages\/11547"}],"wp:attachment":[{"href":"https:\/\/artshotel.com.tr\/taksim\/wp-json\/wp\/v2\/media?parent=13585"}],"curies":[{"name":"wp","href":"https:\/\/api.w.org\/{rel}","templated":true}]}}