{"id":13533,"date":"2023-06-08T11:39:17","date_gmt":"2023-06-08T08:39:17","guid":{"rendered":"https:\/\/artshotel.com.tr\/taksim\/sik-sorulan-sorular\/"},"modified":"2023-06-19T16:05:13","modified_gmt":"2023-06-19T13:05:13","slug":"sik-sorulan-sorular","status":"publish","type":"page","link":"https:\/\/artshotel.com.tr\/taksim\/sik-sorulan-sorular\/","title":{"rendered":"S\u0131k Sorulan Sorular"},"content":{"rendered":"\t\t<div data-elementor-type=\"wp-page\" data-elementor-id=\"13533\" class=\"elementor elementor-13533\">\n\t\t\t\t\t\t\t\t\t<section class=\"elementor-section elementor-top-section elementor-element elementor-element-08ae449 elementor-section-boxed elementor-section-height-default elementor-section-height-default qodef-elementor-content-no\" data-id=\"08ae449\" data-element_type=\"section\">\n\t\t\t\t\t\t<div class=\"elementor-container elementor-column-gap-default\">\n\t\t\t\t\t<div class=\"elementor-column elementor-col-100 elementor-top-column elementor-element elementor-element-dd65a73\" data-id=\"dd65a73\" data-element_type=\"column\">\n\t\t\t<div class=\"elementor-widget-wrap elementor-element-populated\">\n\t\t\t\t\t\t\t\t<div class=\"elementor-element elementor-element-bd7f6a1 elementor-widget elementor-widget-augustine_core_section_title\" data-id=\"bd7f6a1\" data-element_type=\"widget\" data-widget_type=\"augustine_core_section_title.default\">\n\t\t\t\t<div class=\"elementor-widget-container\">\n\t\t\t<div class=\"qodef-shortcode qodef-m  qodef-section-title qodef-alignment--left    qodef-separator-appear \">\n\t\t\t\t<h1 class=\"qodef-m-title\" >\n\t\t\t\t\tS\u0131k Sorulan Sorular\t\t\t<\/h1>\n\t\t<\/div>\t\t<\/div>\n\t\t\t\t<\/div>\n\t\t\t\t<div class=\"elementor-element elementor-element-925dea1 elementor-widget elementor-widget-qi_addons_for_elementor_accordion\" data-id=\"925dea1\" data-element_type=\"widget\" data-widget_type=\"qi_addons_for_elementor_accordion.default\">\n\t\t\t\t<div class=\"elementor-widget-container\">\n\t\t\t<div class=\"qodef-shortcode qodef-m  qodef-qi-accordion qodef-qi-clear qodef-behavior--accordion qodef-layout--simple qodef-style--standard qodef-height--auto\">\n\t<h5 class=\"qodef-e-title-holder\">\n\t<span class=\"qodef-e-title\">Bavulumu b\u0131rakabilir miyim?<\/span>\n\t<span class=\"qodef-e-mark\">\n\t\t<span class=\"qodef-icon--plus\">\n\t\t\t\t<span class=\"qodef-e-icon\">\n\t\t<i aria-hidden=\"true\" class=\"fas fa-plus\"><\/i>\t<\/span>\n\t\t\t<\/span>\n\t\t<span class=\"qodef-icon--minus\">\n\t\t\t\t<span class=\"qodef-e-icon\">\n\t\t<i aria-hidden=\"true\" class=\"fas fa-minus\"><\/i>\t<\/span>\n\t\t\t<\/span>\n\t<\/span>\n<\/h5>\n<div class=\"qodef-e-content\">\n\t<div class=\"qodef-e-content-inner\">\n\t\t<div id=\"one\" class=\"vc_tta-panel vc_active\"><div class=\"vc_tta-panel-body\"><div class=\"wpb_text_column wpb_content_element \"><div class=\"wpb_wrapper\"><p>Arts Hotel \u0130stanbul\u2019da bagaj muhafaza hizmeti sunulmaktad\u0131r. Bagaj\u0131n\u0131z\u0131 al\u0131p 24 saat s\u00fcreye kadar muhafaza edebiliyoruz.<\/p><\/div><\/div><\/div><\/div>\t<\/div>\n<\/div>\n<h5 class=\"qodef-e-title-holder\">\n\t<span class=\"qodef-e-title\">Otele paket g\u00f6nderebilir miyim?<\/span>\n\t<span class=\"qodef-e-mark\">\n\t\t<span class=\"qodef-icon--plus\">\n\t\t\t\t<span class=\"qodef-e-icon\">\n\t\t<i aria-hidden=\"true\" class=\"fas fa-plus\"><\/i>\t<\/span>\n\t\t\t<\/span>\n\t\t<span class=\"qodef-icon--minus\">\n\t\t\t\t<span class=\"qodef-e-icon\">\n\t\t<i aria-hidden=\"true\" class=\"fas fa-minus\"><\/i>\t<\/span>\n\t\t\t<\/span>\n\t<\/span>\n<\/h5>\n<div class=\"qodef-e-content\">\n\t<div class=\"qodef-e-content-inner\">\n\t\t<div id=\"two\" class=\"vc_tta-panel vc_active\"><div class=\"vc_tta-panel-body\"><div class=\"wpb_text_column wpb_content_element \"><div class=\"wpb_wrapper\"><p>Arts Hotel \u0130stanbul yaln\u0131zca \u00f6nceden kay\u0131tl\u0131 konuklar\u0131 i\u00e7in paket\/kutu kabul etmekte veya tutmaktad\u0131r. Kutular\u0131n geli\u015fi konuklar\u0131n var\u0131\u015f\u0131ndan \u00f6nce 10 g\u00fcn\u00fc ge\u00e7memelidir.<\/p><\/div><\/div><\/div><\/div>\t<\/div>\n<\/div>\n<h5 class=\"qodef-e-title-holder\">\n\t<span class=\"qodef-e-title\">Otele giri\u015f yaparken kimli\u011fim\/pasaportum gerekli mi?<\/span>\n\t<span class=\"qodef-e-mark\">\n\t\t<span class=\"qodef-icon--plus\">\n\t\t\t\t<span class=\"qodef-e-icon\">\n\t\t<i aria-hidden=\"true\" class=\"fas fa-plus\"><\/i>\t<\/span>\n\t\t\t<\/span>\n\t\t<span class=\"qodef-icon--minus\">\n\t\t\t\t<span class=\"qodef-e-icon\">\n\t\t<i aria-hidden=\"true\" class=\"fas fa-minus\"><\/i>\t<\/span>\n\t\t\t<\/span>\n\t<\/span>\n<\/h5>\n<div class=\"qodef-e-content\">\n\t<div class=\"qodef-e-content-inner\">\n\t\t<div id=\"two\" class=\"vc_tta-panel vc_active\"><div class=\"vc_tta-panel-body\"><div class=\"wpb_text_column wpb_content_element \"><div class=\"wpb_wrapper\"><div id=\"three\" class=\"vc_tta-panel vc_active\"><div class=\"vc_tta-panel-body\"><div class=\"wpb_text_column wpb_content_element \"><div class=\"wpb_wrapper\"><p>Otele giri\u015f yaparken ge\u00e7erli bir kredi kart\u0131n\u0131n yan\u0131 s\u0131ra resmi bir kimlik kart\u0131 da gerekir.<\/p><\/div><\/div><\/div><\/div><\/div><\/div><\/div><\/div>\t<\/div>\n<\/div>\n<h5 class=\"qodef-e-title-holder\">\n\t<span class=\"qodef-e-title\">Giri\u015f saati ve \u00e7\u0131k\u0131\u015f saati nedir?<\/span>\n\t<span class=\"qodef-e-mark\">\n\t\t<span class=\"qodef-icon--plus\">\n\t\t\t\t<span class=\"qodef-e-icon\">\n\t\t<i aria-hidden=\"true\" class=\"fas fa-plus\"><\/i>\t<\/span>\n\t\t\t<\/span>\n\t\t<span class=\"qodef-icon--minus\">\n\t\t\t\t<span class=\"qodef-e-icon\">\n\t\t<i aria-hidden=\"true\" class=\"fas fa-minus\"><\/i>\t<\/span>\n\t\t\t<\/span>\n\t<\/span>\n<\/h5>\n<div class=\"qodef-e-content\">\n\t<div class=\"qodef-e-content-inner\">\n\t\t<div id=\"two\" class=\"vc_tta-panel vc_active\"><div class=\"vc_tta-panel-body\"><div class=\"wpb_text_column wpb_content_element \"><div class=\"wpb_wrapper\"><div id=\"three\" class=\"vc_tta-panel vc_active\"><div class=\"vc_tta-panel-body\"><div class=\"wpb_text_column wpb_content_element \"><div class=\"wpb_wrapper\"><div id=\"four\" class=\"vc_tta-panel vc_active\"><div class=\"vc_tta-panel-body\"><div class=\"wpb_text_column wpb_content_element \"><div class=\"wpb_wrapper\"><p>Giri\u015f saat 14:00\u2019da \u00e7\u0131k\u0131\u015f saati ise 12:00\u2019dir.<\/p><\/div><\/div><\/div><\/div><\/div><\/div><\/div><\/div><\/div><\/div><\/div><\/div>\t<\/div>\n<\/div>\n<h5 class=\"qodef-e-title-holder\">\n\t<span class=\"qodef-e-title\">\u00c7ocuklar \u00fccretsiz konaklayabilir mi?<\/span>\n\t<span class=\"qodef-e-mark\">\n\t\t<span class=\"qodef-icon--plus\">\n\t\t\t\t<span class=\"qodef-e-icon\">\n\t\t<i aria-hidden=\"true\" class=\"fas fa-plus\"><\/i>\t<\/span>\n\t\t\t<\/span>\n\t\t<span class=\"qodef-icon--minus\">\n\t\t\t\t<span class=\"qodef-e-icon\">\n\t\t<i aria-hidden=\"true\" class=\"fas fa-minus\"><\/i>\t<\/span>\n\t\t\t<\/span>\n\t<\/span>\n<\/h5>\n<div class=\"qodef-e-content\">\n\t<div class=\"qodef-e-content-inner\">\n\t\t<div id=\"two\" class=\"vc_tta-panel vc_active\"><div class=\"vc_tta-panel-body\"><div class=\"wpb_text_column wpb_content_element \"><div class=\"wpb_wrapper\"><div id=\"three\" class=\"vc_tta-panel vc_active\"><div class=\"vc_tta-panel-body\"><div class=\"wpb_text_column wpb_content_element \"><div class=\"wpb_wrapper\"><div id=\"four\" class=\"vc_tta-panel vc_active\"><div class=\"vc_tta-panel-body\"><div class=\"wpb_text_column wpb_content_element \"><div class=\"wpb_wrapper\"><div id=\"five\" class=\"vc_tta-panel vc_active\"><div class=\"vc_tta-panel-body\"><div class=\"wpb_text_column wpb_content_element \"><div class=\"wpb_wrapper\"><p>Evet, 6 ya\u015f\u0131nda ve daha k\u00fc\u00e7\u00fck \u00e7ocuklar ayn\u0131 odada ve ayn\u0131 rezervasyonda oldu\u011fu s\u00fcrece \u00fccretsiz konaklamaktad\u0131r.<\/p><\/div><\/div><\/div><\/div><\/div><\/div><\/div><\/div><\/div><\/div><\/div><\/div><\/div><\/div><\/div><\/div>\t<\/div>\n<\/div>\n<h5 class=\"qodef-e-title-holder\">\n\t<span class=\"qodef-e-title\">Sigara i\u00e7me odalar\u0131 var m\u0131?<\/span>\n\t<span class=\"qodef-e-mark\">\n\t\t<span class=\"qodef-icon--plus\">\n\t\t\t\t<span class=\"qodef-e-icon\">\n\t\t<i aria-hidden=\"true\" class=\"fas fa-plus\"><\/i>\t<\/span>\n\t\t\t<\/span>\n\t\t<span class=\"qodef-icon--minus\">\n\t\t\t\t<span class=\"qodef-e-icon\">\n\t\t<i aria-hidden=\"true\" class=\"fas fa-minus\"><\/i>\t<\/span>\n\t\t\t<\/span>\n\t<\/span>\n<\/h5>\n<div class=\"qodef-e-content\">\n\t<div class=\"qodef-e-content-inner\">\n\t\t<div id=\"two\" class=\"vc_tta-panel vc_active\"><div class=\"vc_tta-panel-body\"><div class=\"wpb_text_column wpb_content_element \"><div class=\"wpb_wrapper\"><div id=\"three\" class=\"vc_tta-panel vc_active\"><div class=\"vc_tta-panel-body\"><div class=\"wpb_text_column wpb_content_element \"><div class=\"wpb_wrapper\"><div id=\"four\" class=\"vc_tta-panel vc_active\"><div class=\"vc_tta-panel-body\"><div class=\"wpb_text_column wpb_content_element \"><div class=\"wpb_wrapper\"><div id=\"five\" class=\"vc_tta-panel vc_active\"><div class=\"vc_tta-panel-body\"><div class=\"wpb_text_column wpb_content_element \"><div class=\"wpb_wrapper\"><div id=\"six\" class=\"vc_tta-panel vc_active\"><div class=\"vc_tta-panel-body\"><div class=\"wpb_text_column wpb_content_element \"><div class=\"wpb_wrapper\"><p>Sigara i\u00e7me odalar\u0131 baz\u0131 katlarda mevcuttur.<\/p><\/div><\/div><\/div><\/div><\/div><\/div><\/div><\/div><\/div><\/div><\/div><\/div><\/div><\/div><\/div><\/div><\/div><\/div><\/div><\/div>\t<\/div>\n<\/div>\n<h5 class=\"qodef-e-title-holder\">\n\t<span class=\"qodef-e-title\">Spor merkezi var m\u0131?<\/span>\n\t<span class=\"qodef-e-mark\">\n\t\t<span class=\"qodef-icon--plus\">\n\t\t\t\t<span class=\"qodef-e-icon\">\n\t\t<i aria-hidden=\"true\" class=\"fas fa-plus\"><\/i>\t<\/span>\n\t\t\t<\/span>\n\t\t<span class=\"qodef-icon--minus\">\n\t\t\t\t<span class=\"qodef-e-icon\">\n\t\t<i aria-hidden=\"true\" class=\"fas fa-minus\"><\/i>\t<\/span>\n\t\t\t<\/span>\n\t<\/span>\n<\/h5>\n<div class=\"qodef-e-content\">\n\t<div class=\"qodef-e-content-inner\">\n\t\t<div id=\"two\" class=\"vc_tta-panel vc_active\"><div class=\"vc_tta-panel-body\"><div class=\"wpb_text_column wpb_content_element \"><div class=\"wpb_wrapper\"><div id=\"three\" class=\"vc_tta-panel vc_active\"><div class=\"vc_tta-panel-body\"><div class=\"wpb_text_column wpb_content_element \"><div class=\"wpb_wrapper\"><div id=\"four\" class=\"vc_tta-panel vc_active\"><div class=\"vc_tta-panel-body\"><div class=\"wpb_text_column wpb_content_element \"><div class=\"wpb_wrapper\"><div id=\"five\" class=\"vc_tta-panel vc_active\"><div class=\"vc_tta-panel-body\"><div class=\"wpb_text_column wpb_content_element \"><div class=\"wpb_wrapper\"><div id=\"six\" class=\"vc_tta-panel vc_active\"><div class=\"vc_tta-panel-body\"><div class=\"wpb_text_column wpb_content_element \"><div class=\"wpb_wrapper\"><div id=\"seven\" class=\"vc_tta-panel vc_active\"><div class=\"vc_tta-panel-body\"><div class=\"wpb_text_column wpb_content_element \"><div class=\"wpb_wrapper\"><p>Otelde, Leaf Spa&amp;Wellness\u2019in i\u00e7inde kardiyo ekipmanlar\u0131 ve a\u011f\u0131rl\u0131klar\u0131n bulundu\u011fu bir spor salonumuz var. T\u00fcm konuklar\u0131m\u0131z \u00fccretsiz yararlanabilmektedir.<\/p><\/div><\/div><\/div><\/div><\/div><\/div><\/div><\/div><\/div><\/div><\/div><\/div><\/div><\/div><\/div><\/div><\/div><\/div><\/div><\/div><\/div><\/div><\/div><\/div>\t<\/div>\n<\/div>\n<h5 class=\"qodef-e-title-holder\">\n\t<span class=\"qodef-e-title\">Hangi havaalanlar\u0131 yak\u0131n?<\/span>\n\t<span class=\"qodef-e-mark\">\n\t\t<span class=\"qodef-icon--plus\">\n\t\t\t\t<span class=\"qodef-e-icon\">\n\t\t<i aria-hidden=\"true\" class=\"fas fa-plus\"><\/i>\t<\/span>\n\t\t\t<\/span>\n\t\t<span class=\"qodef-icon--minus\">\n\t\t\t\t<span class=\"qodef-e-icon\">\n\t\t<i aria-hidden=\"true\" class=\"fas fa-minus\"><\/i>\t<\/span>\n\t\t\t<\/span>\n\t<\/span>\n<\/h5>\n<div class=\"qodef-e-content\">\n\t<div class=\"qodef-e-content-inner\">\n\t\t<div id=\"two\" class=\"vc_tta-panel vc_active\"><div class=\"vc_tta-panel-body\"><div class=\"wpb_text_column wpb_content_element \"><div class=\"wpb_wrapper\"><div id=\"three\" class=\"vc_tta-panel vc_active\"><div class=\"vc_tta-panel-body\"><div class=\"wpb_text_column wpb_content_element \"><div class=\"wpb_wrapper\"><div id=\"four\" class=\"vc_tta-panel vc_active\"><div class=\"vc_tta-panel-body\"><div class=\"wpb_text_column wpb_content_element \"><div class=\"wpb_wrapper\"><div id=\"five\" class=\"vc_tta-panel vc_active\"><div class=\"vc_tta-panel-body\"><div class=\"wpb_text_column wpb_content_element \"><div class=\"wpb_wrapper\"><div id=\"six\" class=\"vc_tta-panel vc_active\"><div class=\"vc_tta-panel-body\"><div class=\"wpb_text_column wpb_content_element \"><div class=\"wpb_wrapper\"><div id=\"seven\" class=\"vc_tta-panel vc_active\"><div class=\"vc_tta-panel-body\"><div class=\"wpb_text_column wpb_content_element \"><div class=\"wpb_wrapper\"><p>Otele, Atat\u00fcrk Uluslararas\u0131 Havaalan\u0131 ve Sabiha G\u00f6k\u00e7en Havaalan\u0131 olmak \u00fczere iki \u0130stanbul havaalan\u0131ndan da kolayl\u0131kla ula\u015f\u0131labilir. Lobideki Gezi ve Havaalan\u0131 Ula\u015f\u0131m Masas\u0131 vas\u0131tas\u0131yla \u00f6nceden servis arac\u0131 ayarlanabilir (24 saat \u00f6nceden haber verilmesi gerekmektedir). Otel, Atat\u00fcrk Havaalan\u0131\u2019na yakla\u015f\u0131k olarak 35 dakikada, Sabiha G\u00f6k\u00e7en Havaalan\u0131\u2019na ise 1 saatlik mesafededir (Seyahat s\u00fcreleri trafik ko\u015fullar\u0131na ba\u011fl\u0131 olarak de\u011fi\u015febilir).<\/p><\/div><\/div><\/div><\/div><\/div><\/div><\/div><\/div><\/div><\/div><\/div><\/div><\/div><\/div><\/div><\/div><\/div><\/div><\/div><\/div><\/div><\/div><\/div><\/div>\t<\/div>\n<\/div>\n<h5 class=\"qodef-e-title-holder\">\n\t<span class=\"qodef-e-title\">Otelde \u00e7ama\u015f\u0131rhane hizmetiniz var m\u0131?<\/span>\n\t<span class=\"qodef-e-mark\">\n\t\t<span class=\"qodef-icon--plus\">\n\t\t\t\t<span class=\"qodef-e-icon\">\n\t\t<i aria-hidden=\"true\" class=\"fas fa-plus\"><\/i>\t<\/span>\n\t\t\t<\/span>\n\t\t<span class=\"qodef-icon--minus\">\n\t\t\t\t<span class=\"qodef-e-icon\">\n\t\t<i aria-hidden=\"true\" class=\"fas fa-minus\"><\/i>\t<\/span>\n\t\t\t<\/span>\n\t<\/span>\n<\/h5>\n<div class=\"qodef-e-content\">\n\t<div class=\"qodef-e-content-inner\">\n\t\t<div id=\"two\" class=\"vc_tta-panel vc_active\"><div class=\"vc_tta-panel-body\"><div class=\"wpb_text_column wpb_content_element \"><div class=\"wpb_wrapper\"><div id=\"three\" class=\"vc_tta-panel vc_active\"><div class=\"vc_tta-panel-body\"><div class=\"wpb_text_column wpb_content_element \"><div class=\"wpb_wrapper\"><div id=\"four\" class=\"vc_tta-panel vc_active\"><div class=\"vc_tta-panel-body\"><div class=\"wpb_text_column wpb_content_element \"><div class=\"wpb_wrapper\"><div id=\"five\" class=\"vc_tta-panel vc_active\"><div class=\"vc_tta-panel-body\"><div class=\"wpb_text_column wpb_content_element \"><div class=\"wpb_wrapper\"><div id=\"six\" class=\"vc_tta-panel vc_active\"><div class=\"vc_tta-panel-body\"><div class=\"wpb_text_column wpb_content_element \"><div class=\"wpb_wrapper\"><div id=\"seven\" class=\"vc_tta-panel vc_active\"><div class=\"vc_tta-panel-body\"><div class=\"wpb_text_column wpb_content_element \"><div class=\"wpb_wrapper\"><p>Evet, otelimizde \u00e7ama\u015f\u0131rhane hizmetimiz mevcuttur. \u00c7ama\u015f\u0131rhane hizmetlerinden yararlanmak isterseniz, konsiyerj ekibimiz size yard\u0131m etmekten memnuniyet duyacakt\u0131r.<\/p><\/div><\/div><\/div><\/div><\/div><\/div><\/div><\/div><\/div><\/div><\/div><\/div><\/div><\/div><\/div><\/div><\/div><\/div><\/div><\/div><\/div><\/div><\/div><\/div>\t<\/div>\n<\/div>\n<h5 class=\"qodef-e-title-holder\">\n\t<span class=\"qodef-e-title\">\u0130lave yatak\/katlan\u0131r yatak var m\u0131?<\/span>\n\t<span class=\"qodef-e-mark\">\n\t\t<span class=\"qodef-icon--plus\">\n\t\t\t\t<span class=\"qodef-e-icon\">\n\t\t<i aria-hidden=\"true\" class=\"fas fa-plus\"><\/i>\t<\/span>\n\t\t\t<\/span>\n\t\t<span class=\"qodef-icon--minus\">\n\t\t\t\t<span class=\"qodef-e-icon\">\n\t\t<i aria-hidden=\"true\" class=\"fas fa-minus\"><\/i>\t<\/span>\n\t\t\t<\/span>\n\t<\/span>\n<\/h5>\n<div class=\"qodef-e-content\">\n\t<div class=\"qodef-e-content-inner\">\n\t\t<div id=\"two\" class=\"vc_tta-panel vc_active\"><div class=\"vc_tta-panel-body\"><div class=\"wpb_text_column wpb_content_element \"><div class=\"wpb_wrapper\"><div id=\"three\" class=\"vc_tta-panel vc_active\"><div class=\"vc_tta-panel-body\"><div class=\"wpb_text_column wpb_content_element \"><div class=\"wpb_wrapper\"><div id=\"four\" class=\"vc_tta-panel vc_active\"><div class=\"vc_tta-panel-body\"><div class=\"wpb_text_column wpb_content_element \"><div class=\"wpb_wrapper\"><div id=\"five\" class=\"vc_tta-panel vc_active\"><div class=\"vc_tta-panel-body\"><div class=\"wpb_text_column wpb_content_element \"><div class=\"wpb_wrapper\"><div id=\"six\" class=\"vc_tta-panel vc_active\"><div class=\"vc_tta-panel-body\"><div class=\"wpb_text_column wpb_content_element \"><div class=\"wpb_wrapper\"><div id=\"seven\" class=\"vc_tta-panel vc_active\"><div class=\"vc_tta-panel-body\"><div class=\"wpb_text_column wpb_content_element \"><div class=\"wpb_wrapper\"><div id=\"eleven\" class=\"vc_tta-panel vc_active\"><div class=\"vc_tta-panel-body\"><div class=\"wpb_text_column wpb_content_element \"><div class=\"wpb_wrapper\"><div id=\"twelve\" class=\"vc_tta-panel vc_active\"><div class=\"vc_tta-panel-body\"><div class=\"wpb_text_column wpb_content_element \"><div class=\"wpb_wrapper\"><p>Hay\u0131r, ilave yatak mevcut de\u011fildir.<\/p><\/div><\/div><\/div><\/div><\/div><\/div><\/div><\/div><\/div><\/div><\/div><\/div><\/div><\/div><\/div><\/div><\/div><\/div><\/div><\/div><\/div><\/div><\/div><\/div><\/div><\/div><\/div><\/div><\/div><\/div><\/div><\/div>\t<\/div>\n<\/div>\n<h5 class=\"qodef-e-title-holder\">\n\t<span class=\"qodef-e-title\">Otopark var m\u0131?<\/span>\n\t<span class=\"qodef-e-mark\">\n\t\t<span class=\"qodef-icon--plus\">\n\t\t\t\t<span class=\"qodef-e-icon\">\n\t\t<i aria-hidden=\"true\" class=\"fas fa-plus\"><\/i>\t<\/span>\n\t\t\t<\/span>\n\t\t<span class=\"qodef-icon--minus\">\n\t\t\t\t<span class=\"qodef-e-icon\">\n\t\t<i aria-hidden=\"true\" class=\"fas fa-minus\"><\/i>\t<\/span>\n\t\t\t<\/span>\n\t<\/span>\n<\/h5>\n<div class=\"qodef-e-content\">\n\t<div class=\"qodef-e-content-inner\">\n\t\t<div id=\"two\" class=\"vc_tta-panel vc_active\"><div class=\"vc_tta-panel-body\"><div class=\"wpb_text_column wpb_content_element \"><div class=\"wpb_wrapper\"><div id=\"three\" class=\"vc_tta-panel vc_active\"><div class=\"vc_tta-panel-body\"><div class=\"wpb_text_column wpb_content_element \"><div class=\"wpb_wrapper\"><div id=\"four\" class=\"vc_tta-panel vc_active\"><div class=\"vc_tta-panel-body\"><div class=\"wpb_text_column wpb_content_element \"><div class=\"wpb_wrapper\"><div id=\"five\" class=\"vc_tta-panel vc_active\"><div class=\"vc_tta-panel-body\"><div class=\"wpb_text_column wpb_content_element \"><div class=\"wpb_wrapper\"><div id=\"six\" class=\"vc_tta-panel vc_active\"><div class=\"vc_tta-panel-body\"><div class=\"wpb_text_column wpb_content_element \"><div class=\"wpb_wrapper\"><div id=\"seven\" class=\"vc_tta-panel vc_active\"><div class=\"vc_tta-panel-body\"><div class=\"wpb_text_column wpb_content_element \"><div class=\"wpb_wrapper\"><div id=\"eleven\" class=\"vc_tta-panel vc_active\"><div class=\"vc_tta-panel-body\"><div class=\"wpb_text_column wpb_content_element \"><div class=\"wpb_wrapper\"><div id=\"twelve\" class=\"vc_tta-panel vc_active\"><div class=\"vc_tta-panel-body\"><div class=\"wpb_text_column wpb_content_element \"><div class=\"wpb_wrapper\"><p>Evet, Arts Hotel \u0130stanbul\u2019da \u00fccretsiz otopark mevcuttur.<\/p><\/div><\/div><\/div><\/div><\/div><\/div><\/div><\/div><\/div><\/div><\/div><\/div><\/div><\/div><\/div><\/div><\/div><\/div><\/div><\/div><\/div><\/div><\/div><\/div><\/div><\/div><\/div><\/div><\/div><\/div><\/div><\/div>\t<\/div>\n<\/div>\n<\/div>\n\t\t<\/div>\n\t\t\t\t<\/div>\n\t\t\t\t\t<\/div>\n\t\t<\/div>\n\t\t\t\t\t\t\t<\/div>\n\t\t<\/section>\n\t\t\t\t\t\t\t<\/div>\n\t\t","protected":false},"excerpt":{"rendered":"<p>S\u0131k Sorulan Sorular Bavulumu b\u0131rakabilir miyim? Arts Hotel \u0130stanbul\u2019da bagaj muhafaza hizmeti sunulmaktad\u0131r. Bagaj\u0131n\u0131z\u0131 al\u0131p 24 saat s\u00fcreye kadar muhafaza edebiliyoruz. Otele paket g\u00f6nderebilir miyim? Arts Hotel \u0130stanbul yaln\u0131zca \u00f6nceden kay\u0131tl\u0131 konuklar\u0131 i\u00e7in paket\/kutu kabul etmekte veya tutmaktad\u0131r. Kutular\u0131n geli\u015fi konuklar\u0131n var\u0131\u015f\u0131ndan \u00f6nce 10 g\u00fcn\u00fc ge\u00e7memelidir. Otele giri\u015f yaparken kimli\u011fim\/pasaportum gerekli mi? Otele giri\u015f yaparken [&hellip;]<\/p>\n","protected":false},"author":2,"featured_media":0,"parent":0,"menu_order":0,"comment_status":"closed","ping_status":"closed","template":"","meta":{"footnotes":""},"class_list":["post-13533","page","type-page","status-publish","hentry"],"_links":{"self":[{"href":"https:\/\/artshotel.com.tr\/taksim\/wp-json\/wp\/v2\/pages\/13533","targetHints":{"allow":["GET"]}}],"collection":[{"href":"https:\/\/artshotel.com.tr\/taksim\/wp-json\/wp\/v2\/pages"}],"about":[{"href":"https:\/\/artshotel.com.tr\/taksim\/wp-json\/wp\/v2\/types\/page"}],"author":[{"embeddable":true,"href":"https:\/\/artshotel.com.tr\/taksim\/wp-json\/wp\/v2\/users\/2"}],"replies":[{"embeddable":true,"href":"https:\/\/artshotel.com.tr\/taksim\/wp-json\/wp\/v2\/comments?post=13533"}],"version-history":[{"count":3,"href":"https:\/\/artshotel.com.tr\/taksim\/wp-json\/wp\/v2\/pages\/13533\/revisions"}],"predecessor-version":[{"id":14184,"href":"https:\/\/artshotel.com.tr\/taksim\/wp-json\/wp\/v2\/pages\/13533\/revisions\/14184"}],"wp:attachment":[{"href":"https:\/\/artshotel.com.tr\/taksim\/wp-json\/wp\/v2\/media?parent=13533"}],"curies":[{"name":"wp","href":"https:\/\/api.w.org\/{rel}","templated":true}]}}