{"id":13512,"date":"2023-06-08T14:24:47","date_gmt":"2023-06-08T11:24:47","guid":{"rendered":"https:\/\/artshotel.com.tr\/taksim\/?page_id=13512"},"modified":"2026-03-30T13:09:03","modified_gmt":"2026-03-30T10:09:03","slug":"superior-iki-yatakli-oda","status":"publish","type":"page","link":"https:\/\/artshotel.com.tr\/taksim\/odalar\/superior-iki-yatakli-oda\/","title":{"rendered":"Superior \u0130ki Yatakl\u0131 Oda"},"content":{"rendered":"\t\t<div data-elementor-type=\"wp-page\" data-elementor-id=\"13512\" class=\"elementor elementor-13512\">\n\t\t\t\t\t\t\t\t\t<section class=\"elementor-section elementor-top-section elementor-element elementor-element-7afceaa elementor-section-full_width elementor-section-height-default elementor-section-height-default qodef-elementor-content-no\" data-id=\"7afceaa\" data-element_type=\"section\">\n\t\t\t\t\t\t<div class=\"elementor-container elementor-column-gap-default\">\n\t\t\t\t\t<div class=\"elementor-column elementor-col-100 elementor-top-column elementor-element elementor-element-3ecad1c1\" data-id=\"3ecad1c1\" data-element_type=\"column\">\n\t\t\t<div class=\"elementor-widget-wrap elementor-element-populated\">\n\t\t\t\t\t\t\t\t<section class=\"elementor-section elementor-inner-section elementor-element elementor-element-1585b114 elementor-section-boxed elementor-section-height-default elementor-section-height-default qodef-elementor-content-no\" data-id=\"1585b114\" data-element_type=\"section\">\n\t\t\t\t\t\t<div class=\"elementor-container elementor-column-gap-default\">\n\t\t\t\t\t<div class=\"elementor-column elementor-col-50 elementor-inner-column elementor-element elementor-element-4d70f750\" data-id=\"4d70f750\" data-element_type=\"column\">\n\t\t\t<div class=\"elementor-widget-wrap elementor-element-populated\">\n\t\t\t\t\t\t\t\t<div class=\"elementor-element elementor-element-57af4c51 elementor-widget__width-inherit elementor-widget elementor-widget-augustine_core_button\" data-id=\"57af4c51\" data-element_type=\"widget\" data-widget_type=\"augustine_core_button.default\">\n\t\t\t\t<div class=\"elementor-widget-container\">\n\t\t\t<a class=\"qodef-shortcode qodef-m  qodef-button qodef-layout--filled qodef-size--full qodef-html--link \" href=\"https:\/\/reservations.verticalbooking.com\/premium\/index.html?id_stile=22188&#038;lingua_int=tur&#038;id_albergo=29595&#038;dc=2662\" target=\"_blank\" rel=\"noopener\">\n\t<span class=\"qodef-m-text\">Rezervasyon<\/span>\n<\/a>\t\t<\/div>\n\t\t\t\t<\/div>\n\t\t\t\t\t<\/div>\n\t\t<\/div>\n\t\t\t\t<div class=\"elementor-column elementor-col-50 elementor-inner-column elementor-element elementor-element-1985de4d\" data-id=\"1985de4d\" data-element_type=\"column\">\n\t\t\t<div class=\"elementor-widget-wrap elementor-element-populated\">\n\t\t\t\t\t\t\t\t<div class=\"elementor-element elementor-element-47a78978 elementor-widget elementor-widget-augustine_core_button\" data-id=\"47a78978\" data-element_type=\"widget\" data-widget_type=\"augustine_core_button.default\">\n\t\t\t\t<div class=\"elementor-widget-container\">\n\t\t\t<a class=\"qodef-shortcode qodef-m  qodef-button qodef-layout--filled qodef-size--full qodef-html--link \" href=\"#detaylar\" target=\"_self\"  >\n\t<span class=\"qodef-m-text\">Oda detaylar\u0131<\/span>\n<\/a>\t\t<\/div>\n\t\t\t\t<\/div>\n\t\t\t\t\t<\/div>\n\t\t<\/div>\n\t\t\t\t\t\t\t<\/div>\n\t\t<\/section>\n\t\t\t\t<div class=\"elementor-element elementor-element-385ea992 elementor-widget elementor-widget-text-editor\" data-id=\"385ea992\" data-element_type=\"widget\" data-widget_type=\"text-editor.default\">\n\t\t\t\t<div class=\"elementor-widget-container\">\n\t\t\t<style>\/*! elementor - v3.11.1 - 15-02-2023 *\/\n.elementor-widget-text-editor.elementor-drop-cap-view-stacked .elementor-drop-cap{background-color:#818a91;color:#fff}.elementor-widget-text-editor.elementor-drop-cap-view-framed .elementor-drop-cap{color:#818a91;border:3px solid;background-color:transparent}.elementor-widget-text-editor:not(.elementor-drop-cap-view-default) .elementor-drop-cap{margin-top:8px}.elementor-widget-text-editor:not(.elementor-drop-cap-view-default) .elementor-drop-cap-letter{width:1em;height:1em}.elementor-widget-text-editor .elementor-drop-cap{float:left;text-align:center;line-height:1;font-size:50px}.elementor-widget-text-editor .elementor-drop-cap-letter{display:inline-block}<\/style>\t\t\t\t<span style=\"color: #000000;\"><span style=\"caret-color: #000000; font-size: 58px;\"><b>Superior \u0130ki Yatakl\u0131 Oda<\/b><\/span><\/span>\t\t\t\t\t\t<\/div>\n\t\t\t\t<\/div>\n\t\t\t\t<div class=\"elementor-element elementor-element-7df6cd38 elementor-widget elementor-widget-text-editor\" data-id=\"7df6cd38\" data-element_type=\"widget\" data-widget_type=\"text-editor.default\">\n\t\t\t\t<div class=\"elementor-widget-container\">\n\t\t\t\t\t\t\t<p><b>Superior Twin Bed odalar\u0131m\u0131z\u0131n modern ve minimalist dekoru konaklaman\u0131z\u0131 keyifli hale getirecek.<\/b><\/p><p><span style=\"font-weight: 400;\">22-25 m\u00b2 b\u00fcy\u00fckl\u00fc\u011f\u00fcndeki odalar\u0131m\u0131zda ikiz yatak, ki\u015fisel bak\u0131m seti (\u015fampuan, du\u015f jeli, losyon, sabunlar, makyaj bezi), sa\u00e7 kurutma makinesi, \u00e7e\u015fitli dillerde izleyebilece\u011finiz TV kanallar\u0131, \u015fifreli kasa ve su \u0131s\u0131t\u0131c\u0131s\u0131 ile konforunuz sa\u011flanacak.<\/span><\/p>\t\t\t\t\t\t<\/div>\n\t\t\t\t<\/div>\n\t\t\t\t<div class=\"elementor-element elementor-element-15229ea0 elementor-widget elementor-widget-text-editor\" data-id=\"15229ea0\" data-element_type=\"widget\" data-widget_type=\"text-editor.default\">\n\t\t\t\t<div class=\"elementor-widget-container\">\n\t\t\t\t\t\t\t<p><span style=\"color: #000000;\"><span style=\"caret-color: #000000; font-size: 58px;\"><b>Galeri<\/b><\/span><\/span><\/p>\t\t\t\t\t\t<\/div>\n\t\t\t\t<\/div>\n\t\t\t\t<div class=\"elementor-element elementor-element-7414ebaa elementor-arrows-position-inside elementor-pagination-position-outside elementor-widget elementor-widget-image-carousel\" data-id=\"7414ebaa\" data-element_type=\"widget\" data-settings=\"{&quot;image_spacing_custom&quot;:{&quot;unit&quot;:&quot;px&quot;,&quot;size&quot;:3,&quot;sizes&quot;:[]},&quot;navigation&quot;:&quot;both&quot;,&quot;autoplay&quot;:&quot;yes&quot;,&quot;pause_on_hover&quot;:&quot;yes&quot;,&quot;pause_on_interaction&quot;:&quot;yes&quot;,&quot;autoplay_speed&quot;:5000,&quot;infinite&quot;:&quot;yes&quot;,&quot;speed&quot;:500,&quot;image_spacing_custom_tablet&quot;:{&quot;unit&quot;:&quot;px&quot;,&quot;size&quot;:&quot;&quot;,&quot;sizes&quot;:[]},&quot;image_spacing_custom_mobile&quot;:{&quot;unit&quot;:&quot;px&quot;,&quot;size&quot;:&quot;&quot;,&quot;sizes&quot;:[]}}\" data-widget_type=\"image-carousel.default\">\n\t\t\t\t<div class=\"elementor-widget-container\">\n\t\t\t<style>\/*! elementor - v3.11.1 - 15-02-2023 *\/\n.elementor-widget-image-carousel .swiper,.elementor-widget-image-carousel .swiper-container{position:static}.elementor-widget-image-carousel .swiper-container .swiper-slide figure,.elementor-widget-image-carousel .swiper .swiper-slide figure{line-height:inherit}.elementor-widget-image-carousel .swiper-slide{text-align:center}.elementor-image-carousel-wrapper:not(.swiper-container-initialized) .swiper-slide,.elementor-image-carousel-wrapper:not(.swiper-initialized) .swiper-slide{max-width:calc(100% \/ var(--e-image-carousel-slides-to-show, 3))}<\/style>\t\t<div class=\"elementor-image-carousel-wrapper swiper\" dir=\"ltr\">\n\t\t\t<div class=\"elementor-image-carousel swiper-wrapper\">\n\t\t\t\t\t\t\t\t<div class=\"swiper-slide\"><a data-elementor-open-lightbox=\"yes\" data-elementor-lightbox-slideshow=\"7414ebaa\" data-elementor-lightbox-title=\"Ba\u015fl\u0131ks\u0131z-3\" data-e-action-hash=\"#elementor-action%3Aaction%3Dlightbox%26settings%3DeyJpZCI6MTM1MjUsInVybCI6Imh0dHBzOlwvXC9hcnRzaG90ZWwuY29tLnRyXC90YWtzaW1cL3dwLWNvbnRlbnRcL3VwbG9hZHNcLzIwMjNcLzA2XC9CYXNsaWtzaXotMy5qcGciLCJzbGlkZXNob3ciOiI3NDE0ZWJhYSJ9\" href=\"https:\/\/artshotel.com.tr\/taksim\/wp-content\/uploads\/2023\/06\/Basliksiz-3.jpg\"><figure class=\"swiper-slide-inner\"><img decoding=\"async\" class=\"swiper-slide-image\" src=\"https:\/\/artshotel.com.tr\/taksim\/wp-content\/uploads\/2023\/06\/Basliksiz-3.jpg\" alt=\"Ba\u015fl\u0131ks\u0131z-3\" \/><\/figure><\/a><\/div><div class=\"swiper-slide\"><a data-elementor-open-lightbox=\"yes\" data-elementor-lightbox-slideshow=\"7414ebaa\" data-elementor-lightbox-title=\"Ba\u015fl\u0131ks\u0131z-4\" data-e-action-hash=\"#elementor-action%3Aaction%3Dlightbox%26settings%3DeyJpZCI6MTM1MjcsInVybCI6Imh0dHBzOlwvXC9hcnRzaG90ZWwuY29tLnRyXC90YWtzaW1cL3dwLWNvbnRlbnRcL3VwbG9hZHNcLzIwMjNcLzA2XC9CYXNsaWtzaXotNC5qcGciLCJzbGlkZXNob3ciOiI3NDE0ZWJhYSJ9\" href=\"https:\/\/artshotel.com.tr\/taksim\/wp-content\/uploads\/2023\/06\/Basliksiz-4.jpg\"><figure class=\"swiper-slide-inner\"><img decoding=\"async\" class=\"swiper-slide-image\" src=\"https:\/\/artshotel.com.tr\/taksim\/wp-content\/uploads\/2023\/06\/Basliksiz-4.jpg\" alt=\"Ba\u015fl\u0131ks\u0131z-4\" \/><\/figure><\/a><\/div><div class=\"swiper-slide\"><a data-elementor-open-lightbox=\"yes\" data-elementor-lightbox-slideshow=\"7414ebaa\" data-elementor-lightbox-title=\"Ba\u015fl\u0131ks\u0131z-2\" data-e-action-hash=\"#elementor-action%3Aaction%3Dlightbox%26settings%3DeyJpZCI6MTM1MjMsInVybCI6Imh0dHBzOlwvXC9hcnRzaG90ZWwuY29tLnRyXC90YWtzaW1cL3dwLWNvbnRlbnRcL3VwbG9hZHNcLzIwMjNcLzA2XC9CYXNsaWtzaXotMi5qcGciLCJzbGlkZXNob3ciOiI3NDE0ZWJhYSJ9\" href=\"https:\/\/artshotel.com.tr\/taksim\/wp-content\/uploads\/2023\/06\/Basliksiz-2.jpg\"><figure class=\"swiper-slide-inner\"><img decoding=\"async\" class=\"swiper-slide-image\" src=\"https:\/\/artshotel.com.tr\/taksim\/wp-content\/uploads\/2023\/06\/Basliksiz-2.jpg\" alt=\"Ba\u015fl\u0131ks\u0131z-2\" \/><\/figure><\/a><\/div><div class=\"swiper-slide\"><a data-elementor-open-lightbox=\"yes\" data-elementor-lightbox-slideshow=\"7414ebaa\" data-elementor-lightbox-title=\"tv\" data-e-action-hash=\"#elementor-action%3Aaction%3Dlightbox%26settings%3DeyJpZCI6MTM5OTMsInVybCI6Imh0dHBzOlwvXC9hcnRzaG90ZWwuY29tLnRyXC90YWtzaW1cL3dwLWNvbnRlbnRcL3VwbG9hZHNcLzIwMjNcLzA2XC90di5qcGciLCJzbGlkZXNob3ciOiI3NDE0ZWJhYSJ9\" href=\"https:\/\/artshotel.com.tr\/taksim\/wp-content\/uploads\/2023\/06\/tv.jpg\"><figure class=\"swiper-slide-inner\"><img decoding=\"async\" class=\"swiper-slide-image\" src=\"https:\/\/artshotel.com.tr\/taksim\/wp-content\/uploads\/2023\/06\/tv.jpg\" alt=\"tv\" \/><\/figure><\/a><\/div><div class=\"swiper-slide\"><a data-elementor-open-lightbox=\"yes\" data-elementor-lightbox-slideshow=\"7414ebaa\" data-elementor-lightbox-title=\"Ba\u015fl\u0131ks\u0131z-1\" data-e-action-hash=\"#elementor-action%3Aaction%3Dlightbox%26settings%3DeyJpZCI6MTM1MjEsInVybCI6Imh0dHBzOlwvXC9hcnRzaG90ZWwuY29tLnRyXC90YWtzaW1cL3dwLWNvbnRlbnRcL3VwbG9hZHNcLzIwMjNcLzA2XC9CYXNsaWtzaXotMS5qcGciLCJzbGlkZXNob3ciOiI3NDE0ZWJhYSJ9\" href=\"https:\/\/artshotel.com.tr\/taksim\/wp-content\/uploads\/2023\/06\/Basliksiz-1.jpg\"><figure class=\"swiper-slide-inner\"><img decoding=\"async\" class=\"swiper-slide-image\" src=\"https:\/\/artshotel.com.tr\/taksim\/wp-content\/uploads\/2023\/06\/Basliksiz-1.jpg\" alt=\"Ba\u015fl\u0131ks\u0131z-1\" \/><\/figure><\/a><\/div><div class=\"swiper-slide\"><a data-elementor-open-lightbox=\"yes\" data-elementor-lightbox-slideshow=\"7414ebaa\" data-elementor-lightbox-title=\"arts-suit-w-t\" data-e-action-hash=\"#elementor-action%3Aaction%3Dlightbox%26settings%3DeyJpZCI6MTM4NTMsInVybCI6Imh0dHBzOlwvXC9hcnRzaG90ZWwuY29tLnRyXC90YWtzaW1cL3dwLWNvbnRlbnRcL3VwbG9hZHNcLzIwMjNcLzA2XC9hcnRzLXN1aXQtdy10LmpwZyIsInNsaWRlc2hvdyI6Ijc0MTRlYmFhIn0%3D\" href=\"https:\/\/artshotel.com.tr\/taksim\/wp-content\/uploads\/2023\/06\/arts-suit-w-t.jpg\"><figure class=\"swiper-slide-inner\"><img decoding=\"async\" class=\"swiper-slide-image\" src=\"https:\/\/artshotel.com.tr\/taksim\/wp-content\/uploads\/2023\/06\/arts-suit-w-t.jpg\" alt=\"arts-suit-w-t\" \/><\/figure><\/a><\/div>\t\t\t<\/div>\n\t\t\t\t\t\t\t\t\t\t\t\t<div class=\"swiper-pagination\"><\/div>\n\t\t\t\t\t\t\t\t\t\t\t\t\t<div class=\"elementor-swiper-button elementor-swiper-button-prev\">\n\t\t\t\t\t\t<i aria-hidden=\"true\" class=\"eicon-chevron-left\"><\/i>\t\t\t\t\t\t<span class=\"elementor-screen-only\">\u00d6nceki<\/span>\n\t\t\t\t\t<\/div>\n\t\t\t\t\t<div class=\"elementor-swiper-button elementor-swiper-button-next\">\n\t\t\t\t\t\t<i aria-hidden=\"true\" class=\"eicon-chevron-right\"><\/i>\t\t\t\t\t\t<span class=\"elementor-screen-only\">Sonraki<\/span>\n\t\t\t\t\t<\/div>\n\t\t\t\t\t\t\t\t\t<\/div>\n\t\t\t\t<\/div>\n\t\t\t\t<\/div>\n\t\t\t\t\t<\/div>\n\t\t<\/div>\n\t\t\t\t\t\t\t<\/div>\n\t\t<\/section>\n\t\t\t\t<section class=\"elementor-section elementor-top-section elementor-element elementor-element-7e6864af elementor-section-boxed elementor-section-height-default elementor-section-height-default qodef-elementor-content-no\" data-id=\"7e6864af\" data-element_type=\"section\">\n\t\t\t\t\t\t<div class=\"elementor-container elementor-column-gap-default\">\n\t\t\t\t\t<div class=\"elementor-column elementor-col-100 elementor-top-column elementor-element elementor-element-76481390\" data-id=\"76481390\" data-element_type=\"column\">\n\t\t\t<div class=\"elementor-widget-wrap elementor-element-populated\">\n\t\t\t\t\t\t\t\t<div class=\"elementor-element elementor-element-223366f5 elementor-widget elementor-widget-text-editor\" data-id=\"223366f5\" data-element_type=\"widget\" id=\"detaylar\" data-widget_type=\"text-editor.default\">\n\t\t\t\t<div class=\"elementor-widget-container\">\n\t\t\t\t\t\t\t<p><span style=\"color: #000000;\"><span style=\"caret-color: #000000; font-size: 58px;\"><b>Detaylar<\/b><\/span><\/span><\/p>\t\t\t\t\t\t<\/div>\n\t\t\t\t<\/div>\n\t\t\t\t\t<\/div>\n\t\t<\/div>\n\t\t\t\t\t\t\t<\/div>\n\t\t<\/section>\n\t\t\t\t<section class=\"elementor-section elementor-top-section elementor-element elementor-element-a437c0 elementor-section-boxed elementor-section-height-default elementor-section-height-default qodef-elementor-content-no\" data-id=\"a437c0\" data-element_type=\"section\">\n\t\t\t\t\t\t<div class=\"elementor-container elementor-column-gap-default\">\n\t\t\t\t\t<div class=\"elementor-column elementor-col-33 elementor-top-column elementor-element elementor-element-26d54e9e\" data-id=\"26d54e9e\" data-element_type=\"column\">\n\t\t\t<div class=\"elementor-widget-wrap elementor-element-populated\">\n\t\t\t\t\t\t\t\t<div class=\"elementor-element elementor-element-52c1a5a elementor-widget elementor-widget-text-editor\" data-id=\"52c1a5a\" data-element_type=\"widget\" data-widget_type=\"text-editor.default\">\n\t\t\t\t<div class=\"elementor-widget-container\">\n\t\t\t\t\t\t\t<img decoding=\"async\" class=\"alignnone wp-image-11387\" src=\"https:\/\/protelonline.com\/artshotel\/taksim\/wp-content\/uploads\/2023\/05\/m2-icon.png\" alt=\"\" width=\"28\" height=\"24\" \/>\u00a0\u00a022-25 m\u00b2\t\t\t\t\t\t<\/div>\n\t\t\t\t<\/div>\n\t\t\t\t<div class=\"elementor-element elementor-element-5168a035 elementor-widget elementor-widget-text-editor\" data-id=\"5168a035\" data-element_type=\"widget\" data-widget_type=\"text-editor.default\">\n\t\t\t\t<div class=\"elementor-widget-container\">\n\t\t\t\t\t\t\t<p><img decoding=\"async\" class=\"alignnone wp-image-11544\" src=\"https:\/\/protelonline.com\/artshotel\/taksim\/wp-content\/uploads\/2023\/05\/sac-kurutma-makinasi.png\" alt=\"\" width=\"31\" height=\"24\" \/>\u00a0Sa\u00e7 kurutma makinesi<\/p>\t\t\t\t\t\t<\/div>\n\t\t\t\t<\/div>\n\t\t\t\t<div class=\"elementor-element elementor-element-6951af2d elementor-widget elementor-widget-text-editor\" data-id=\"6951af2d\" data-element_type=\"widget\" data-widget_type=\"text-editor.default\">\n\t\t\t\t<div class=\"elementor-widget-container\">\n\t\t\t\t\t\t\t<p><img decoding=\"async\" class=\"alignnone wp-image-11542\" src=\"https:\/\/protelonline.com\/artshotel\/taksim\/wp-content\/uploads\/2023\/05\/kasa.png\" alt=\"\" width=\"27\" height=\"22\" \/>\u00a0 \u015eifreli Kasa<\/p>\t\t\t\t\t\t<\/div>\n\t\t\t\t<\/div>\n\t\t\t\t\t<\/div>\n\t\t<\/div>\n\t\t\t\t<div class=\"elementor-column elementor-col-33 elementor-top-column elementor-element elementor-element-3a95f56\" data-id=\"3a95f56\" data-element_type=\"column\">\n\t\t\t<div class=\"elementor-widget-wrap elementor-element-populated\">\n\t\t\t\t\t\t\t\t<div class=\"elementor-element elementor-element-db52ef elementor-widget elementor-widget-text-editor\" data-id=\"db52ef\" data-element_type=\"widget\" data-widget_type=\"text-editor.default\">\n\t\t\t\t<div class=\"elementor-widget-container\">\n\t\t\t\t\t\t\t<p><img decoding=\"async\" class=\"wp-image-11388 alignnone\" src=\"https:\/\/protelonline.com\/artshotel\/taksim\/wp-content\/uploads\/2023\/05\/yatak-icon.png\" alt=\"\" width=\"26\" height=\"17\" \/>\u00a0\u00a0<span style=\"font-weight: 400;\">2 tek ki\u015filik yatak<\/span><\/p>\t\t\t\t\t\t<\/div>\n\t\t\t\t<\/div>\n\t\t\t\t<div class=\"elementor-element elementor-element-26d5a051 elementor-widget elementor-widget-text-editor\" data-id=\"26d5a051\" data-element_type=\"widget\" data-widget_type=\"text-editor.default\">\n\t\t\t\t<div class=\"elementor-widget-container\">\n\t\t\t\t\t\t\t<p><img decoding=\"async\" class=\"alignnone wp-image-11546\" src=\"https:\/\/protelonline.com\/artshotel\/taksim\/wp-content\/uploads\/2023\/05\/televizyon.png\" alt=\"\" width=\"30\" height=\"20\" \/>\u00a0 Televizyon<span style=\"color: var( --e-global-color-text ); font-family: var( --e-global-typography-text-font-family ), Sans-serif;\">\u00a0<\/span><\/p>\t\t\t\t\t\t<\/div>\n\t\t\t\t<\/div>\n\t\t\t\t\t<\/div>\n\t\t<\/div>\n\t\t\t\t<div class=\"elementor-column elementor-col-33 elementor-top-column elementor-element elementor-element-62169ba2\" data-id=\"62169ba2\" data-element_type=\"column\">\n\t\t\t<div class=\"elementor-widget-wrap elementor-element-populated\">\n\t\t\t\t\t\t\t\t<div class=\"elementor-element elementor-element-d19c245 elementor-widget elementor-widget-text-editor\" data-id=\"d19c245\" data-element_type=\"widget\" data-widget_type=\"text-editor.default\">\n\t\t\t\t<div class=\"elementor-widget-container\">\n\t\t\t\t\t\t\t<p><span style=\"font-weight: 400;\"><img decoding=\"async\" class=\"alignnone wp-image-11531\" src=\"https:\/\/protelonline.com\/artshotel\/taksim\/wp-content\/uploads\/2023\/05\/kisisel-bakim-seti.png\" alt=\"\" width=\"26\" height=\"27\" \/>\u00a0Ki\u015fisel bak\u0131m seti<\/span><\/p>\t\t\t\t\t\t<\/div>\n\t\t\t\t<\/div>\n\t\t\t\t<div class=\"elementor-element elementor-element-22e35edf elementor-widget elementor-widget-text-editor\" data-id=\"22e35edf\" data-element_type=\"widget\" data-widget_type=\"text-editor.default\">\n\t\t\t\t<div class=\"elementor-widget-container\">\n\t\t\t\t\t\t\t<p><img decoding=\"async\" class=\"alignnone wp-image-11545\" src=\"https:\/\/protelonline.com\/artshotel\/taksim\/wp-content\/uploads\/2023\/05\/su-isiticisi.png\" alt=\"\" width=\"26\" height=\"27\" \/>\u00a0 \u00a0Su \u0131s\u0131t\u0131c\u0131s\u0131<span style=\"font-weight: 400;\">\u00a0<\/span><\/p>\t\t\t\t\t\t<\/div>\n\t\t\t\t<\/div>\n\t\t\t\t\t<\/div>\n\t\t<\/div>\n\t\t\t\t\t\t\t<\/div>\n\t\t<\/section>\n\t\t\t\t<section class=\"elementor-section elementor-top-section elementor-element elementor-element-10d3dfae elementor-section-boxed elementor-section-height-default elementor-section-height-default qodef-elementor-content-no\" data-id=\"10d3dfae\" data-element_type=\"section\">\n\t\t\t\t\t\t<div class=\"elementor-container elementor-column-gap-default\">\n\t\t\t\t\t<div class=\"elementor-column elementor-col-100 elementor-top-column elementor-element elementor-element-78e9888b\" data-id=\"78e9888b\" data-element_type=\"column\">\n\t\t\t<div class=\"elementor-widget-wrap elementor-element-populated\">\n\t\t\t\t\t\t\t\t<div class=\"elementor-element elementor-element-1df95db2 elementor-widget elementor-widget-shortcode\" data-id=\"1df95db2\" data-element_type=\"widget\" data-widget_type=\"shortcode.default\">\n\t\t\t\t<div class=\"elementor-widget-container\">\n\t\t\t\t\t<div class=\"elementor-shortcode\"><div class=\"qodef-shortcode qodef-m  qodef-room-reservation-filter qodef-layout--horizontal  qodef-rounded-button-enabled \" >\n\t<svg class=\"qodef-m-spinner\" xmlns=\"http:\/\/www.w3.org\/2000\/svg\" width=\"512\" height=\"512\" viewBox=\"0 0 512 512\"><path d=\"M304 48c0 26.51-21.49 48-48 48s-48-21.49-48-48 21.49-48 48-48 48 21.49 48 48zm-48 368c-26.51 0-48 21.49-48 48s21.49 48 48 48 48-21.49 48-48-21.49-48-48-48zm208-208c-26.51 0-48 21.49-48 48s21.49 48 48 48 48-21.49 48-48-21.49-48-48-48zM96 256c0-26.51-21.49-48-48-48S0 229.49 0 256s21.49 48 48 48 48-21.49 48-48zm12.922 99.078c-26.51 0-48 21.49-48 48s21.49 48 48 48 48-21.49 48-48c0-26.509-21.491-48-48-48zm294.156 0c-26.51 0-48 21.49-48 48s21.49 48 48 48 48-21.49 48-48c0-26.509-21.49-48-48-48zM108.922 60.922c-26.51 0-48 21.49-48 48s21.49 48 48 48 48-21.49 48-48-21.491-48-48-48z\"><\/path><\/svg><form role=\"search\" class=\"qodef-m-form\" method=\"GET\" action=\"https:\/\/artshotel.com.tr\/bookingnew.php\">\n\t<input type=\"hidden\" name=\"s\" value=\"\"\/>\n\t<input type=\"hidden\" name=\"dil\" value=\"tur\">\n\t<div class=\"qodef-m-field qodef--check-in\">\n\t\t<label class=\"qodef-m-field-label\">G\u0130R\u0130\u015e TAR\u0130H\u0130 :<\/label>\n\t\t<div class=\"qodef-m-field-input-wrapper\">\n\t\t\t<input type=\"text\" class=\"qodef-m-field-input qodef-datepick-calendar qodef--date qodef--check-in\"\n\t\t\t       name=\"arrival\" value=\"\"\n\t\t\t       data-reserved-dates=\"\" required readonly\/>\n\t\t\t<span class=\"qodef-icon-linea-icons icon-arrows-down qodef-m-field-input-icon\" ><\/span>\t\t<\/div>\n\t<\/div>\n\t<div class=\"qodef-m-field qodef--check-out\">\n\t\t<label class=\"qodef-m-field-label\">\u00c7IKI\u015e TAR\u0130H\u0130 :<\/label>\n\t\t<div class=\"qodef-m-field-input-wrapper\">\n\t\t\t<input type=\"text\" class=\"qodef-m-field-input qodef-datepick-calendar qodef--date qodef--check-out\"\n\t\t\t       name=\"departure\" value=\"\"\n\t\t\t       data-reserved-dates=\"\" required readonly\/>\n\t\t\t<span class=\"qodef-icon-linea-icons icon-arrows-down qodef-m-field-input-icon\" ><\/span>\t\t<\/div>\n\t<\/div>\n\t\t\t\t<div class=\"qodef-m-field qodef--room-amount\">\n\t\t\t<label class=\"qodef-m-field-label\">YET\u0130\u015eK\u0130N SAYISI :<\/label>\n\t\t\t<select name=\"adults1\" class=\"qodef-e-input qodef--select2\">\n\t\t\t\t\t\t\t\t\t<option value=\"1\"  selected='selected'>1<\/option>\n\t\t\t\t\t\t\t\t\t<option value=\"2\" >2 <\/option>\n\t\t\t\t\t\t\t\t\t<option value=\"3\" >3 <\/option>\n\t\t\t\t\t\t\t\t\t<option value=\"4\" >4 <\/option>\n\t\t\t\t\t\t\t\t\t<option value=\"5\" >5 <\/option>\n\t\t\t\t\t\t\t\t\t<option value=\"6\" >6 <\/option>\n\t\t\t\t\t\t\t\t\t<option value=\"7\" >7 <\/option>\n\t\t\t\t\t\t\t\t\t<option value=\"8\" >8 <\/option>\n\t\t\t\t\t\t\t\t\t<option value=\"9\" >9 <\/option>\n\t\t\t\t\t\t\t\t\t<option value=\"10\" >10 <\/option>\n\t\t\t\t\t\t\t<\/select>\n\t\t<\/div>\n\t\t<div class=\"qodef-m-field qodef--guests\">\n\t\t<label class=\"qodef-m-field-label\">\u00c7OCUK SAYISI :<\/label>\n\t\t\t<select name=\"children1\" class=\"qodef-e-input qodef--select2\" style=\"width:100% !important;\">\n\t\t\t\t<option value=\"0\" selected='selected' >0 <\/option>\n\t\t\t\t\t\t\t\t\t<option value=\"1\" >1<\/option>\n\t\t\t\t\t\t\t\t\t<option value=\"2\" >2 <\/option>\n\t\t\t\t\t\t\t\t\t<option value=\"3\" >3 <\/option>\n\t\t\t\t\t\t\t\t\t<option value=\"4\" >4 <\/option>\n\t\t\t\t\t\t\t\t\t<option value=\"5\" >5 <\/option>\n\t\t\t<\/select>\n\t\t\n\t<\/div>\n\t<div class=\"qodef-m-field qodef--booking\">\n\t\t<button type=\"submit\" class=\"qodef-shortcode qodef-m  qodef-button qodef-layout--rounded qodef-size--full  \"  >\t<span class=\"qodef-m-background\" ><\/span>\t<span class=\"qodef-btn-text\">Rezervasyon<\/span><\/button>\t\t\t<\/div>\n<\/form><\/div><\/div>\n\t\t\t\t<\/div>\n\t\t\t\t<\/div>\n\t\t\t\t\t<\/div>\n\t\t<\/div>\n\t\t\t\t\t\t\t<\/div>\n\t\t<\/section>\n\t\t\t\t\t\t\t<\/div>\n\t\t","protected":false},"excerpt":{"rendered":"<p>Rezervasyon Oda detaylar\u0131 Superior \u0130ki Yatakl\u0131 Oda Superior Twin Bed odalar\u0131m\u0131z\u0131n modern ve minimalist dekoru konaklaman\u0131z\u0131 keyifli hale getirecek. 22-25 m\u00b2 b\u00fcy\u00fckl\u00fc\u011f\u00fcndeki odalar\u0131m\u0131zda ikiz yatak, ki\u015fisel bak\u0131m seti (\u015fampuan, du\u015f jeli, losyon, sabunlar, makyaj bezi), sa\u00e7 kurutma makinesi, \u00e7e\u015fitli dillerde izleyebilece\u011finiz TV kanallar\u0131, \u015fifreli kasa ve su \u0131s\u0131t\u0131c\u0131s\u0131 ile konforunuz sa\u011flanacak. Galeri \u00d6nceki Sonraki Detaylar [&hellip;]<\/p>\n","protected":false},"author":1,"featured_media":0,"parent":11547,"menu_order":0,"comment_status":"closed","ping_status":"closed","template":"","meta":{"footnotes":""},"class_list":["post-13512","page","type-page","status-publish","hentry"],"_links":{"self":[{"href":"https:\/\/artshotel.com.tr\/taksim\/wp-json\/wp\/v2\/pages\/13512","targetHints":{"allow":["GET"]}}],"collection":[{"href":"https:\/\/artshotel.com.tr\/taksim\/wp-json\/wp\/v2\/pages"}],"about":[{"href":"https:\/\/artshotel.com.tr\/taksim\/wp-json\/wp\/v2\/types\/page"}],"author":[{"embeddable":true,"href":"https:\/\/artshotel.com.tr\/taksim\/wp-json\/wp\/v2\/users\/1"}],"replies":[{"embeddable":true,"href":"https:\/\/artshotel.com.tr\/taksim\/wp-json\/wp\/v2\/comments?post=13512"}],"version-history":[{"count":39,"href":"https:\/\/artshotel.com.tr\/taksim\/wp-json\/wp\/v2\/pages\/13512\/revisions"}],"predecessor-version":[{"id":14429,"href":"https:\/\/artshotel.com.tr\/taksim\/wp-json\/wp\/v2\/pages\/13512\/revisions\/14429"}],"up":[{"embeddable":true,"href":"https:\/\/artshotel.com.tr\/taksim\/wp-json\/wp\/v2\/pages\/11547"}],"wp:attachment":[{"href":"https:\/\/artshotel.com.tr\/taksim\/wp-json\/wp\/v2\/media?parent=13512"}],"curies":[{"name":"wp","href":"https:\/\/api.w.org\/{rel}","templated":true}]}}