{"id":13339,"date":"2023-06-02T13:14:55","date_gmt":"2023-06-02T10:14:55","guid":{"rendered":"https:\/\/artshotel.com.tr\/taksim\/?page_id=13339"},"modified":"2023-06-06T15:15:38","modified_gmt":"2023-06-06T12:15:38","slug":"kariyer","status":"publish","type":"page","link":"https:\/\/artshotel.com.tr\/taksim\/kariyer\/","title":{"rendered":"Kariyer"},"content":{"rendered":"\t\t<div data-elementor-type=\"wp-page\" data-elementor-id=\"13339\" class=\"elementor elementor-13339\">\n\t\t\t\t\t\t\t\t\t<section class=\"elementor-section elementor-top-section elementor-element elementor-element-3d7d024 elementor-section-boxed elementor-section-height-default elementor-section-height-default qodef-elementor-content-no\" data-id=\"3d7d024\" data-element_type=\"section\">\n\t\t\t\t\t\t<div class=\"elementor-container elementor-column-gap-default\">\n\t\t\t\t\t<div class=\"elementor-column elementor-col-100 elementor-top-column elementor-element elementor-element-d283122\" data-id=\"d283122\" data-element_type=\"column\">\n\t\t\t<div class=\"elementor-widget-wrap elementor-element-populated\">\n\t\t\t\t\t\t\t\t<section class=\"elementor-section elementor-inner-section elementor-element elementor-element-1ae3c25 elementor-section-content-bottom elementor-section-boxed elementor-section-height-default elementor-section-height-default qodef-elementor-content-no\" data-id=\"1ae3c25\" data-element_type=\"section\">\n\t\t\t\t\t\t<div class=\"elementor-container elementor-column-gap-default\">\n\t\t\t\t\t<div class=\"elementor-column elementor-col-50 elementor-inner-column elementor-element elementor-element-2464bd0\" data-id=\"2464bd0\" data-element_type=\"column\">\n\t\t\t<div class=\"elementor-widget-wrap elementor-element-populated\">\n\t\t\t\t\t\t\t\t<div class=\"elementor-element elementor-element-44973fb elementor-widget elementor-widget-augustine_core_section_title\" data-id=\"44973fb\" data-element_type=\"widget\" data-widget_type=\"augustine_core_section_title.default\">\n\t\t\t\t<div class=\"elementor-widget-container\">\n\t\t\t<div class=\"qodef-shortcode qodef-m  qodef-section-title qodef-alignment--left    qodef-separator-appear \">\n\t\t<span class=\"qodef-m-separator\" ><\/span>\n\t\t<p class=\"qodef-m-subtitle\" style=\"color: #000000\">Arts Hotel Taksim<\/p>\n\t\t<h1 class=\"qodef-m-title\" >\n\t\t\t\t\tKariyer\t\t\t<\/h1>\n\t\t<\/div>\t\t<\/div>\n\t\t\t\t<\/div>\n\t\t\t\t<div class=\"elementor-element elementor-element-8a22a58 elementor-widget elementor-widget-image\" data-id=\"8a22a58\" data-element_type=\"widget\" data-widget_type=\"image.default\">\n\t\t\t\t<div class=\"elementor-widget-container\">\n\t\t\t<style>\/*! elementor - v3.11.1 - 15-02-2023 *\/\n.elementor-widget-image{text-align:center}.elementor-widget-image a{display:inline-block}.elementor-widget-image a img[src$=\".svg\"]{width:48px}.elementor-widget-image img{vertical-align:middle;display:inline-block}<\/style>\t\t\t\t\t\t\t\t\t\t\t\t<img decoding=\"async\" width=\"1024\" height=\"683\" src=\"https:\/\/artshotel.com.tr\/taksim\/wp-content\/uploads\/2023\/06\/shutterstock_1836531730-min-1024x683.jpg\" class=\"attachment-large size-large wp-image-13434\" alt=\"\" srcset=\"https:\/\/artshotel.com.tr\/taksim\/wp-content\/uploads\/2023\/06\/shutterstock_1836531730-min-1024x683.jpg 1024w, https:\/\/artshotel.com.tr\/taksim\/wp-content\/uploads\/2023\/06\/shutterstock_1836531730-min-300x200.jpg 300w, https:\/\/artshotel.com.tr\/taksim\/wp-content\/uploads\/2023\/06\/shutterstock_1836531730-min-768x512.jpg 768w, https:\/\/artshotel.com.tr\/taksim\/wp-content\/uploads\/2023\/06\/shutterstock_1836531730-min-1536x1024.jpg 1536w, https:\/\/artshotel.com.tr\/taksim\/wp-content\/uploads\/2023\/06\/shutterstock_1836531730-min-2048x1365.jpg 2048w\" sizes=\"(max-width: 1024px) 100vw, 1024px\" \/>\t\t\t\t\t\t\t\t\t\t\t\t\t\t\t<\/div>\n\t\t\t\t<\/div>\n\t\t\t\t\t<\/div>\n\t\t<\/div>\n\t\t\t\t<div class=\"elementor-column elementor-col-50 elementor-inner-column elementor-element elementor-element-f1c4955\" data-id=\"f1c4955\" data-element_type=\"column\">\n\t\t\t<div class=\"elementor-widget-wrap elementor-element-populated\">\n\t\t\t\t\t\t\t\t<div class=\"elementor-element elementor-element-c53ebd5 elementor-widget elementor-widget-qi_addons_for_elementor_contact_form_7\" data-id=\"c53ebd5\" data-element_type=\"widget\" data-widget_type=\"qi_addons_for_elementor_contact_form_7.default\">\n\t\t\t\t<div class=\"elementor-widget-container\">\n\t\t\t<div class=\"qodef-shortcode qodef-m  qodef-qi-contact-form-7 \">\n\t\n<div class=\"wpcf7 no-js\" id=\"wpcf7-f13338-o1\" lang=\"tr-TR\" dir=\"ltr\" data-wpcf7-id=\"13338\">\n<div class=\"screen-reader-response\"><p role=\"status\" aria-live=\"polite\" aria-atomic=\"true\"><\/p> <ul><\/ul><\/div>\n<form action=\"\/taksim\/wp-json\/wp\/v2\/pages\/13339#wpcf7-f13338-o1\" method=\"post\" class=\"wpcf7-form init\" aria-label=\"\u0130leti\u015fim Formu\" enctype=\"multipart\/form-data\" novalidate=\"novalidate\" data-status=\"init\">\n<fieldset class=\"hidden-fields-container\"><input type=\"hidden\" name=\"_wpcf7\" value=\"13338\" \/><input type=\"hidden\" name=\"_wpcf7_version\" value=\"6.1.2\" \/><input type=\"hidden\" name=\"_wpcf7_locale\" value=\"tr_TR\" \/><input type=\"hidden\" name=\"_wpcf7_unit_tag\" value=\"wpcf7-f13338-o1\" \/><input type=\"hidden\" name=\"_wpcf7_container_post\" value=\"0\" \/><input type=\"hidden\" name=\"_wpcf7_posted_data_hash\" value=\"\" \/>\n<\/fieldset>\n<label>\n    <span class=\"wpcf7-form-control-wrap\" data-name=\"your-name\"><input size=\"40\" maxlength=\"400\" class=\"wpcf7-form-control wpcf7-text wpcf7-validates-as-required\" autocomplete=\"name\" aria-required=\"true\" aria-invalid=\"false\" placeholder=\"Ad Soyad\" value=\"\" type=\"text\" name=\"your-name\" \/><\/span> <\/label>\n\n<label>\n    <span class=\"wpcf7-form-control-wrap\" data-name=\"your-email\"><input size=\"40\" maxlength=\"400\" class=\"wpcf7-form-control wpcf7-email wpcf7-validates-as-required wpcf7-text wpcf7-validates-as-email\" autocomplete=\"email\" aria-required=\"true\" aria-invalid=\"false\" placeholder=\"E-mail\" value=\"\" type=\"email\" name=\"your-email\" \/><\/span> <\/label>\n\n<label>\n    <span class=\"wpcf7-form-control-wrap\" data-name=\"your-tel\"><input size=\"40\" maxlength=\"400\" class=\"wpcf7-form-control wpcf7-tel wpcf7-validates-as-required wpcf7-text wpcf7-validates-as-tel\" autocomplete=\"tel\" aria-required=\"true\" aria-invalid=\"false\" placeholder=\"Telefon\" value=\"\" type=\"tel\" name=\"your-tel\" \/><\/span> <\/label>\n\n<label>\n    <span class=\"wpcf7-form-control-wrap\" data-name=\"your-file\"><input size=\"40\" class=\"wpcf7-form-control wpcf7-file\" accept=\".pdf\" aria-invalid=\"false\" type=\"file\" name=\"your-file\" \/><\/span> <\/label>\n\n<label>\n    Y\u00fckleyece\u011finiz PDF dosyas\u0131n\u0131n 2 MB'\u0131 a\u015fmamas\u0131 gerekmektedir.<\/label>\n\n<button class=\"wpcf7-form-control wpcf7-submit qodef-button qodef-size--normal qodef-type--outlined qodef-m\" type=\"submit\"><span class=\"qodef-m-text\">G\u00f6nder<\/span><\/button><div class=\"wpcf7-response-output\" aria-hidden=\"true\"><\/div>\n<\/form>\n<\/div>\n<\/div>\n\t\t<\/div>\n\t\t\t\t<\/div>\n\t\t\t\t\t<\/div>\n\t\t<\/div>\n\t\t\t\t\t\t\t<\/div>\n\t\t<\/section>\n\t\t\t\t\t<\/div>\n\t\t<\/div>\n\t\t\t\t\t\t\t<\/div>\n\t\t<\/section>\n\t\t\t\t\t\t\t<\/div>\n\t\t","protected":false},"excerpt":{"rendered":"<p>Arts Hotel Taksim Kariyer Y\u00fckleyece\u011finiz PDF dosyas\u0131n\u0131n 2 MB&#8217;\u0131 a\u015fmamas\u0131 gerekmektedir. G\u00f6nder<\/p>\n","protected":false},"author":2,"featured_media":0,"parent":0,"menu_order":0,"comment_status":"closed","ping_status":"closed","template":"","meta":{"footnotes":""},"class_list":["post-13339","page","type-page","status-publish","hentry"],"_links":{"self":[{"href":"https:\/\/artshotel.com.tr\/taksim\/wp-json\/wp\/v2\/pages\/13339","targetHints":{"allow":["GET"]}}],"collection":[{"href":"https:\/\/artshotel.com.tr\/taksim\/wp-json\/wp\/v2\/pages"}],"about":[{"href":"https:\/\/artshotel.com.tr\/taksim\/wp-json\/wp\/v2\/types\/page"}],"author":[{"embeddable":true,"href":"https:\/\/artshotel.com.tr\/taksim\/wp-json\/wp\/v2\/users\/2"}],"replies":[{"embeddable":true,"href":"https:\/\/artshotel.com.tr\/taksim\/wp-json\/wp\/v2\/comments?post=13339"}],"version-history":[{"count":27,"href":"https:\/\/artshotel.com.tr\/taksim\/wp-json\/wp\/v2\/pages\/13339\/revisions"}],"predecessor-version":[{"id":13440,"href":"https:\/\/artshotel.com.tr\/taksim\/wp-json\/wp\/v2\/pages\/13339\/revisions\/13440"}],"wp:attachment":[{"href":"https:\/\/artshotel.com.tr\/taksim\/wp-json\/wp\/v2\/media?parent=13339"}],"curies":[{"name":"wp","href":"https:\/\/api.w.org\/{rel}","templated":true}]}}