{"id":11276,"date":"2023-05-09T11:47:25","date_gmt":"2023-05-09T08:47:25","guid":{"rendered":"https:\/\/artshotel.com.tr\/taksim\/?page_id=11276"},"modified":"2026-03-30T13:09:58","modified_gmt":"2026-03-30T10:09:58","slug":"deluxe-oda","status":"publish","type":"page","link":"https:\/\/artshotel.com.tr\/taksim\/odalar\/deluxe-oda\/","title":{"rendered":"Deluxe French Bed Oda"},"content":{"rendered":"\t\t<div data-elementor-type=\"wp-page\" data-elementor-id=\"11276\" class=\"elementor elementor-11276\">\n\t\t\t\t\t\t\t\t\t<section class=\"elementor-section elementor-top-section elementor-element elementor-element-86c0386 elementor-section-full_width elementor-section-height-default elementor-section-height-default qodef-elementor-content-no\" data-id=\"86c0386\" data-element_type=\"section\">\n\t\t\t\t\t\t<div class=\"elementor-container elementor-column-gap-default\">\n\t\t\t\t\t<div class=\"elementor-column elementor-col-100 elementor-top-column elementor-element elementor-element-a896e88\" data-id=\"a896e88\" data-element_type=\"column\">\n\t\t\t<div class=\"elementor-widget-wrap elementor-element-populated\">\n\t\t\t\t\t\t\t\t<section class=\"elementor-section elementor-inner-section elementor-element elementor-element-34430f9 elementor-section-boxed elementor-section-height-default elementor-section-height-default qodef-elementor-content-no\" data-id=\"34430f9\" data-element_type=\"section\">\n\t\t\t\t\t\t<div class=\"elementor-container elementor-column-gap-default\">\n\t\t\t\t\t<div class=\"elementor-column elementor-col-50 elementor-inner-column elementor-element elementor-element-8834837\" data-id=\"8834837\" data-element_type=\"column\">\n\t\t\t<div class=\"elementor-widget-wrap elementor-element-populated\">\n\t\t\t\t\t\t\t\t<div class=\"elementor-element elementor-element-dcef49a elementor-widget__width-inherit elementor-widget elementor-widget-augustine_core_button\" data-id=\"dcef49a\" data-element_type=\"widget\" data-widget_type=\"augustine_core_button.default\">\n\t\t\t\t<div class=\"elementor-widget-container\">\n\t\t\t<a class=\"qodef-shortcode qodef-m  qodef-button qodef-layout--filled qodef-size--full qodef-html--link \" href=\"https:\/\/reservations.verticalbooking.com\/premium\/index.html?id_stile=22188&#038;lingua_int=tur&#038;id_albergo=29595&#038;dc=2662\" target=\"_blank\" rel=\"noopener\">\n\t<span class=\"qodef-m-text\">Rezervasyon<\/span>\n<\/a>\t\t<\/div>\n\t\t\t\t<\/div>\n\t\t\t\t\t<\/div>\n\t\t<\/div>\n\t\t\t\t<div class=\"elementor-column elementor-col-50 elementor-inner-column elementor-element elementor-element-a6bf982\" data-id=\"a6bf982\" data-element_type=\"column\">\n\t\t\t<div class=\"elementor-widget-wrap elementor-element-populated\">\n\t\t\t\t\t\t\t\t<div class=\"elementor-element elementor-element-d7b5842 elementor-widget elementor-widget-augustine_core_button\" data-id=\"d7b5842\" data-element_type=\"widget\" data-widget_type=\"augustine_core_button.default\">\n\t\t\t\t<div class=\"elementor-widget-container\">\n\t\t\t<a class=\"qodef-shortcode qodef-m  qodef-button qodef-layout--filled qodef-size--full qodef-html--link \" href=\"#detaylar\" target=\"_self\"  >\n\t<span class=\"qodef-m-text\">Oda detaylar\u0131<\/span>\n<\/a>\t\t<\/div>\n\t\t\t\t<\/div>\n\t\t\t\t\t<\/div>\n\t\t<\/div>\n\t\t\t\t\t\t\t<\/div>\n\t\t<\/section>\n\t\t\t\t<div class=\"elementor-element elementor-element-5820d99 elementor-widget elementor-widget-text-editor\" data-id=\"5820d99\" data-element_type=\"widget\" data-widget_type=\"text-editor.default\">\n\t\t\t\t<div class=\"elementor-widget-container\">\n\t\t\t<style>\/*! elementor - v3.11.1 - 15-02-2023 *\/\n.elementor-widget-text-editor.elementor-drop-cap-view-stacked .elementor-drop-cap{background-color:#818a91;color:#fff}.elementor-widget-text-editor.elementor-drop-cap-view-framed .elementor-drop-cap{color:#818a91;border:3px solid;background-color:transparent}.elementor-widget-text-editor:not(.elementor-drop-cap-view-default) .elementor-drop-cap{margin-top:8px}.elementor-widget-text-editor:not(.elementor-drop-cap-view-default) .elementor-drop-cap-letter{width:1em;height:1em}.elementor-widget-text-editor .elementor-drop-cap{float:left;text-align:center;line-height:1;font-size:50px}.elementor-widget-text-editor .elementor-drop-cap-letter{display:inline-block}<\/style>\t\t\t\t<p><span style=\"color: #000000;\"><span style=\"caret-color: #000000; font-size: 58px;\"><b>Deluxe French Bed Oda<\/b><\/span><\/span><\/p>\t\t\t\t\t\t<\/div>\n\t\t\t\t<\/div>\n\t\t\t\t<div class=\"elementor-element elementor-element-db67208 elementor-widget elementor-widget-text-editor\" data-id=\"db67208\" data-element_type=\"widget\" data-widget_type=\"text-editor.default\">\n\t\t\t\t<div class=\"elementor-widget-container\">\n\t\t\t\t\t\t\t<p><b>Estetik ve konforun e\u015fsiz uyumu&#8230; Deluxe oda detaylar\u0131 ile yepyeni, \u00f6zel bir konaklama deneyimi sizleri bekliyor.<\/b><\/p><p><span style=\"font-weight: 400;\">28-30 m\u00b2\u00a0 Deluxe\u00a0 odalar\u0131m\u0131zda balkonlu ve balkonsuz se\u00e7enekleri ile size\u00a0 \u00f6zel olarak du\u015f bonesi ,sabun ,\u00a0 oda imkanlar\u0131yla unutulmaz anlar ya\u015fayacaks\u0131n\u0131z. French yatak ya da twin yatak bulunan odalar\u0131m\u0131zda misafirlerimize \u00f6zel ki\u015fisel bak\u0131m seti (bak\u0131m seti (\u015fampuan, du\u015f jeli ,losyon, sabunlar ,makyaj pamu\u011fu), sa\u00e7 kurutma makinas\u0131\u00a0 , farkl\u0131 dil se\u00e7enekleri ile izleyebilece\u011finiz TV kanallar\u0131 ,\u015fifreli kasa, su \u0131s\u0131t\u0131c\u0131s\u0131 bulunan odalar\u0131m\u0131zda l\u00fcks\u00fcn keyfini s\u00fcreceksiniz.<\/span><\/p>\t\t\t\t\t\t<\/div>\n\t\t\t\t<\/div>\n\t\t\t\t<div class=\"elementor-element elementor-element-b7ffbc1 elementor-widget elementor-widget-text-editor\" data-id=\"b7ffbc1\" data-element_type=\"widget\" data-widget_type=\"text-editor.default\">\n\t\t\t\t<div class=\"elementor-widget-container\">\n\t\t\t\t\t\t\t<p><span style=\"color: #000000;\"><span style=\"caret-color: #000000; font-size: 58px;\"><b>Galeri<\/b><\/span><\/span><\/p>\t\t\t\t\t\t<\/div>\n\t\t\t\t<\/div>\n\t\t\t\t<div class=\"elementor-element elementor-element-194976b elementor-arrows-position-inside elementor-pagination-position-outside elementor-widget elementor-widget-image-carousel\" data-id=\"194976b\" data-element_type=\"widget\" data-settings=\"{&quot;image_spacing_custom&quot;:{&quot;unit&quot;:&quot;px&quot;,&quot;size&quot;:3,&quot;sizes&quot;:[]},&quot;navigation&quot;:&quot;both&quot;,&quot;autoplay&quot;:&quot;yes&quot;,&quot;pause_on_hover&quot;:&quot;yes&quot;,&quot;pause_on_interaction&quot;:&quot;yes&quot;,&quot;autoplay_speed&quot;:5000,&quot;infinite&quot;:&quot;yes&quot;,&quot;speed&quot;:500,&quot;image_spacing_custom_tablet&quot;:{&quot;unit&quot;:&quot;px&quot;,&quot;size&quot;:&quot;&quot;,&quot;sizes&quot;:[]},&quot;image_spacing_custom_mobile&quot;:{&quot;unit&quot;:&quot;px&quot;,&quot;size&quot;:&quot;&quot;,&quot;sizes&quot;:[]}}\" data-widget_type=\"image-carousel.default\">\n\t\t\t\t<div class=\"elementor-widget-container\">\n\t\t\t<style>\/*! elementor - v3.11.1 - 15-02-2023 *\/\n.elementor-widget-image-carousel .swiper,.elementor-widget-image-carousel .swiper-container{position:static}.elementor-widget-image-carousel .swiper-container .swiper-slide figure,.elementor-widget-image-carousel .swiper .swiper-slide figure{line-height:inherit}.elementor-widget-image-carousel .swiper-slide{text-align:center}.elementor-image-carousel-wrapper:not(.swiper-container-initialized) .swiper-slide,.elementor-image-carousel-wrapper:not(.swiper-initialized) .swiper-slide{max-width:calc(100% \/ var(--e-image-carousel-slides-to-show, 3))}<\/style>\t\t<div class=\"elementor-image-carousel-wrapper swiper\" dir=\"ltr\">\n\t\t\t<div class=\"elementor-image-carousel swiper-wrapper\">\n\t\t\t\t\t\t\t\t<div class=\"swiper-slide\"><a data-elementor-open-lightbox=\"yes\" data-elementor-lightbox-slideshow=\"194976b\" data-elementor-lightbox-title=\"deluxe-\" data-e-action-hash=\"#elementor-action%3Aaction%3Dlightbox%26settings%3DeyJpZCI6MTE2OTIsInVybCI6Imh0dHBzOlwvXC9hcnRzaG90ZWwuY29tLnRyXC90YWtzaW1cL3dwLWNvbnRlbnRcL3VwbG9hZHNcLzIwMjNcLzA1XC9kZWx1eGUtLmpwZyIsInNsaWRlc2hvdyI6IjE5NDk3NmIifQ%3D%3D\" href=\"https:\/\/artshotel.com.tr\/taksim\/wp-content\/uploads\/2023\/05\/deluxe-.jpg\"><figure class=\"swiper-slide-inner\"><img decoding=\"async\" class=\"swiper-slide-image\" src=\"https:\/\/artshotel.com.tr\/taksim\/wp-content\/uploads\/2023\/05\/deluxe-.jpg\" alt=\"deluxe-\" \/><\/figure><\/a><\/div><div class=\"swiper-slide\"><a data-elementor-open-lightbox=\"yes\" data-elementor-lightbox-slideshow=\"194976b\" data-elementor-lightbox-title=\"deluxe-1\" data-e-action-hash=\"#elementor-action%3Aaction%3Dlightbox%26settings%3DeyJpZCI6MTE2OTMsInVybCI6Imh0dHBzOlwvXC9hcnRzaG90ZWwuY29tLnRyXC90YWtzaW1cL3dwLWNvbnRlbnRcL3VwbG9hZHNcLzIwMjNcLzA1XC9kZWx1eGUtMS0xLmpwZyIsInNsaWRlc2hvdyI6IjE5NDk3NmIifQ%3D%3D\" href=\"https:\/\/artshotel.com.tr\/taksim\/wp-content\/uploads\/2023\/05\/deluxe-1-1.jpg\"><figure class=\"swiper-slide-inner\"><img decoding=\"async\" class=\"swiper-slide-image\" src=\"https:\/\/artshotel.com.tr\/taksim\/wp-content\/uploads\/2023\/05\/deluxe-1-1.jpg\" alt=\"deluxe-1\" \/><\/figure><\/a><\/div><div class=\"swiper-slide\"><a data-elementor-open-lightbox=\"yes\" data-elementor-lightbox-slideshow=\"194976b\" data-elementor-lightbox-title=\"deluxe-2\" data-e-action-hash=\"#elementor-action%3Aaction%3Dlightbox%26settings%3DeyJpZCI6MTE2OTQsInVybCI6Imh0dHBzOlwvXC9hcnRzaG90ZWwuY29tLnRyXC90YWtzaW1cL3dwLWNvbnRlbnRcL3VwbG9hZHNcLzIwMjNcLzA1XC9kZWx1eGUtMi5qcGciLCJzbGlkZXNob3ciOiIxOTQ5NzZiIn0%3D\" href=\"https:\/\/artshotel.com.tr\/taksim\/wp-content\/uploads\/2023\/05\/deluxe-2.jpg\"><figure class=\"swiper-slide-inner\"><img decoding=\"async\" class=\"swiper-slide-image\" src=\"https:\/\/artshotel.com.tr\/taksim\/wp-content\/uploads\/2023\/05\/deluxe-2.jpg\" alt=\"deluxe-2\" \/><\/figure><\/a><\/div><div class=\"swiper-slide\"><a data-elementor-open-lightbox=\"yes\" data-elementor-lightbox-slideshow=\"194976b\" data-elementor-lightbox-title=\"superior-1\" data-e-action-hash=\"#elementor-action%3Aaction%3Dlightbox%26settings%3DeyJpZCI6MTM4MjIsInVybCI6Imh0dHBzOlwvXC9hcnRzaG90ZWwuY29tLnRyXC90YWtzaW1cL3dwLWNvbnRlbnRcL3VwbG9hZHNcLzIwMjNcLzA2XC9zdXBlcmlvci0xLmpwZyIsInNsaWRlc2hvdyI6IjE5NDk3NmIifQ%3D%3D\" href=\"https:\/\/artshotel.com.tr\/taksim\/wp-content\/uploads\/2023\/06\/superior-1.jpg\"><figure class=\"swiper-slide-inner\"><img decoding=\"async\" class=\"swiper-slide-image\" src=\"https:\/\/artshotel.com.tr\/taksim\/wp-content\/uploads\/2023\/06\/superior-1.jpg\" alt=\"superior-1\" \/><\/figure><\/a><\/div>\t\t\t<\/div>\n\t\t\t\t\t\t\t\t\t\t\t\t<div class=\"swiper-pagination\"><\/div>\n\t\t\t\t\t\t\t\t\t\t\t\t\t<div class=\"elementor-swiper-button elementor-swiper-button-prev\">\n\t\t\t\t\t\t<i aria-hidden=\"true\" class=\"eicon-chevron-left\"><\/i>\t\t\t\t\t\t<span class=\"elementor-screen-only\">\u00d6nceki<\/span>\n\t\t\t\t\t<\/div>\n\t\t\t\t\t<div class=\"elementor-swiper-button elementor-swiper-button-next\">\n\t\t\t\t\t\t<i aria-hidden=\"true\" class=\"eicon-chevron-right\"><\/i>\t\t\t\t\t\t<span class=\"elementor-screen-only\">Sonraki<\/span>\n\t\t\t\t\t<\/div>\n\t\t\t\t\t\t\t\t\t<\/div>\n\t\t\t\t<\/div>\n\t\t\t\t<\/div>\n\t\t\t\t\t<\/div>\n\t\t<\/div>\n\t\t\t\t\t\t\t<\/div>\n\t\t<\/section>\n\t\t\t\t<section class=\"elementor-section elementor-top-section elementor-element elementor-element-c304ca4 elementor-section-boxed elementor-section-height-default elementor-section-height-default qodef-elementor-content-no\" data-id=\"c304ca4\" data-element_type=\"section\">\n\t\t\t\t\t\t<div class=\"elementor-container elementor-column-gap-default\">\n\t\t\t\t\t<div class=\"elementor-column elementor-col-100 elementor-top-column elementor-element elementor-element-bfd0424\" data-id=\"bfd0424\" data-element_type=\"column\">\n\t\t\t<div class=\"elementor-widget-wrap elementor-element-populated\">\n\t\t\t\t\t\t\t\t<div class=\"elementor-element elementor-element-f7267b8 elementor-widget elementor-widget-text-editor\" data-id=\"f7267b8\" data-element_type=\"widget\" id=\"detaylar\" data-widget_type=\"text-editor.default\">\n\t\t\t\t<div class=\"elementor-widget-container\">\n\t\t\t\t\t\t\t<p><span style=\"color: #000000;\"><span style=\"caret-color: #000000; font-size: 58px;\"><b>Detaylar<\/b><\/span><\/span><\/p>\t\t\t\t\t\t<\/div>\n\t\t\t\t<\/div>\n\t\t\t\t\t<\/div>\n\t\t<\/div>\n\t\t\t\t\t\t\t<\/div>\n\t\t<\/section>\n\t\t\t\t<section class=\"elementor-section elementor-top-section elementor-element elementor-element-2277833 elementor-section-boxed elementor-section-height-default elementor-section-height-default qodef-elementor-content-no\" data-id=\"2277833\" data-element_type=\"section\">\n\t\t\t\t\t\t<div class=\"elementor-container elementor-column-gap-default\">\n\t\t\t\t\t<div class=\"elementor-column elementor-col-33 elementor-top-column elementor-element elementor-element-cd452d8\" data-id=\"cd452d8\" data-element_type=\"column\">\n\t\t\t<div class=\"elementor-widget-wrap elementor-element-populated\">\n\t\t\t\t\t\t\t\t<div class=\"elementor-element elementor-element-fb98250 elementor-widget elementor-widget-text-editor\" data-id=\"fb98250\" data-element_type=\"widget\" data-widget_type=\"text-editor.default\">\n\t\t\t\t<div class=\"elementor-widget-container\">\n\t\t\t\t\t\t\t<img decoding=\"async\" class=\"alignnone wp-image-11387\" src=\"https:\/\/protelonline.com\/artshotel\/taksim\/wp-content\/uploads\/2023\/05\/m2-icon.png\" alt=\"\" width=\"28\" height=\"24\" \/>\u00a0\u00a028-30 m\u00b2\t\t\t\t\t\t<\/div>\n\t\t\t\t<\/div>\n\t\t\t\t<div class=\"elementor-element elementor-element-cff6557 elementor-widget elementor-widget-text-editor\" data-id=\"cff6557\" data-element_type=\"widget\" data-widget_type=\"text-editor.default\">\n\t\t\t\t<div class=\"elementor-widget-container\">\n\t\t\t\t\t\t\t<p><img decoding=\"async\" class=\"alignnone wp-image-11544\" src=\"https:\/\/protelonline.com\/artshotel\/taksim\/wp-content\/uploads\/2023\/05\/sac-kurutma-makinasi.png\" alt=\"\" width=\"31\" height=\"24\" \/>\u00a0Sa\u00e7 kurutma makinesi<\/p>\t\t\t\t\t\t<\/div>\n\t\t\t\t<\/div>\n\t\t\t\t<div class=\"elementor-element elementor-element-c580785 elementor-widget elementor-widget-text-editor\" data-id=\"c580785\" data-element_type=\"widget\" data-widget_type=\"text-editor.default\">\n\t\t\t\t<div class=\"elementor-widget-container\">\n\t\t\t\t\t\t\t<p><img decoding=\"async\" class=\"alignnone wp-image-11542\" src=\"https:\/\/protelonline.com\/artshotel\/taksim\/wp-content\/uploads\/2023\/05\/kasa.png\" alt=\"\" width=\"27\" height=\"22\" \/>\u00a0 \u015eifreli Kasa<\/p>\t\t\t\t\t\t<\/div>\n\t\t\t\t<\/div>\n\t\t\t\t\t<\/div>\n\t\t<\/div>\n\t\t\t\t<div class=\"elementor-column elementor-col-33 elementor-top-column elementor-element elementor-element-4353c72\" data-id=\"4353c72\" data-element_type=\"column\">\n\t\t\t<div class=\"elementor-widget-wrap elementor-element-populated\">\n\t\t\t\t\t\t\t\t<div class=\"elementor-element elementor-element-27ff172 elementor-widget elementor-widget-text-editor\" data-id=\"27ff172\" data-element_type=\"widget\" data-widget_type=\"text-editor.default\">\n\t\t\t\t<div class=\"elementor-widget-container\">\n\t\t\t\t\t\t\t<p><img decoding=\"async\" class=\"wp-image-11388 alignnone\" src=\"https:\/\/protelonline.com\/artshotel\/taksim\/wp-content\/uploads\/2023\/05\/yatak-icon.png\" alt=\"\" width=\"26\" height=\"17\" \/>\u00a0<span style=\"font-weight: 400;\">French veya twin yatak<\/span><\/p>\t\t\t\t\t\t<\/div>\n\t\t\t\t<\/div>\n\t\t\t\t<div class=\"elementor-element elementor-element-93cda11 elementor-widget elementor-widget-text-editor\" data-id=\"93cda11\" data-element_type=\"widget\" data-widget_type=\"text-editor.default\">\n\t\t\t\t<div class=\"elementor-widget-container\">\n\t\t\t\t\t\t\t<p><img decoding=\"async\" class=\"alignnone wp-image-11546\" src=\"https:\/\/protelonline.com\/artshotel\/taksim\/wp-content\/uploads\/2023\/05\/televizyon.png\" alt=\"\" width=\"30\" height=\"20\" \/>\u00a0 Televizyon<span style=\"color: var( --e-global-color-text ); font-family: var( --e-global-typography-text-font-family ), Sans-serif;\">\u00a0<\/span><\/p>\t\t\t\t\t\t<\/div>\n\t\t\t\t<\/div>\n\t\t\t\t\t<\/div>\n\t\t<\/div>\n\t\t\t\t<div class=\"elementor-column elementor-col-33 elementor-top-column elementor-element elementor-element-9d34b6f\" data-id=\"9d34b6f\" data-element_type=\"column\">\n\t\t\t<div class=\"elementor-widget-wrap elementor-element-populated\">\n\t\t\t\t\t\t\t\t<div class=\"elementor-element elementor-element-2f4400e elementor-widget elementor-widget-text-editor\" data-id=\"2f4400e\" data-element_type=\"widget\" data-widget_type=\"text-editor.default\">\n\t\t\t\t<div class=\"elementor-widget-container\">\n\t\t\t\t\t\t\t<p><span style=\"font-weight: 400;\"><img decoding=\"async\" class=\"alignnone wp-image-11531\" src=\"https:\/\/protelonline.com\/artshotel\/taksim\/wp-content\/uploads\/2023\/05\/kisisel-bakim-seti.png\" alt=\"\" width=\"26\" height=\"27\" \/>\u00a0Ki\u015fisel bak\u0131m seti<\/span><\/p>\t\t\t\t\t\t<\/div>\n\t\t\t\t<\/div>\n\t\t\t\t<div class=\"elementor-element elementor-element-d6e122e elementor-widget elementor-widget-text-editor\" data-id=\"d6e122e\" data-element_type=\"widget\" data-widget_type=\"text-editor.default\">\n\t\t\t\t<div class=\"elementor-widget-container\">\n\t\t\t\t\t\t\t<p><img decoding=\"async\" class=\"alignnone wp-image-11545\" src=\"https:\/\/protelonline.com\/artshotel\/taksim\/wp-content\/uploads\/2023\/05\/su-isiticisi.png\" alt=\"\" width=\"26\" height=\"27\" \/>\u00a0 \u00a0Su \u0131s\u0131t\u0131c\u0131s\u0131<span style=\"font-weight: 400;\">\u00a0<\/span><\/p>\t\t\t\t\t\t<\/div>\n\t\t\t\t<\/div>\n\t\t\t\t\t<\/div>\n\t\t<\/div>\n\t\t\t\t\t\t\t<\/div>\n\t\t<\/section>\n\t\t\t\t<section class=\"elementor-section elementor-top-section elementor-element elementor-element-ac1e835 elementor-section-boxed elementor-section-height-default elementor-section-height-default qodef-elementor-content-no\" data-id=\"ac1e835\" data-element_type=\"section\">\n\t\t\t\t\t\t<div class=\"elementor-container elementor-column-gap-default\">\n\t\t\t\t\t<div class=\"elementor-column elementor-col-100 elementor-top-column elementor-element elementor-element-a3c1335\" data-id=\"a3c1335\" data-element_type=\"column\">\n\t\t\t<div class=\"elementor-widget-wrap elementor-element-populated\">\n\t\t\t\t\t\t\t\t<div class=\"elementor-element elementor-element-05bf4ce elementor-widget elementor-widget-shortcode\" data-id=\"05bf4ce\" data-element_type=\"widget\" data-widget_type=\"shortcode.default\">\n\t\t\t\t<div class=\"elementor-widget-container\">\n\t\t\t\t\t<div class=\"elementor-shortcode\"><div class=\"qodef-shortcode qodef-m  qodef-room-reservation-filter qodef-layout--horizontal  qodef-rounded-button-enabled \" >\n\t<svg class=\"qodef-m-spinner\" xmlns=\"http:\/\/www.w3.org\/2000\/svg\" width=\"512\" height=\"512\" viewBox=\"0 0 512 512\"><path d=\"M304 48c0 26.51-21.49 48-48 48s-48-21.49-48-48 21.49-48 48-48 48 21.49 48 48zm-48 368c-26.51 0-48 21.49-48 48s21.49 48 48 48 48-21.49 48-48-21.49-48-48-48zm208-208c-26.51 0-48 21.49-48 48s21.49 48 48 48 48-21.49 48-48-21.49-48-48-48zM96 256c0-26.51-21.49-48-48-48S0 229.49 0 256s21.49 48 48 48 48-21.49 48-48zm12.922 99.078c-26.51 0-48 21.49-48 48s21.49 48 48 48 48-21.49 48-48c0-26.509-21.491-48-48-48zm294.156 0c-26.51 0-48 21.49-48 48s21.49 48 48 48 48-21.49 48-48c0-26.509-21.49-48-48-48zM108.922 60.922c-26.51 0-48 21.49-48 48s21.49 48 48 48 48-21.49 48-48-21.491-48-48-48z\"><\/path><\/svg><form role=\"search\" class=\"qodef-m-form\" method=\"GET\" action=\"https:\/\/artshotel.com.tr\/bookingnew.php\">\n\t<input type=\"hidden\" name=\"s\" value=\"\"\/>\n\t<input type=\"hidden\" name=\"dil\" value=\"tur\">\n\t<div class=\"qodef-m-field qodef--check-in\">\n\t\t<label class=\"qodef-m-field-label\">G\u0130R\u0130\u015e TAR\u0130H\u0130 :<\/label>\n\t\t<div class=\"qodef-m-field-input-wrapper\">\n\t\t\t<input type=\"text\" class=\"qodef-m-field-input qodef-datepick-calendar qodef--date qodef--check-in\"\n\t\t\t       name=\"arrival\" value=\"\"\n\t\t\t       data-reserved-dates=\"\" required readonly\/>\n\t\t\t<span class=\"qodef-icon-linea-icons icon-arrows-down qodef-m-field-input-icon\" ><\/span>\t\t<\/div>\n\t<\/div>\n\t<div class=\"qodef-m-field qodef--check-out\">\n\t\t<label class=\"qodef-m-field-label\">\u00c7IKI\u015e TAR\u0130H\u0130 :<\/label>\n\t\t<div class=\"qodef-m-field-input-wrapper\">\n\t\t\t<input type=\"text\" class=\"qodef-m-field-input qodef-datepick-calendar qodef--date qodef--check-out\"\n\t\t\t       name=\"departure\" value=\"\"\n\t\t\t       data-reserved-dates=\"\" required readonly\/>\n\t\t\t<span class=\"qodef-icon-linea-icons icon-arrows-down qodef-m-field-input-icon\" ><\/span>\t\t<\/div>\n\t<\/div>\n\t\t\t\t<div class=\"qodef-m-field qodef--room-amount\">\n\t\t\t<label class=\"qodef-m-field-label\">YET\u0130\u015eK\u0130N SAYISI :<\/label>\n\t\t\t<select name=\"adults1\" class=\"qodef-e-input qodef--select2\">\n\t\t\t\t\t\t\t\t\t<option value=\"1\"  selected='selected'>1<\/option>\n\t\t\t\t\t\t\t\t\t<option value=\"2\" >2 <\/option>\n\t\t\t\t\t\t\t\t\t<option value=\"3\" >3 <\/option>\n\t\t\t\t\t\t\t\t\t<option value=\"4\" >4 <\/option>\n\t\t\t\t\t\t\t\t\t<option value=\"5\" >5 <\/option>\n\t\t\t\t\t\t\t\t\t<option value=\"6\" >6 <\/option>\n\t\t\t\t\t\t\t\t\t<option value=\"7\" >7 <\/option>\n\t\t\t\t\t\t\t\t\t<option value=\"8\" >8 <\/option>\n\t\t\t\t\t\t\t\t\t<option value=\"9\" >9 <\/option>\n\t\t\t\t\t\t\t\t\t<option value=\"10\" >10 <\/option>\n\t\t\t\t\t\t\t<\/select>\n\t\t<\/div>\n\t\t<div class=\"qodef-m-field qodef--guests\">\n\t\t<label class=\"qodef-m-field-label\">\u00c7OCUK SAYISI :<\/label>\n\t\t\t<select name=\"children1\" class=\"qodef-e-input qodef--select2\" style=\"width:100% !important;\">\n\t\t\t\t<option value=\"0\" selected='selected' >0 <\/option>\n\t\t\t\t\t\t\t\t\t<option value=\"1\" >1<\/option>\n\t\t\t\t\t\t\t\t\t<option value=\"2\" >2 <\/option>\n\t\t\t\t\t\t\t\t\t<option value=\"3\" >3 <\/option>\n\t\t\t\t\t\t\t\t\t<option value=\"4\" >4 <\/option>\n\t\t\t\t\t\t\t\t\t<option value=\"5\" >5 <\/option>\n\t\t\t<\/select>\n\t\t\n\t<\/div>\n\t<div class=\"qodef-m-field qodef--booking\">\n\t\t<button type=\"submit\" class=\"qodef-shortcode qodef-m  qodef-button qodef-layout--rounded qodef-size--full  \"  >\t<span class=\"qodef-m-background\" ><\/span>\t<span class=\"qodef-btn-text\">Rezervasyon<\/span><\/button>\t\t\t<\/div>\n<\/form><\/div><\/div>\n\t\t\t\t<\/div>\n\t\t\t\t<\/div>\n\t\t\t\t\t<\/div>\n\t\t<\/div>\n\t\t\t\t\t\t\t<\/div>\n\t\t<\/section>\n\t\t\t\t\t\t\t<\/div>\n\t\t","protected":false},"excerpt":{"rendered":"<p>Rezervasyon Oda detaylar\u0131 Deluxe French Bed Oda Estetik ve konforun e\u015fsiz uyumu&#8230; Deluxe oda detaylar\u0131 ile yepyeni, \u00f6zel bir konaklama deneyimi sizleri bekliyor. 28-30 m\u00b2\u00a0 Deluxe\u00a0 odalar\u0131m\u0131zda balkonlu ve balkonsuz se\u00e7enekleri ile size\u00a0 \u00f6zel olarak du\u015f bonesi ,sabun ,\u00a0 oda imkanlar\u0131yla unutulmaz anlar ya\u015fayacaks\u0131n\u0131z. French yatak ya da twin yatak bulunan odalar\u0131m\u0131zda misafirlerimize \u00f6zel ki\u015fisel [&hellip;]<\/p>\n","protected":false},"author":1,"featured_media":0,"parent":11547,"menu_order":0,"comment_status":"closed","ping_status":"closed","template":"","meta":{"footnotes":""},"class_list":["post-11276","page","type-page","status-publish","hentry"],"_links":{"self":[{"href":"https:\/\/artshotel.com.tr\/taksim\/wp-json\/wp\/v2\/pages\/11276","targetHints":{"allow":["GET"]}}],"collection":[{"href":"https:\/\/artshotel.com.tr\/taksim\/wp-json\/wp\/v2\/pages"}],"about":[{"href":"https:\/\/artshotel.com.tr\/taksim\/wp-json\/wp\/v2\/types\/page"}],"author":[{"embeddable":true,"href":"https:\/\/artshotel.com.tr\/taksim\/wp-json\/wp\/v2\/users\/1"}],"replies":[{"embeddable":true,"href":"https:\/\/artshotel.com.tr\/taksim\/wp-json\/wp\/v2\/comments?post=11276"}],"version-history":[{"count":95,"href":"https:\/\/artshotel.com.tr\/taksim\/wp-json\/wp\/v2\/pages\/11276\/revisions"}],"predecessor-version":[{"id":14432,"href":"https:\/\/artshotel.com.tr\/taksim\/wp-json\/wp\/v2\/pages\/11276\/revisions\/14432"}],"up":[{"embeddable":true,"href":"https:\/\/artshotel.com.tr\/taksim\/wp-json\/wp\/v2\/pages\/11547"}],"wp:attachment":[{"href":"https:\/\/artshotel.com.tr\/taksim\/wp-json\/wp\/v2\/media?parent=11276"}],"curies":[{"name":"wp","href":"https:\/\/api.w.org\/{rel}","templated":true}]}}