{"id":12270,"date":"2023-05-09T19:21:28","date_gmt":"2023-05-09T16:21:28","guid":{"rendered":"https:\/\/artshotel.com.tr\/taksim\/ozel-terasli-arts-suit-oda\/"},"modified":"2026-03-30T13:26:44","modified_gmt":"2026-03-30T10:26:44","slug":"arts-suite-room-with-private-terrace","status":"publish","type":"page","link":"https:\/\/artshotel.com.tr\/taksim\/en\/rooms\/arts-suite-room-with-private-terrace\/","title":{"rendered":"Arts Suite Room with Private Terrace"},"content":{"rendered":"\t\t<div data-elementor-type=\"wp-page\" data-elementor-id=\"12270\" class=\"elementor elementor-12270\">\n\t\t\t\t\t\t\t\t\t<section class=\"elementor-section elementor-top-section elementor-element elementor-element-67a604c2 elementor-section-full_width elementor-section-height-default elementor-section-height-default qodef-elementor-content-no\" data-id=\"67a604c2\" data-element_type=\"section\">\n\t\t\t\t\t\t<div class=\"elementor-container elementor-column-gap-default\">\n\t\t\t\t\t<div class=\"elementor-column elementor-col-100 elementor-top-column elementor-element elementor-element-7bdb16e4\" data-id=\"7bdb16e4\" data-element_type=\"column\">\n\t\t\t<div class=\"elementor-widget-wrap elementor-element-populated\">\n\t\t\t\t\t\t\t\t<section class=\"elementor-section elementor-inner-section elementor-element elementor-element-53ab20d5 elementor-section-boxed elementor-section-height-default elementor-section-height-default qodef-elementor-content-no\" data-id=\"53ab20d5\" data-element_type=\"section\">\n\t\t\t\t\t\t<div class=\"elementor-container elementor-column-gap-default\">\n\t\t\t\t\t<div class=\"elementor-column elementor-col-50 elementor-inner-column elementor-element elementor-element-550a86bc\" data-id=\"550a86bc\" data-element_type=\"column\">\n\t\t\t<div class=\"elementor-widget-wrap elementor-element-populated\">\n\t\t\t\t\t\t\t\t<div class=\"elementor-element elementor-element-99f9762 elementor-widget__width-inherit elementor-widget elementor-widget-augustine_core_button\" data-id=\"99f9762\" data-element_type=\"widget\" data-widget_type=\"augustine_core_button.default\">\n\t\t\t\t<div class=\"elementor-widget-container\">\n\t\t\t<a class=\"qodef-shortcode qodef-m  qodef-button qodef-layout--filled qodef-size--full qodef-html--link \" href=\"https:\/\/reservations.verticalbooking.com\/premium\/index.html?id_stile=22188&#038;lingua_int=tur&#038;id_albergo=29595&#038;dc=2662\" target=\"_self\" rel=\"noopener\">\n\t<span class=\"qodef-m-text\">Reservation<\/span>\n<\/a>\t\t<\/div>\n\t\t\t\t<\/div>\n\t\t\t\t\t<\/div>\n\t\t<\/div>\n\t\t\t\t<div class=\"elementor-column elementor-col-50 elementor-inner-column elementor-element elementor-element-2285b327\" data-id=\"2285b327\" data-element_type=\"column\">\n\t\t\t<div class=\"elementor-widget-wrap elementor-element-populated\">\n\t\t\t\t\t\t\t\t<div class=\"elementor-element elementor-element-441e9cc2 elementor-widget elementor-widget-augustine_core_button\" data-id=\"441e9cc2\" data-element_type=\"widget\" data-widget_type=\"augustine_core_button.default\">\n\t\t\t\t<div class=\"elementor-widget-container\">\n\t\t\t<a class=\"qodef-shortcode qodef-m  qodef-button qodef-layout--filled qodef-size--full qodef-html--link \" href=\"#detaylar\" target=\"_self\"  >\n\t<span class=\"qodef-m-text\">Room Details<\/span>\n<\/a>\t\t<\/div>\n\t\t\t\t<\/div>\n\t\t\t\t\t<\/div>\n\t\t<\/div>\n\t\t\t\t\t\t\t<\/div>\n\t\t<\/section>\n\t\t\t\t<div class=\"elementor-element elementor-element-926d248 elementor-widget elementor-widget-text-editor\" data-id=\"926d248\" data-element_type=\"widget\" data-widget_type=\"text-editor.default\">\n\t\t\t\t<div class=\"elementor-widget-container\">\n\t\t\t<style>\/*! elementor - v3.11.1 - 15-02-2023 *\/\n.elementor-widget-text-editor.elementor-drop-cap-view-stacked .elementor-drop-cap{background-color:#818a91;color:#fff}.elementor-widget-text-editor.elementor-drop-cap-view-framed .elementor-drop-cap{color:#818a91;border:3px solid;background-color:transparent}.elementor-widget-text-editor:not(.elementor-drop-cap-view-default) .elementor-drop-cap{margin-top:8px}.elementor-widget-text-editor:not(.elementor-drop-cap-view-default) .elementor-drop-cap-letter{width:1em;height:1em}.elementor-widget-text-editor .elementor-drop-cap{float:left;text-align:center;line-height:1;font-size:50px}.elementor-widget-text-editor .elementor-drop-cap-letter{display:inline-block}<\/style>\t\t\t\t<span style=\"color: #000000;\"><span style=\"caret-color: #000000; font-size: 58px;\"><b>Arts Suite Room with Private Terrace<\/b><\/span><\/span>\t\t\t\t\t\t<\/div>\n\t\t\t\t<\/div>\n\t\t\t\t<div class=\"elementor-element elementor-element-fa4390d elementor-widget elementor-widget-text-editor\" data-id=\"fa4390d\" data-element_type=\"widget\" data-widget_type=\"text-editor.default\">\n\t\t\t\t<div class=\"elementor-widget-container\">\n\t\t\t\t\t\t\t<p><b>Our 42 m\u00b2 Arts Suit rooms with Bosphorus and city view options, uniquely created for you with a huge panoramic patio, provide our guests an exceptional accommodation experience.<\/b><\/p><p><span style=\"font-weight: 400;\">There are bathrobes, a personal care set (shampoo, shower gel, lotion, soaps, cotton eye shadow), a hair dryer, a 43-55 inch TV, TV channels with multiple language options, an encrypted safe, a kettle, and a coffee maker in each of our art-themed, specially designed rooms.<br \/><\/span><\/p>\t\t\t\t\t\t<\/div>\n\t\t\t\t<\/div>\n\t\t\t\t<div class=\"elementor-element elementor-element-3c43e1b elementor-widget elementor-widget-text-editor\" data-id=\"3c43e1b\" data-element_type=\"widget\" data-widget_type=\"text-editor.default\">\n\t\t\t\t<div class=\"elementor-widget-container\">\n\t\t\t\t\t\t\t<p><span style=\"color: #000000;\"><span style=\"caret-color: #000000; font-size: 58px;\"><b>Gallery<\/b><\/span><\/span><\/p>\t\t\t\t\t\t<\/div>\n\t\t\t\t<\/div>\n\t\t\t\t<div class=\"elementor-element elementor-element-7a0f260e elementor-arrows-position-inside elementor-pagination-position-outside elementor-widget elementor-widget-image-carousel\" data-id=\"7a0f260e\" data-element_type=\"widget\" data-settings=\"{&quot;image_spacing_custom&quot;:{&quot;unit&quot;:&quot;px&quot;,&quot;size&quot;:3,&quot;sizes&quot;:[]},&quot;navigation&quot;:&quot;both&quot;,&quot;autoplay&quot;:&quot;yes&quot;,&quot;pause_on_hover&quot;:&quot;yes&quot;,&quot;pause_on_interaction&quot;:&quot;yes&quot;,&quot;autoplay_speed&quot;:5000,&quot;infinite&quot;:&quot;yes&quot;,&quot;speed&quot;:500,&quot;image_spacing_custom_tablet&quot;:{&quot;unit&quot;:&quot;px&quot;,&quot;size&quot;:&quot;&quot;,&quot;sizes&quot;:[]},&quot;image_spacing_custom_mobile&quot;:{&quot;unit&quot;:&quot;px&quot;,&quot;size&quot;:&quot;&quot;,&quot;sizes&quot;:[]}}\" data-widget_type=\"image-carousel.default\">\n\t\t\t\t<div class=\"elementor-widget-container\">\n\t\t\t<style>\/*! elementor - v3.11.1 - 15-02-2023 *\/\n.elementor-widget-image-carousel .swiper,.elementor-widget-image-carousel .swiper-container{position:static}.elementor-widget-image-carousel .swiper-container .swiper-slide figure,.elementor-widget-image-carousel .swiper .swiper-slide figure{line-height:inherit}.elementor-widget-image-carousel .swiper-slide{text-align:center}.elementor-image-carousel-wrapper:not(.swiper-container-initialized) .swiper-slide,.elementor-image-carousel-wrapper:not(.swiper-initialized) .swiper-slide{max-width:calc(100% \/ var(--e-image-carousel-slides-to-show, 3))}<\/style>\t\t<div class=\"elementor-image-carousel-wrapper swiper\" dir=\"ltr\">\n\t\t\t<div class=\"elementor-image-carousel swiper-wrapper\">\n\t\t\t\t\t\t\t\t<div class=\"swiper-slide\"><a data-elementor-open-lightbox=\"yes\" data-elementor-lightbox-slideshow=\"7a0f260e\" data-elementor-lightbox-title=\"Ba\u015fl\u0131ks\u0131z-5\" data-e-action-hash=\"#elementor-action%3Aaction%3Dlightbox%26settings%3DeyJpZCI6MTIyMDYsInVybCI6Imh0dHBzOlwvXC9hcnRzaG90ZWwuY29tLnRyXC90YWtzaW1cL3dwLWNvbnRlbnRcL3VwbG9hZHNcLzIwMjNcLzA1XC9CYXNsaWtzaXotNS5qcGciLCJzbGlkZXNob3ciOiI3YTBmMjYwZSJ9\" href=\"https:\/\/artshotel.com.tr\/taksim\/wp-content\/uploads\/2023\/05\/Basliksiz-5.jpg\"><figure class=\"swiper-slide-inner\"><img decoding=\"async\" class=\"swiper-slide-image\" src=\"https:\/\/artshotel.com.tr\/taksim\/wp-content\/uploads\/2023\/05\/Basliksiz-5.jpg\" alt=\"Ba\u015fl\u0131ks\u0131z-5\" \/><\/figure><\/a><\/div><div class=\"swiper-slide\"><a data-elementor-open-lightbox=\"yes\" data-elementor-lightbox-slideshow=\"7a0f260e\" data-elementor-lightbox-title=\"ozel-terasli\" data-e-action-hash=\"#elementor-action%3Aaction%3Dlightbox%26settings%3DeyJpZCI6MTIyMDcsInVybCI6Imh0dHBzOlwvXC9hcnRzaG90ZWwuY29tLnRyXC90YWtzaW1cL3dwLWNvbnRlbnRcL3VwbG9hZHNcLzIwMjNcLzA1XC9vemVsLXRlcmFzbGktMS5qcGciLCJzbGlkZXNob3ciOiI3YTBmMjYwZSJ9\" href=\"https:\/\/artshotel.com.tr\/taksim\/wp-content\/uploads\/2023\/05\/ozel-terasli-1.jpg\"><figure class=\"swiper-slide-inner\"><img decoding=\"async\" class=\"swiper-slide-image\" src=\"https:\/\/artshotel.com.tr\/taksim\/wp-content\/uploads\/2023\/05\/ozel-terasli-1.jpg\" alt=\"ozel-terasli\" \/><\/figure><\/a><\/div><div class=\"swiper-slide\"><a data-elementor-open-lightbox=\"yes\" data-elementor-lightbox-slideshow=\"7a0f260e\" data-elementor-lightbox-title=\"balkon-5\" data-e-action-hash=\"#elementor-action%3Aaction%3Dlightbox%26settings%3DeyJpZCI6MTM5NzgsInVybCI6Imh0dHBzOlwvXC9hcnRzaG90ZWwuY29tLnRyXC90YWtzaW1cL3dwLWNvbnRlbnRcL3VwbG9hZHNcLzIwMjNcLzA2XC9iYWxrb24tNS5qcGciLCJzbGlkZXNob3ciOiI3YTBmMjYwZSJ9\" href=\"https:\/\/artshotel.com.tr\/taksim\/wp-content\/uploads\/2023\/06\/balkon-5.jpg\"><figure class=\"swiper-slide-inner\"><img decoding=\"async\" class=\"swiper-slide-image\" src=\"https:\/\/artshotel.com.tr\/taksim\/wp-content\/uploads\/2023\/06\/balkon-5.jpg\" alt=\"balkon-5\" \/><\/figure><\/a><\/div><div class=\"swiper-slide\"><a data-elementor-open-lightbox=\"yes\" data-elementor-lightbox-slideshow=\"7a0f260e\" data-elementor-lightbox-title=\"balkon-3\" data-e-action-hash=\"#elementor-action%3Aaction%3Dlightbox%26settings%3DeyJpZCI6MTM5NzQsInVybCI6Imh0dHBzOlwvXC9hcnRzaG90ZWwuY29tLnRyXC90YWtzaW1cL3dwLWNvbnRlbnRcL3VwbG9hZHNcLzIwMjNcLzA2XC9iYWxrb24tMy5qcGciLCJzbGlkZXNob3ciOiI3YTBmMjYwZSJ9\" href=\"https:\/\/artshotel.com.tr\/taksim\/wp-content\/uploads\/2023\/06\/balkon-3.jpg\"><figure class=\"swiper-slide-inner\"><img decoding=\"async\" class=\"swiper-slide-image\" src=\"https:\/\/artshotel.com.tr\/taksim\/wp-content\/uploads\/2023\/06\/balkon-3.jpg\" alt=\"balkon-3\" \/><\/figure><\/a><\/div><div class=\"swiper-slide\"><a data-elementor-open-lightbox=\"yes\" data-elementor-lightbox-slideshow=\"7a0f260e\" data-elementor-lightbox-title=\"balkon-4\" data-e-action-hash=\"#elementor-action%3Aaction%3Dlightbox%26settings%3DeyJpZCI6MTM5NzYsInVybCI6Imh0dHBzOlwvXC9hcnRzaG90ZWwuY29tLnRyXC90YWtzaW1cL3dwLWNvbnRlbnRcL3VwbG9hZHNcLzIwMjNcLzA2XC9iYWxrb24tNC5qcGciLCJzbGlkZXNob3ciOiI3YTBmMjYwZSJ9\" href=\"https:\/\/artshotel.com.tr\/taksim\/wp-content\/uploads\/2023\/06\/balkon-4.jpg\"><figure class=\"swiper-slide-inner\"><img decoding=\"async\" class=\"swiper-slide-image\" src=\"https:\/\/artshotel.com.tr\/taksim\/wp-content\/uploads\/2023\/06\/balkon-4.jpg\" alt=\"balkon-4\" \/><\/figure><\/a><\/div><div class=\"swiper-slide\"><a data-elementor-open-lightbox=\"yes\" data-elementor-lightbox-slideshow=\"7a0f260e\" data-elementor-lightbox-title=\"arts-suit\" data-e-action-hash=\"#elementor-action%3Aaction%3Dlightbox%26settings%3DeyJpZCI6MTM4NTgsInVybCI6Imh0dHBzOlwvXC9hcnRzaG90ZWwuY29tLnRyXC90YWtzaW1cL3dwLWNvbnRlbnRcL3VwbG9hZHNcLzIwMjNcLzA2XC9hcnRzLXN1aXQuanBnIiwic2xpZGVzaG93IjoiN2EwZjI2MGUifQ%3D%3D\" href=\"https:\/\/artshotel.com.tr\/taksim\/wp-content\/uploads\/2023\/06\/arts-suit.jpg\"><figure class=\"swiper-slide-inner\"><img decoding=\"async\" class=\"swiper-slide-image\" src=\"https:\/\/artshotel.com.tr\/taksim\/wp-content\/uploads\/2023\/06\/arts-suit.jpg\" alt=\"arts-suit\" \/><\/figure><\/a><\/div><div class=\"swiper-slide\"><a data-elementor-open-lightbox=\"yes\" data-elementor-lightbox-slideshow=\"7a0f260e\" data-elementor-lightbox-title=\"arts-suit-with-terrace\" data-e-action-hash=\"#elementor-action%3Aaction%3Dlightbox%26settings%3DeyJpZCI6MTM4NTYsInVybCI6Imh0dHBzOlwvXC9hcnRzaG90ZWwuY29tLnRyXC90YWtzaW1cL3dwLWNvbnRlbnRcL3VwbG9hZHNcLzIwMjNcLzA2XC9hcnRzLXN1aXQtd2l0aC10ZXJyYWNlLmpwZyIsInNsaWRlc2hvdyI6IjdhMGYyNjBlIn0%3D\" href=\"https:\/\/artshotel.com.tr\/taksim\/wp-content\/uploads\/2023\/06\/arts-suit-with-terrace.jpg\"><figure class=\"swiper-slide-inner\"><img decoding=\"async\" class=\"swiper-slide-image\" src=\"https:\/\/artshotel.com.tr\/taksim\/wp-content\/uploads\/2023\/06\/arts-suit-with-terrace.jpg\" alt=\"arts-suit-with-terrace\" \/><\/figure><\/a><\/div><div class=\"swiper-slide\"><a data-elementor-open-lightbox=\"yes\" data-elementor-lightbox-slideshow=\"7a0f260e\" data-elementor-lightbox-title=\"superior\" data-e-action-hash=\"#elementor-action%3Aaction%3Dlightbox%26settings%3DeyJpZCI6MTM4MjMsInVybCI6Imh0dHBzOlwvXC9hcnRzaG90ZWwuY29tLnRyXC90YWtzaW1cL3dwLWNvbnRlbnRcL3VwbG9hZHNcLzIwMjNcLzA2XC9zdXBlcmlvci5qcGciLCJzbGlkZXNob3ciOiI3YTBmMjYwZSJ9\" href=\"https:\/\/artshotel.com.tr\/taksim\/wp-content\/uploads\/2023\/06\/superior.jpg\"><figure class=\"swiper-slide-inner\"><img decoding=\"async\" class=\"swiper-slide-image\" src=\"https:\/\/artshotel.com.tr\/taksim\/wp-content\/uploads\/2023\/06\/superior.jpg\" alt=\"superior\" \/><\/figure><\/a><\/div>\t\t\t<\/div>\n\t\t\t\t\t\t\t\t\t\t\t\t<div class=\"swiper-pagination\"><\/div>\n\t\t\t\t\t\t\t\t\t\t\t\t\t<div class=\"elementor-swiper-button elementor-swiper-button-prev\">\n\t\t\t\t\t\t<i aria-hidden=\"true\" class=\"eicon-chevron-left\"><\/i>\t\t\t\t\t\t<span class=\"elementor-screen-only\">Previous<\/span>\n\t\t\t\t\t<\/div>\n\t\t\t\t\t<div class=\"elementor-swiper-button elementor-swiper-button-next\">\n\t\t\t\t\t\t<i aria-hidden=\"true\" class=\"eicon-chevron-right\"><\/i>\t\t\t\t\t\t<span class=\"elementor-screen-only\">Next<\/span>\n\t\t\t\t\t<\/div>\n\t\t\t\t\t\t\t\t\t<\/div>\n\t\t\t\t<\/div>\n\t\t\t\t<\/div>\n\t\t\t\t\t<\/div>\n\t\t<\/div>\n\t\t\t\t\t\t\t<\/div>\n\t\t<\/section>\n\t\t\t\t<section class=\"elementor-section elementor-top-section elementor-element elementor-element-6f189af7 elementor-section-boxed elementor-section-height-default elementor-section-height-default qodef-elementor-content-no\" data-id=\"6f189af7\" data-element_type=\"section\">\n\t\t\t\t\t\t<div class=\"elementor-container elementor-column-gap-default\">\n\t\t\t\t\t<div class=\"elementor-column elementor-col-100 elementor-top-column elementor-element elementor-element-2933aca8\" data-id=\"2933aca8\" data-element_type=\"column\">\n\t\t\t<div class=\"elementor-widget-wrap elementor-element-populated\">\n\t\t\t\t\t\t\t\t<div class=\"elementor-element elementor-element-2121b1c9 elementor-widget elementor-widget-text-editor\" data-id=\"2121b1c9\" data-element_type=\"widget\" id=\"detaylar\" data-widget_type=\"text-editor.default\">\n\t\t\t\t<div class=\"elementor-widget-container\">\n\t\t\t\t\t\t\t<p><span style=\"color: #000000;\"><span style=\"caret-color: #000000; font-size: 58px;\"><b>Details<\/b><\/span><\/span><\/p>\t\t\t\t\t\t<\/div>\n\t\t\t\t<\/div>\n\t\t\t\t\t<\/div>\n\t\t<\/div>\n\t\t\t\t\t\t\t<\/div>\n\t\t<\/section>\n\t\t\t\t<section class=\"elementor-section elementor-top-section elementor-element elementor-element-559f9781 elementor-section-boxed elementor-section-height-default elementor-section-height-default qodef-elementor-content-no\" data-id=\"559f9781\" data-element_type=\"section\">\n\t\t\t\t\t\t<div class=\"elementor-container elementor-column-gap-default\">\n\t\t\t\t\t<div class=\"elementor-column elementor-col-33 elementor-top-column elementor-element elementor-element-55b5f466\" data-id=\"55b5f466\" data-element_type=\"column\">\n\t\t\t<div class=\"elementor-widget-wrap elementor-element-populated\">\n\t\t\t\t\t\t\t\t<div class=\"elementor-element elementor-element-123ddd4c elementor-widget elementor-widget-text-editor\" data-id=\"123ddd4c\" data-element_type=\"widget\" data-widget_type=\"text-editor.default\">\n\t\t\t\t<div class=\"elementor-widget-container\">\n\t\t\t\t\t\t\t<p><img decoding=\"async\" class=\"alignnone wp-image-11387\" src=\"https:\/\/protelonline.com\/artshotel\/taksim\/wp-content\/uploads\/2023\/05\/m2-icon.png\" alt=\"\" width=\"28\" height=\"24\" \/>\u00a0\u00a042 m\u00b2<\/p>\t\t\t\t\t\t<\/div>\n\t\t\t\t<\/div>\n\t\t\t\t<div class=\"elementor-element elementor-element-619f6555 elementor-widget elementor-widget-text-editor\" data-id=\"619f6555\" data-element_type=\"widget\" data-widget_type=\"text-editor.default\">\n\t\t\t\t<div class=\"elementor-widget-container\">\n\t\t\t\t\t\t\t<p><img decoding=\"async\" class=\"alignnone wp-image-11544\" src=\"https:\/\/protelonline.com\/artshotel\/taksim\/wp-content\/uploads\/2023\/05\/sac-kurutma-makinasi.png\" alt=\"\" width=\"31\" height=\"24\" \/>\u00a0Hair dryer<\/p>\t\t\t\t\t\t<\/div>\n\t\t\t\t<\/div>\n\t\t\t\t<div class=\"elementor-element elementor-element-58ead489 elementor-widget elementor-widget-text-editor\" data-id=\"58ead489\" data-element_type=\"widget\" data-widget_type=\"text-editor.default\">\n\t\t\t\t<div class=\"elementor-widget-container\">\n\t\t\t\t\t\t\t<p><img decoding=\"async\" class=\"alignnone wp-image-11542\" src=\"https:\/\/protelonline.com\/artshotel\/taksim\/wp-content\/uploads\/2023\/05\/kasa.png\" alt=\"\" width=\"27\" height=\"22\" \/>\u00a0 Encrypted safe<\/p>\t\t\t\t\t\t<\/div>\n\t\t\t\t<\/div>\n\t\t\t\t\t<\/div>\n\t\t<\/div>\n\t\t\t\t<div class=\"elementor-column elementor-col-33 elementor-top-column elementor-element elementor-element-4804bf84\" data-id=\"4804bf84\" data-element_type=\"column\">\n\t\t\t<div class=\"elementor-widget-wrap elementor-element-populated\">\n\t\t\t\t\t\t\t\t<div class=\"elementor-element elementor-element-37091d7a elementor-widget elementor-widget-text-editor\" data-id=\"37091d7a\" data-element_type=\"widget\" data-widget_type=\"text-editor.default\">\n\t\t\t\t<div class=\"elementor-widget-container\">\n\t\t\t\t\t\t\t<p><img decoding=\"async\" class=\"wp-image-11388 alignnone\" src=\"https:\/\/protelonline.com\/artshotel\/taksim\/wp-content\/uploads\/2023\/05\/yatak-icon.png\" alt=\"\" width=\"26\" height=\"17\" \/>\u00a0<span style=\"font-weight: 400;\">Double bed<\/span><\/p>\t\t\t\t\t\t<\/div>\n\t\t\t\t<\/div>\n\t\t\t\t<div class=\"elementor-element elementor-element-7d5bfa30 elementor-widget elementor-widget-text-editor\" data-id=\"7d5bfa30\" data-element_type=\"widget\" data-widget_type=\"text-editor.default\">\n\t\t\t\t<div class=\"elementor-widget-container\">\n\t\t\t\t\t\t\t<p><img decoding=\"async\" class=\"alignnone wp-image-11546\" src=\"https:\/\/protelonline.com\/artshotel\/taksim\/wp-content\/uploads\/2023\/05\/televizyon.png\" alt=\"\" width=\"30\" height=\"20\" \/>\u00a0 TV<\/p>\t\t\t\t\t\t<\/div>\n\t\t\t\t<\/div>\n\t\t\t\t<div class=\"elementor-element elementor-element-5863865 elementor-widget elementor-widget-text-editor\" data-id=\"5863865\" data-element_type=\"widget\" data-widget_type=\"text-editor.default\">\n\t\t\t\t<div class=\"elementor-widget-container\">\n\t\t\t\t\t\t\t<p><img decoding=\"async\" class=\"alignnone wp-image-11664\" src=\"https:\/\/protelonline.com\/artshotel\/taksim\/wp-content\/uploads\/2023\/05\/kahve-makinasi.png\" alt=\"\" width=\"25\" height=\"27\" \/>\u00a0\u00a0Coffee maker<\/p>\t\t\t\t\t\t<\/div>\n\t\t\t\t<\/div>\n\t\t\t\t\t<\/div>\n\t\t<\/div>\n\t\t\t\t<div class=\"elementor-column elementor-col-33 elementor-top-column elementor-element elementor-element-4bee2e9f\" data-id=\"4bee2e9f\" data-element_type=\"column\">\n\t\t\t<div class=\"elementor-widget-wrap elementor-element-populated\">\n\t\t\t\t\t\t\t\t<div class=\"elementor-element elementor-element-3813859 elementor-widget elementor-widget-text-editor\" data-id=\"3813859\" data-element_type=\"widget\" data-widget_type=\"text-editor.default\">\n\t\t\t\t<div class=\"elementor-widget-container\">\n\t\t\t\t\t\t\t<p><span style=\"font-weight: 400;\"><img decoding=\"async\" class=\"alignnone wp-image-11531\" src=\"https:\/\/protelonline.com\/artshotel\/taksim\/wp-content\/uploads\/2023\/05\/kisisel-bakim-seti.png\" alt=\"\" width=\"26\" height=\"27\" \/>\u00a0Personal care items<\/span><\/p>\t\t\t\t\t\t<\/div>\n\t\t\t\t<\/div>\n\t\t\t\t<div class=\"elementor-element elementor-element-67afdd38 elementor-widget elementor-widget-text-editor\" data-id=\"67afdd38\" data-element_type=\"widget\" data-widget_type=\"text-editor.default\">\n\t\t\t\t<div class=\"elementor-widget-container\">\n\t\t\t\t\t\t\t<p><img decoding=\"async\" class=\"alignnone wp-image-11545\" src=\"https:\/\/protelonline.com\/artshotel\/taksim\/wp-content\/uploads\/2023\/05\/su-isiticisi.png\" alt=\"\" width=\"26\" height=\"27\" \/>\u00a0 \u00a0Kettle<\/p>\t\t\t\t\t\t<\/div>\n\t\t\t\t<\/div>\n\t\t\t\t\t<\/div>\n\t\t<\/div>\n\t\t\t\t\t\t\t<\/div>\n\t\t<\/section>\n\t\t\t\t\t\t\t<\/div>\n\t\t","protected":false},"excerpt":{"rendered":"<p>Reservation Room Details Arts Suite Room with Private Terrace Our 42 m\u00b2 Arts Suit rooms with Bosphorus and city view options, uniquely created for you with a huge panoramic patio, provide our guests an exceptional accommodation experience. There are bathrobes, a personal care set (shampoo, shower gel, lotion, soaps, cotton eye shadow), a hair dryer, [&hellip;]<\/p>\n","protected":false},"author":1,"featured_media":0,"parent":13071,"menu_order":0,"comment_status":"closed","ping_status":"closed","template":"","meta":{"footnotes":""},"class_list":["post-12270","page","type-page","status-publish","hentry"],"_links":{"self":[{"href":"https:\/\/artshotel.com.tr\/taksim\/en\/wp-json\/wp\/v2\/pages\/12270","targetHints":{"allow":["GET"]}}],"collection":[{"href":"https:\/\/artshotel.com.tr\/taksim\/en\/wp-json\/wp\/v2\/pages"}],"about":[{"href":"https:\/\/artshotel.com.tr\/taksim\/en\/wp-json\/wp\/v2\/types\/page"}],"author":[{"embeddable":true,"href":"https:\/\/artshotel.com.tr\/taksim\/en\/wp-json\/wp\/v2\/users\/1"}],"replies":[{"embeddable":true,"href":"https:\/\/artshotel.com.tr\/taksim\/en\/wp-json\/wp\/v2\/comments?post=12270"}],"version-history":[{"count":40,"href":"https:\/\/artshotel.com.tr\/taksim\/en\/wp-json\/wp\/v2\/pages\/12270\/revisions"}],"predecessor-version":[{"id":14471,"href":"https:\/\/artshotel.com.tr\/taksim\/en\/wp-json\/wp\/v2\/pages\/12270\/revisions\/14471"}],"up":[{"embeddable":true,"href":"https:\/\/artshotel.com.tr\/taksim\/en\/wp-json\/wp\/v2\/pages\/13071"}],"wp:attachment":[{"href":"https:\/\/artshotel.com.tr\/taksim\/en\/wp-json\/wp\/v2\/media?parent=12270"}],"curies":[{"name":"wp","href":"https:\/\/api.w.org\/{rel}","templated":true}]}}