{"id":13339,"date":"2023-06-02T13:14:55","date_gmt":"2023-06-02T10:14:55","guid":{"rendered":"https:\/\/artshotel.com.tr\/harbiye\/?page_id=13339"},"modified":"2023-07-10T10:42:02","modified_gmt":"2023-07-10T07:42:02","slug":"kariyer","status":"publish","type":"page","link":"https:\/\/artshotel.com.tr\/harbiye\/tr\/kariyer\/","title":{"rendered":"Kariyer"},"content":{"rendered":"\t\t<div data-elementor-type=\"wp-page\" data-elementor-id=\"13339\" class=\"elementor elementor-13339\">\n\t\t\t\t\t\t\t\t\t<section class=\"elementor-section elementor-top-section elementor-element elementor-element-3d7d024 elementor-section-boxed elementor-section-height-default elementor-section-height-default qodef-elementor-content-no\" data-id=\"3d7d024\" data-element_type=\"section\">\n\t\t\t\t\t\t<div class=\"elementor-container elementor-column-gap-default\">\n\t\t\t\t\t<div class=\"elementor-column elementor-col-100 elementor-top-column elementor-element elementor-element-d283122\" data-id=\"d283122\" data-element_type=\"column\">\n\t\t\t<div class=\"elementor-widget-wrap elementor-element-populated\">\n\t\t\t\t\t\t\t\t<section class=\"elementor-section elementor-inner-section elementor-element elementor-element-1ae3c25 elementor-section-content-bottom elementor-section-boxed elementor-section-height-default elementor-section-height-default qodef-elementor-content-no\" data-id=\"1ae3c25\" data-element_type=\"section\">\n\t\t\t\t\t\t<div class=\"elementor-container elementor-column-gap-default\">\n\t\t\t\t\t<div class=\"elementor-column elementor-col-50 elementor-inner-column elementor-element elementor-element-2464bd0\" data-id=\"2464bd0\" data-element_type=\"column\">\n\t\t\t<div class=\"elementor-widget-wrap elementor-element-populated\">\n\t\t\t\t\t\t\t\t<div class=\"elementor-element elementor-element-44973fb elementor-widget elementor-widget-augustine_core_section_title\" data-id=\"44973fb\" data-element_type=\"widget\" data-widget_type=\"augustine_core_section_title.default\">\n\t\t\t\t<div class=\"elementor-widget-container\">\n\t\t\t<div class=\"qodef-shortcode qodef-m  qodef-section-title qodef-alignment--left    qodef-separator-appear \">\n\t\t<span class=\"qodef-m-separator\" ><\/span>\n\t\t<p class=\"qodef-m-subtitle\" style=\"color: #000000\">Arts Hotel Harbiye<\/p>\n\t\t<h1 class=\"qodef-m-title\" >\n\t\t\t\t\tKariyer\t\t\t<\/h1>\n\t\t<\/div>\t\t<\/div>\n\t\t\t\t<\/div>\n\t\t\t\t<div class=\"elementor-element elementor-element-8a22a58 elementor-widget elementor-widget-image\" data-id=\"8a22a58\" data-element_type=\"widget\" data-widget_type=\"image.default\">\n\t\t\t\t<div class=\"elementor-widget-container\">\n\t\t\t<style>\/*! elementor - v3.14.0 - 26-06-2023 *\/\n.elementor-widget-image{text-align:center}.elementor-widget-image a{display:inline-block}.elementor-widget-image a img[src$=\".svg\"]{width:48px}.elementor-widget-image img{vertical-align:middle;display:inline-block}<\/style>\t\t\t\t\t\t\t\t\t\t\t\t<img decoding=\"async\" width=\"900\" height=\"572\" src=\"https:\/\/artshotel.com.tr\/harbiye\/wp-content\/uploads\/2023\/07\/kariyer-gorsel.jpg\" class=\"attachment-large size-large wp-image-14824\" alt=\"\" srcset=\"https:\/\/artshotel.com.tr\/harbiye\/wp-content\/uploads\/2023\/07\/kariyer-gorsel.jpg 900w, https:\/\/artshotel.com.tr\/harbiye\/wp-content\/uploads\/2023\/07\/kariyer-gorsel-300x191.jpg 300w, https:\/\/artshotel.com.tr\/harbiye\/wp-content\/uploads\/2023\/07\/kariyer-gorsel-768x488.jpg 768w\" sizes=\"(max-width: 900px) 100vw, 900px\" \/>\t\t\t\t\t\t\t\t\t\t\t\t\t\t\t<\/div>\n\t\t\t\t<\/div>\n\t\t\t\t\t<\/div>\n\t\t<\/div>\n\t\t\t\t<div class=\"elementor-column elementor-col-50 elementor-inner-column elementor-element elementor-element-f1c4955\" data-id=\"f1c4955\" data-element_type=\"column\">\n\t\t\t<div class=\"elementor-widget-wrap elementor-element-populated\">\n\t\t\t\t\t\t\t\t<div class=\"elementor-element elementor-element-c53ebd5 elementor-widget elementor-widget-qi_addons_for_elementor_contact_form_7\" data-id=\"c53ebd5\" data-element_type=\"widget\" data-widget_type=\"qi_addons_for_elementor_contact_form_7.default\">\n\t\t\t\t<div class=\"elementor-widget-container\">\n\t\t\t<div class=\"qodef-shortcode qodef-m  qodef-qi-contact-form-7 \">\n\t\n<div class=\"wpcf7 no-js\" id=\"wpcf7-f13338-o1\" lang=\"tr-TR\" dir=\"ltr\" data-wpcf7-id=\"13338\">\n<div class=\"screen-reader-response\"><p role=\"status\" aria-live=\"polite\" aria-atomic=\"true\"><\/p> <ul><\/ul><\/div>\n<form action=\"\/harbiye\/tr\/wp-json\/wp\/v2\/pages\/13339#wpcf7-f13338-o1\" method=\"post\" class=\"wpcf7-form init\" aria-label=\"\u0130leti\u015fim Formu\" enctype=\"multipart\/form-data\" novalidate=\"novalidate\" data-status=\"init\">\n<fieldset class=\"hidden-fields-container\"><input type=\"hidden\" name=\"_wpcf7\" value=\"13338\" \/><input type=\"hidden\" name=\"_wpcf7_version\" value=\"6.1.3\" \/><input type=\"hidden\" name=\"_wpcf7_locale\" value=\"tr_TR\" \/><input type=\"hidden\" name=\"_wpcf7_unit_tag\" value=\"wpcf7-f13338-o1\" \/><input type=\"hidden\" name=\"_wpcf7_container_post\" value=\"0\" \/><input type=\"hidden\" name=\"_wpcf7_posted_data_hash\" value=\"\" \/>\n<\/fieldset>\n<label>\n    <span class=\"wpcf7-form-control-wrap\" data-name=\"your-name\"><input size=\"40\" maxlength=\"400\" class=\"wpcf7-form-control wpcf7-text wpcf7-validates-as-required\" autocomplete=\"name\" aria-required=\"true\" aria-invalid=\"false\" placeholder=\"Ad Soyad\" value=\"\" type=\"text\" name=\"your-name\" \/><\/span> <\/label>\n\n<label>\n    <span class=\"wpcf7-form-control-wrap\" data-name=\"your-email\"><input size=\"40\" maxlength=\"400\" class=\"wpcf7-form-control wpcf7-email wpcf7-validates-as-required wpcf7-text wpcf7-validates-as-email\" autocomplete=\"email\" aria-required=\"true\" aria-invalid=\"false\" placeholder=\"E-mail\" value=\"\" type=\"email\" name=\"your-email\" \/><\/span> <\/label>\n\n<label>\n    <span class=\"wpcf7-form-control-wrap\" data-name=\"your-tel\"><input size=\"40\" maxlength=\"400\" class=\"wpcf7-form-control wpcf7-tel wpcf7-validates-as-required wpcf7-text wpcf7-validates-as-tel\" autocomplete=\"tel\" aria-required=\"true\" aria-invalid=\"false\" placeholder=\"Telefon\" value=\"\" type=\"tel\" name=\"your-tel\" \/><\/span> <\/label>\n\n<label>\n    <span class=\"wpcf7-form-control-wrap\" data-name=\"your-file\"><input size=\"40\" class=\"wpcf7-form-control wpcf7-file\" accept=\".pdf\" aria-invalid=\"false\" type=\"file\" name=\"your-file\" \/><\/span> <\/label>\n\n<label>\n    Y\u00fckleyece\u011finiz PDF dosyas\u0131n\u0131n 2 MB'\u0131 a\u015fmamas\u0131 gerekmektedir.<\/label>\n\n<button class=\"wpcf7-form-control wpcf7-submit qodef-button qodef-size--normal qodef-type--outlined qodef-m\" type=\"submit\"><span class=\"qodef-m-text\">G\u00f6nder<\/span><\/button><p style=\"display: none !important;\" class=\"akismet-fields-container\" data-prefix=\"_wpcf7_ak_\"><label>&#916;<textarea name=\"_wpcf7_ak_hp_textarea\" cols=\"45\" rows=\"8\" maxlength=\"100\"><\/textarea><\/label><input type=\"hidden\" id=\"ak_js_1\" name=\"_wpcf7_ak_js\" value=\"113\"\/><script>document.getElementById( \"ak_js_1\" ).setAttribute( \"value\", ( new Date() ).getTime() );<\/script><\/p><div class=\"wpcf7-response-output\" aria-hidden=\"true\"><\/div>\n<\/form>\n<\/div>\n<\/div>\n\t\t<\/div>\n\t\t\t\t<\/div>\n\t\t\t\t\t<\/div>\n\t\t<\/div>\n\t\t\t\t\t\t\t<\/div>\n\t\t<\/section>\n\t\t\t\t\t<\/div>\n\t\t<\/div>\n\t\t\t\t\t\t\t<\/div>\n\t\t<\/section>\n\t\t\t\t\t\t\t<\/div>\n\t\t","protected":false},"excerpt":{"rendered":"<p>Arts Hotel Harbiye Kariyer Y\u00fckleyece\u011finiz PDF dosyas\u0131n\u0131n 2 MB&#8217;\u0131 a\u015fmamas\u0131 gerekmektedir. G\u00f6nder<\/p>\n","protected":false},"author":2,"featured_media":0,"parent":0,"menu_order":0,"comment_status":"closed","ping_status":"closed","template":"","meta":{"footnotes":""},"class_list":["post-13339","page","type-page","status-publish","hentry"],"yoast_head":"<!-- This site is optimized with the Yoast SEO plugin v26.0 - https:\/\/yoast.com\/wordpress\/plugins\/seo\/ -->\n<title>Kariyer - Arts Hotel Harbiye<\/title>\n<meta name=\"robots\" content=\"index, follow, max-snippet:-1, max-image-preview:large, max-video-preview:-1\" \/>\n<link rel=\"canonical\" href=\"https:\/\/artshotel.com.tr\/harbiye\/kariyer\/\" \/>\n<meta property=\"og:locale\" content=\"tr_TR\" \/>\n<meta property=\"og:type\" content=\"article\" \/>\n<meta property=\"og:title\" content=\"Kariyer - Arts Hotel Harbiye\" \/>\n<meta property=\"og:description\" content=\"Arts Hotel Harbiye Kariyer Y\u00fckleyece\u011finiz PDF dosyas\u0131n\u0131n 2 MB&#8217;\u0131 a\u015fmamas\u0131 gerekmektedir. G\u00f6nder\" \/>\n<meta property=\"og:url\" content=\"https:\/\/artshotel.com.tr\/harbiye\/kariyer\/\" \/>\n<meta property=\"og:site_name\" content=\"Arts Hotel Harbiye\" \/>\n<meta property=\"article:publisher\" content=\"https:\/\/www.facebook.com\/artshotelharbiye\" \/>\n<meta property=\"article:modified_time\" content=\"2023-07-10T07:42:02+00:00\" \/>\n<meta property=\"og:image\" content=\"https:\/\/artshotel.com.tr\/harbiye\/wp-content\/uploads\/2023\/07\/kariyer-gorsel.jpg\" \/>\n<meta name=\"twitter:card\" content=\"summary_large_image\" \/>\n<script type=\"application\/ld+json\" class=\"yoast-schema-graph\">{\"@context\":\"https:\/\/schema.org\",\"@graph\":[{\"@type\":\"WebPage\",\"@id\":\"https:\/\/artshotel.com.tr\/harbiye\/kariyer\/\",\"url\":\"https:\/\/artshotel.com.tr\/harbiye\/kariyer\/\",\"name\":\"Kariyer - Arts Hotel Harbiye\",\"isPartOf\":{\"@id\":\"https:\/\/artshotel.com.tr\/harbiye\/#website\"},\"primaryImageOfPage\":{\"@id\":\"https:\/\/artshotel.com.tr\/harbiye\/kariyer\/#primaryimage\"},\"image\":{\"@id\":\"https:\/\/artshotel.com.tr\/harbiye\/kariyer\/#primaryimage\"},\"thumbnailUrl\":\"https:\/\/artshotel.com.tr\/harbiye\/wp-content\/uploads\/2023\/07\/kariyer-gorsel.jpg\",\"datePublished\":\"2023-06-02T10:14:55+00:00\",\"dateModified\":\"2023-07-10T07:42:02+00:00\",\"breadcrumb\":{\"@id\":\"https:\/\/artshotel.com.tr\/harbiye\/kariyer\/#breadcrumb\"},\"inLanguage\":\"tr\",\"potentialAction\":[{\"@type\":\"ReadAction\",\"target\":[\"https:\/\/artshotel.com.tr\/harbiye\/kariyer\/\"]}]},{\"@type\":\"ImageObject\",\"inLanguage\":\"tr\",\"@id\":\"https:\/\/artshotel.com.tr\/harbiye\/kariyer\/#primaryimage\",\"url\":\"https:\/\/artshotel.com.tr\/harbiye\/wp-content\/uploads\/2023\/07\/kariyer-gorsel.jpg\",\"contentUrl\":\"https:\/\/artshotel.com.tr\/harbiye\/wp-content\/uploads\/2023\/07\/kariyer-gorsel.jpg\"},{\"@type\":\"BreadcrumbList\",\"@id\":\"https:\/\/artshotel.com.tr\/harbiye\/kariyer\/#breadcrumb\",\"itemListElement\":[{\"@type\":\"ListItem\",\"position\":1,\"name\":\"Anasayfa\",\"item\":\"https:\/\/artshotel.com.tr\/harbiye\/\"},{\"@type\":\"ListItem\",\"position\":2,\"name\":\"Kariyer\"}]},{\"@type\":\"WebSite\",\"@id\":\"https:\/\/artshotel.com.tr\/harbiye\/#website\",\"url\":\"https:\/\/artshotel.com.tr\/harbiye\/\",\"name\":\"Arts Hotel Harbiye\",\"description\":\"\",\"publisher\":{\"@id\":\"https:\/\/artshotel.com.tr\/harbiye\/#organization\"},\"potentialAction\":[{\"@type\":\"SearchAction\",\"target\":{\"@type\":\"EntryPoint\",\"urlTemplate\":\"https:\/\/artshotel.com.tr\/harbiye\/?s={search_term_string}\"},\"query-input\":{\"@type\":\"PropertyValueSpecification\",\"valueRequired\":true,\"valueName\":\"search_term_string\"}}],\"inLanguage\":\"tr\"},{\"@type\":\"Organization\",\"@id\":\"https:\/\/artshotel.com.tr\/harbiye\/#organization\",\"name\":\"Arts Hotel Harbiye\",\"url\":\"https:\/\/artshotel.com.tr\/harbiye\/\",\"logo\":{\"@type\":\"ImageObject\",\"inLanguage\":\"tr\",\"@id\":\"https:\/\/artshotel.com.tr\/harbiye\/#\/schema\/logo\/image\/\",\"url\":\"https:\/\/artshotel.com.tr\/harbiye\/wp-content\/uploads\/2023\/06\/arts-logo.png\",\"contentUrl\":\"https:\/\/artshotel.com.tr\/harbiye\/wp-content\/uploads\/2023\/06\/arts-logo.png\",\"width\":500,\"height\":289,\"caption\":\"Arts Hotel Harbiye\"},\"image\":{\"@id\":\"https:\/\/artshotel.com.tr\/harbiye\/#\/schema\/logo\/image\/\"},\"sameAs\":[\"https:\/\/www.facebook.com\/artshotelharbiye\",\"https:\/\/www.instagram.com\/artshotel_\/\"]}]}<\/script>\n<!-- \/ Yoast SEO plugin. -->","yoast_head_json":{"title":"Kariyer - Arts Hotel Harbiye","robots":{"index":"index","follow":"follow","max-snippet":"max-snippet:-1","max-image-preview":"max-image-preview:large","max-video-preview":"max-video-preview:-1"},"canonical":"https:\/\/artshotel.com.tr\/harbiye\/kariyer\/","og_locale":"tr_TR","og_type":"article","og_title":"Kariyer - Arts Hotel Harbiye","og_description":"Arts Hotel Harbiye Kariyer Y\u00fckleyece\u011finiz PDF dosyas\u0131n\u0131n 2 MB&#8217;\u0131 a\u015fmamas\u0131 gerekmektedir. G\u00f6nder","og_url":"https:\/\/artshotel.com.tr\/harbiye\/kariyer\/","og_site_name":"Arts Hotel Harbiye","article_publisher":"https:\/\/www.facebook.com\/artshotelharbiye","article_modified_time":"2023-07-10T07:42:02+00:00","og_image":[{"url":"https:\/\/artshotel.com.tr\/harbiye\/wp-content\/uploads\/2023\/07\/kariyer-gorsel.jpg","type":"","width":"","height":""}],"twitter_card":"summary_large_image","schema":{"@context":"https:\/\/schema.org","@graph":[{"@type":"WebPage","@id":"https:\/\/artshotel.com.tr\/harbiye\/kariyer\/","url":"https:\/\/artshotel.com.tr\/harbiye\/kariyer\/","name":"Kariyer - Arts Hotel Harbiye","isPartOf":{"@id":"https:\/\/artshotel.com.tr\/harbiye\/#website"},"primaryImageOfPage":{"@id":"https:\/\/artshotel.com.tr\/harbiye\/kariyer\/#primaryimage"},"image":{"@id":"https:\/\/artshotel.com.tr\/harbiye\/kariyer\/#primaryimage"},"thumbnailUrl":"https:\/\/artshotel.com.tr\/harbiye\/wp-content\/uploads\/2023\/07\/kariyer-gorsel.jpg","datePublished":"2023-06-02T10:14:55+00:00","dateModified":"2023-07-10T07:42:02+00:00","breadcrumb":{"@id":"https:\/\/artshotel.com.tr\/harbiye\/kariyer\/#breadcrumb"},"inLanguage":"tr","potentialAction":[{"@type":"ReadAction","target":["https:\/\/artshotel.com.tr\/harbiye\/kariyer\/"]}]},{"@type":"ImageObject","inLanguage":"tr","@id":"https:\/\/artshotel.com.tr\/harbiye\/kariyer\/#primaryimage","url":"https:\/\/artshotel.com.tr\/harbiye\/wp-content\/uploads\/2023\/07\/kariyer-gorsel.jpg","contentUrl":"https:\/\/artshotel.com.tr\/harbiye\/wp-content\/uploads\/2023\/07\/kariyer-gorsel.jpg"},{"@type":"BreadcrumbList","@id":"https:\/\/artshotel.com.tr\/harbiye\/kariyer\/#breadcrumb","itemListElement":[{"@type":"ListItem","position":1,"name":"Anasayfa","item":"https:\/\/artshotel.com.tr\/harbiye\/"},{"@type":"ListItem","position":2,"name":"Kariyer"}]},{"@type":"WebSite","@id":"https:\/\/artshotel.com.tr\/harbiye\/#website","url":"https:\/\/artshotel.com.tr\/harbiye\/","name":"Arts Hotel Harbiye","description":"","publisher":{"@id":"https:\/\/artshotel.com.tr\/harbiye\/#organization"},"potentialAction":[{"@type":"SearchAction","target":{"@type":"EntryPoint","urlTemplate":"https:\/\/artshotel.com.tr\/harbiye\/?s={search_term_string}"},"query-input":{"@type":"PropertyValueSpecification","valueRequired":true,"valueName":"search_term_string"}}],"inLanguage":"tr"},{"@type":"Organization","@id":"https:\/\/artshotel.com.tr\/harbiye\/#organization","name":"Arts Hotel Harbiye","url":"https:\/\/artshotel.com.tr\/harbiye\/","logo":{"@type":"ImageObject","inLanguage":"tr","@id":"https:\/\/artshotel.com.tr\/harbiye\/#\/schema\/logo\/image\/","url":"https:\/\/artshotel.com.tr\/harbiye\/wp-content\/uploads\/2023\/06\/arts-logo.png","contentUrl":"https:\/\/artshotel.com.tr\/harbiye\/wp-content\/uploads\/2023\/06\/arts-logo.png","width":500,"height":289,"caption":"Arts Hotel Harbiye"},"image":{"@id":"https:\/\/artshotel.com.tr\/harbiye\/#\/schema\/logo\/image\/"},"sameAs":["https:\/\/www.facebook.com\/artshotelharbiye","https:\/\/www.instagram.com\/artshotel_\/"]}]}},"_links":{"self":[{"href":"https:\/\/artshotel.com.tr\/harbiye\/tr\/wp-json\/wp\/v2\/pages\/13339","targetHints":{"allow":["GET"]}}],"collection":[{"href":"https:\/\/artshotel.com.tr\/harbiye\/tr\/wp-json\/wp\/v2\/pages"}],"about":[{"href":"https:\/\/artshotel.com.tr\/harbiye\/tr\/wp-json\/wp\/v2\/types\/page"}],"author":[{"embeddable":true,"href":"https:\/\/artshotel.com.tr\/harbiye\/tr\/wp-json\/wp\/v2\/users\/2"}],"replies":[{"embeddable":true,"href":"https:\/\/artshotel.com.tr\/harbiye\/tr\/wp-json\/wp\/v2\/comments?post=13339"}],"version-history":[{"count":33,"href":"https:\/\/artshotel.com.tr\/harbiye\/tr\/wp-json\/wp\/v2\/pages\/13339\/revisions"}],"predecessor-version":[{"id":14828,"href":"https:\/\/artshotel.com.tr\/harbiye\/tr\/wp-json\/wp\/v2\/pages\/13339\/revisions\/14828"}],"wp:attachment":[{"href":"https:\/\/artshotel.com.tr\/harbiye\/tr\/wp-json\/wp\/v2\/media?parent=13339"}],"curies":[{"name":"wp","href":"https:\/\/api.w.org\/{rel}","templated":true}]}}